{"id":17568,"date":"2025-07-16T10:19:47","date_gmt":"2025-07-16T08:19:47","guid":{"rendered":"https:\/\/uj.adatbank.ro\/lexikon\/termek\/pap-sandor-lukafalvi-sandorfalvi\/"},"modified":"2025-07-16T10:19:47","modified_gmt":"2025-07-16T08:19:47","slug":"pap-sandor-lukafalvi-sandorfalvi","status":"publish","type":"product","link":"https:\/\/uj.adatbank.ro\/lexikon\/termek\/pap-sandor-lukafalvi-sandorfalvi\/","title":{"rendered":"PAP S\u00e1ndor, lukafalvi, s\u00e1ndorfalvi"},"content":{"rendered":"<p>1804.?, \u2020 Mv., 1877. okt. 8.: \u00fcgyv\u00e9d. \u2013 Feles\u00e9ge: kib\u00e9di P\u00e9terfi \/ P\u00e9terfy K\u00e1rolina (1828.? \u2013 Mv., 1907. jan.16.). Gyermekeik: dr. P. Istv\u00e1n, kir. it\u00e9l\u0151t\u00e1blai b\u00edr\u00f3, feles\u00e9ge k\u00e9r\u0151i Kathonay Gizella; P. Endre; P. Ilona ref. esperes Csekme Ferencn\u00e9. <br \/><strong>Irod.:<\/strong> Csekme; Gy\u00e1szjelent\u0151; P\u00e1lmay J\u00f3zsef<\/br><\/p>\n","protected":false},"excerpt":{"rendered":"<p>1804.?, \u2020 Mv., 1877. okt. 8.: \u00fcgyv\u00e9d. \u2013 Feles\u00e9ge: kib\u00e9di P\u00e9terfi \/ P\u00e9terfy K\u00e1rolina (1828.? \u2013 Mv., 1907. jan.16.). Gyermekeik: dr. P. Istv\u00e1n, kir. it\u00e9l\u0151t\u00e1blai b\u00edr\u00f3, feles\u00e9ge k\u00e9r\u0151i Kathonay Gizella; P. Endre; P. Ilona ref. esperes Csekme Ferencn\u00e9. Irod.: Csekme; Gy\u00e1szjelent\u0151; P\u00e1lmay J\u00f3zsef<\/p>\n","protected":false},"featured_media":0,"comment_status":"open","ping_status":"closed","template":"","meta":[],"product_brand":[],"product_cat":[137],"product_tag":[],"class_list":{"0":"post-17568","1":"product","2":"type-product","3":"status-publish","5":"product_cat-maros-megyei-eletrajzi-lexikon","7":"first","8":"instock","9":"shipping-taxable","10":"product-type-simple"},"_links":{"self":[{"href":"https:\/\/uj.adatbank.ro\/lexikon\/wp-json\/wp\/v2\/product\/17568","targetHints":{"allow":["GET"]}}],"collection":[{"href":"https:\/\/uj.adatbank.ro\/lexikon\/wp-json\/wp\/v2\/product"}],"about":[{"href":"https:\/\/uj.adatbank.ro\/lexikon\/wp-json\/wp\/v2\/types\/product"}],"replies":[{"embeddable":true,"href":"https:\/\/uj.adatbank.ro\/lexikon\/wp-json\/wp\/v2\/comments?post=17568"}],"wp:attachment":[{"href":"https:\/\/uj.adatbank.ro\/lexikon\/wp-json\/wp\/v2\/media?parent=17568"}],"wp:term":[{"taxonomy":"product_brand","embeddable":true,"href":"https:\/\/uj.adatbank.ro\/lexikon\/wp-json\/wp\/v2\/product_brand?post=17568"},{"taxonomy":"product_cat","embeddable":true,"href":"https:\/\/uj.adatbank.ro\/lexikon\/wp-json\/wp\/v2\/product_cat?post=17568"},{"taxonomy":"product_tag","embeddable":true,"href":"https:\/\/uj.adatbank.ro\/lexikon\/wp-json\/wp\/v2\/product_tag?post=17568"}],"curies":[{"name":"wp","href":"https:\/\/api.w.org\/{rel}","templated":true}]}}