{"id":17571,"date":"2025-07-16T10:19:54","date_gmt":"2025-07-16T08:19:54","guid":{"rendered":"https:\/\/uj.adatbank.ro\/lexikon\/termek\/pap-zoltan\/"},"modified":"2025-07-16T10:19:54","modified_gmt":"2025-07-16T08:19:54","slug":"pap-zoltan","status":"publish","type":"product","link":"https:\/\/uj.adatbank.ro\/lexikon\/termek\/pap-zoltan\/","title":{"rendered":"PAP Zolt\u00e1n"},"content":{"rendered":"<p>Gid\u00f3falva, 1928. szept. 28., \u2020\u00a0Mv., 2016: orvos, egyetemi tan\u00e1r. \u2013 Feles\u00e9ge:J\u00falia, gy\u00f3gyszer\u00e9sz. Fi\u00fak. Zolt\u00e1n J\u00f3zsef (1958) orvos. \u2013 K\u00f6z\u00e9piskol\u00e1it Sepsiszentgy\u00f6rgy\u00f6n kezdte majd Zilahon folytatta, ahol \u00e9retts\u00e9gizett (1947). A MOGYI Gyermekgy\u00f3gy\u00e1szati Kar\u00e1n szerzett orvosi diplom\u00e1t (1953. Erd\u0151szentgy\u00f6rgy\u00f6n dolgozott , imt k\u00f6rzeti gyermekgy\u00f3gy\u00e1sz szakorvos, majd rajoni gyermekgy\u00f3gy\u00e1sz Mv.-en (1955\u2013), a Gyermekklinika alorvosa, tan\u00e1rseg\u00e9d, adjunktus (1972), el\u0151ad\u00f3tan\u00e1r (1982), professzor (1990), a 2. sz. Gyermekklinika vezet\u0151je (1982\u2013). A dokto\u00e1lt (1971). Az EME Orvostudom\u00e1nyi szakoszt\u00e1ly\u00e1nak tagja, eln\u00f6ke (1994\u201398) szerkesztette az Orvostudom\u00e1nyi \u00c9rtes\u00edt\u0151t. Szakk\u00f6zlem\u00e9nyei az Orvosi Szemle, Orvostudom\u00e1nyi \u00c9rtes\u00edt\u0151, Infomed, Pediatrie, a bp.-i Gyermekgy\u00f3gy\u00e1szat, a berlini Hals-Nase-Ohr c. foly\u00f3iratokban jelentek meg. Ismeretterjeszt\u0151 cikkeit a Brass\u00f3i Lapok \u00e9s A H\u00e9t k\u00f6z\u00f6lte. T\u00f6bb nemzetk\u00f6zi tudom\u00e1nyos t\u00e1rsas\u00e1g tagja, az EME Orvostudom\u00e1nyi Szakoszt\u00e1ly\u00e1nak eln\u00f6ke (1994\u2013). F\u0151 kutat\u00e1si ter\u00fcletei: a kisgyermekkori t\u00e1pl\u00e1lkoz\u00e1si rendelleness\u00e9gek (a sik\u00e9r\u00e9rz\u00e9kenys\u00e9g, k\u00f6t\u0151sz\u00f6veti \u00e1rtalmak), vesebetegs\u00e9gek. Csecsem\u0151t\u00e1pszereit (Gluvilact 0, I. \u00e9s II.) iparilag forgalmazt\u00e1k, ezek feltal\u00e1l\u00e1s\u00e1\u00e9rt elismer\u0151 oklevelet kapott (1978). Mv. d\u00edszpolg\u00e1ra (1998), \u00e9rdemoklev\u00e9l (1998).A Nemzetk\u00f6zi Mukoviszcidozis T\u00e9rs, a Nemzetk\u00f6zi Nefrol\u00f3giai T\u00e1rs, a Rom.gyermekgy\u00f3gy\u00e1sz T\u00e1rs.tagja; a Magy. Gyermekgy\u00f3gy\u00e1sz T\u00e1rs.tiszteletbeli tagja; az MTA k\u00f6ztest\u00fcleti tagja, az EME orvostud.szakoszt\u00e1ly\u00e1nak eln\u00f6ke (1994\u201398).Professor Emeritus (2005). A P\u00e1pai P\u00e1riz Ferenc Alap\u00edtv\u00e1ny D\u00edjazottja (2009). \u2013 <strong>F. m.:<\/strong> Biofizika, teratologia, etologia (Bp., 1979); Gyermekgy\u00f3gy\u00e1szati poliklinika (Mv., 1981); Kismam\u00e1k tudnival\u00f3i (Kv., 1983); Puericultura (Tg.M., 1990); Csecsem\u0151 \u00e9s gyermekgondoz\u00e1s: Hasznos tan\u00e1csok sz\u00fcl\u0151knek \u00e9s nevel\u0151knek (Mv., 1998, 2002, 2004); \u00cengrijirea sugarului \u0219i a copilulu (2006).<strong>t\u00e1rssz.:<\/strong> Gyermekgy\u00f3gy\u00e1szat (Mv., 1980, 1989, 1997); <strong>szerk.:<\/strong> Curs de pediatrie (Tg.M., 1989\u201393); Gyermekgy\u00f3gy\u00e1szat: Egyetemi jegyzet (Mv., 1989); Tizenk\u00e9t \u00e9v (Kv., 2002). <br \/><strong>Irod.:<\/strong> EMKK 2010; Genersich; Horv\u00e1th Adriane: Prof. Dr.Pap Zolt\u00e1n, PhD = D\u00edjazottaink; K\u00fclf\u00f6ldi; Magy.kutat\u00f3k; Magy.prof.; P\u00e9ter; RMIL4; RMKK; Todea\u2013F\u00fcl\u00f6p\u2013Avram<\/br><\/p>\n","protected":false},"excerpt":{"rendered":"<p>Gid\u00f3falva, 1928. szept. 28., \u2020\u00a0Mv., 2016: orvos, egyetemi tan\u00e1r. \u2013 Feles\u00e9ge:J\u00falia, gy\u00f3gyszer\u00e9sz. Fi\u00fak. Zolt\u00e1n J\u00f3zsef (1958) orvos. \u2013 K\u00f6z\u00e9piskol\u00e1it Sepsiszentgy\u00f6rgy\u00f6n kezdte majd Zilahon folytatta, ahol \u00e9retts\u00e9gizett (1947). A MOGYI Gyermekgy\u00f3gy\u00e1szati Kar\u00e1n szerzett orvosi diplom\u00e1t (1953. Erd\u0151szentgy\u00f6rgy\u00f6n dolgozott , imt k\u00f6rzeti gyermekgy\u00f3gy\u00e1sz szakorvos, majd rajoni gyermekgy\u00f3gy\u00e1sz Mv.-en (1955\u2013), a Gyermekklinika alorvosa, tan\u00e1rseg\u00e9d, adjunktus (1972), el\u0151ad\u00f3tan\u00e1r (1982), [&hellip;]<\/p>\n","protected":false},"featured_media":0,"comment_status":"open","ping_status":"closed","template":"","meta":[],"product_brand":[],"product_cat":[137],"product_tag":[],"class_list":{"0":"post-17571","1":"product","2":"type-product","3":"status-publish","5":"product_cat-maros-megyei-eletrajzi-lexikon","7":"first","8":"instock","9":"shipping-taxable","10":"product-type-simple"},"_links":{"self":[{"href":"https:\/\/uj.adatbank.ro\/lexikon\/wp-json\/wp\/v2\/product\/17571","targetHints":{"allow":["GET"]}}],"collection":[{"href":"https:\/\/uj.adatbank.ro\/lexikon\/wp-json\/wp\/v2\/product"}],"about":[{"href":"https:\/\/uj.adatbank.ro\/lexikon\/wp-json\/wp\/v2\/types\/product"}],"replies":[{"embeddable":true,"href":"https:\/\/uj.adatbank.ro\/lexikon\/wp-json\/wp\/v2\/comments?post=17571"}],"wp:attachment":[{"href":"https:\/\/uj.adatbank.ro\/lexikon\/wp-json\/wp\/v2\/media?parent=17571"}],"wp:term":[{"taxonomy":"product_brand","embeddable":true,"href":"https:\/\/uj.adatbank.ro\/lexikon\/wp-json\/wp\/v2\/product_brand?post=17571"},{"taxonomy":"product_cat","embeddable":true,"href":"https:\/\/uj.adatbank.ro\/lexikon\/wp-json\/wp\/v2\/product_cat?post=17571"},{"taxonomy":"product_tag","embeddable":true,"href":"https:\/\/uj.adatbank.ro\/lexikon\/wp-json\/wp\/v2\/product_tag?post=17571"}],"curies":[{"name":"wp","href":"https:\/\/api.w.org\/{rel}","templated":true}]}}