{"id":17574,"date":"2025-07-16T10:19:59","date_gmt":"2025-07-16T08:19:59","guid":{"rendered":"https:\/\/uj.adatbank.ro\/lexikon\/termek\/pap-zsigmond-3\/"},"modified":"2025-07-16T10:19:59","modified_gmt":"2025-07-16T08:19:59","slug":"pap-zsigmond-3","status":"publish","type":"product","link":"https:\/\/uj.adatbank.ro\/lexikon\/termek\/pap-zsigmond-3\/","title":{"rendered":"PAP Zsigmond"},"content":{"rendered":"<p>? \u2020 1910.: ?. \u2013 Feles\u00e9ge: Nagy Irma (1873.? \u2013 Mv., 1942. nov. 19.). Gyermekeik: dr. P. Zsigmond; P. Irma vit\u00e9z B\u00fckk\u00f6si Gy\u00f6rgyn\u00e9; P. Imre, feles\u00e9ge Veress Bella. <br \/><strong>Irod.:<\/strong> Gy\u00e1szjelent\u0151<\/br><\/p>\n","protected":false},"excerpt":{"rendered":"<p>? \u2020 1910.: ?. \u2013 Feles\u00e9ge: Nagy Irma (1873.? \u2013 Mv., 1942. nov. 19.). Gyermekeik: dr. P. Zsigmond; P. Irma vit\u00e9z B\u00fckk\u00f6si Gy\u00f6rgyn\u00e9; P. Imre, feles\u00e9ge Veress Bella. Irod.: Gy\u00e1szjelent\u0151<\/p>\n","protected":false},"featured_media":0,"comment_status":"open","ping_status":"closed","template":"","meta":[],"product_brand":[],"product_cat":[137],"product_tag":[],"class_list":{"0":"post-17574","1":"product","2":"type-product","3":"status-publish","5":"product_cat-maros-megyei-eletrajzi-lexikon","7":"first","8":"instock","9":"shipping-taxable","10":"product-type-simple"},"_links":{"self":[{"href":"https:\/\/uj.adatbank.ro\/lexikon\/wp-json\/wp\/v2\/product\/17574","targetHints":{"allow":["GET"]}}],"collection":[{"href":"https:\/\/uj.adatbank.ro\/lexikon\/wp-json\/wp\/v2\/product"}],"about":[{"href":"https:\/\/uj.adatbank.ro\/lexikon\/wp-json\/wp\/v2\/types\/product"}],"replies":[{"embeddable":true,"href":"https:\/\/uj.adatbank.ro\/lexikon\/wp-json\/wp\/v2\/comments?post=17574"}],"wp:attachment":[{"href":"https:\/\/uj.adatbank.ro\/lexikon\/wp-json\/wp\/v2\/media?parent=17574"}],"wp:term":[{"taxonomy":"product_brand","embeddable":true,"href":"https:\/\/uj.adatbank.ro\/lexikon\/wp-json\/wp\/v2\/product_brand?post=17574"},{"taxonomy":"product_cat","embeddable":true,"href":"https:\/\/uj.adatbank.ro\/lexikon\/wp-json\/wp\/v2\/product_cat?post=17574"},{"taxonomy":"product_tag","embeddable":true,"href":"https:\/\/uj.adatbank.ro\/lexikon\/wp-json\/wp\/v2\/product_tag?post=17574"}],"curies":[{"name":"wp","href":"https:\/\/api.w.org\/{rel}","templated":true}]}}