{"id":17579,"date":"2025-07-16T10:20:12","date_gmt":"2025-07-16T08:20:12","guid":{"rendered":"https:\/\/uj.adatbank.ro\/lexikon\/termek\/papai-istvan\/"},"modified":"2025-07-16T10:20:12","modified_gmt":"2025-07-16T08:20:12","slug":"papai-istvan","status":"publish","type":"product","link":"https:\/\/uj.adatbank.ro\/lexikon\/termek\/papai-istvan\/","title":{"rendered":"P\u00c1PAI Istv\u00e1n"},"content":{"rendered":"<p>? \u2020\u00a0?: ref. lelk\u00e9sz. \u2013 Mez\u0151s\u00e1msondon szolg\u00e1lt (1777\u20131800). \u2013 <strong>F. m.:<\/strong>\u00a0Halotti besz\u00e9d homor\u00f3dszentp\u00e1li Szentp\u00e1li \u00c1gnes, magyargyer\u0151monostori br. Kem\u00e9ny J\u00e1nosn\u00e9 felett 1802. (Kv., 1803). <br \/><strong>Irod.:<\/strong> Halotti besz\u00e9dek; Maross\u00e1rpatak<\/br><\/p>\n","protected":false},"excerpt":{"rendered":"<p>? \u2020\u00a0?: ref. lelk\u00e9sz. \u2013 Mez\u0151s\u00e1msondon szolg\u00e1lt (1777\u20131800). \u2013 F. m.:\u00a0Halotti besz\u00e9d homor\u00f3dszentp\u00e1li Szentp\u00e1li \u00c1gnes, magyargyer\u0151monostori br. Kem\u00e9ny J\u00e1nosn\u00e9 felett 1802. (Kv., 1803). Irod.: Halotti besz\u00e9dek; Maross\u00e1rpatak<\/p>\n","protected":false},"featured_media":0,"comment_status":"open","ping_status":"closed","template":"","meta":[],"product_brand":[],"product_cat":[137],"product_tag":[],"class_list":{"0":"post-17579","1":"product","2":"type-product","3":"status-publish","5":"product_cat-maros-megyei-eletrajzi-lexikon","7":"first","8":"instock","9":"shipping-taxable","10":"product-type-simple"},"_links":{"self":[{"href":"https:\/\/uj.adatbank.ro\/lexikon\/wp-json\/wp\/v2\/product\/17579","targetHints":{"allow":["GET"]}}],"collection":[{"href":"https:\/\/uj.adatbank.ro\/lexikon\/wp-json\/wp\/v2\/product"}],"about":[{"href":"https:\/\/uj.adatbank.ro\/lexikon\/wp-json\/wp\/v2\/types\/product"}],"replies":[{"embeddable":true,"href":"https:\/\/uj.adatbank.ro\/lexikon\/wp-json\/wp\/v2\/comments?post=17579"}],"wp:attachment":[{"href":"https:\/\/uj.adatbank.ro\/lexikon\/wp-json\/wp\/v2\/media?parent=17579"}],"wp:term":[{"taxonomy":"product_brand","embeddable":true,"href":"https:\/\/uj.adatbank.ro\/lexikon\/wp-json\/wp\/v2\/product_brand?post=17579"},{"taxonomy":"product_cat","embeddable":true,"href":"https:\/\/uj.adatbank.ro\/lexikon\/wp-json\/wp\/v2\/product_cat?post=17579"},{"taxonomy":"product_tag","embeddable":true,"href":"https:\/\/uj.adatbank.ro\/lexikon\/wp-json\/wp\/v2\/product_tag?post=17579"}],"curies":[{"name":"wp","href":"https:\/\/api.w.org\/{rel}","templated":true}]}}