{"id":17582,"date":"2025-07-16T10:20:20","date_gmt":"2025-07-16T08:20:20","guid":{"rendered":"https:\/\/uj.adatbank.ro\/lexikon\/termek\/papai-odon-zoltan\/"},"modified":"2025-07-16T10:20:20","modified_gmt":"2025-07-16T08:20:20","slug":"papai-odon-zoltan","status":"publish","type":"product","link":"https:\/\/uj.adatbank.ro\/lexikon\/termek\/papai-odon-zoltan\/","title":{"rendered":"P\u00c1PAI \u00d6d\u00f6n Zolt\u00e1n"},"content":{"rendered":"<p>1874. jan. 24. \u2020 Mv., 1961. aug. 7.: \u00e1llom\u00e1sf\u0151n\u00f6k. \u2013 M\u00c1V \u00e1llom\u00e1sf\u0151n\u00f6k Egeresen, vas\u00fati tisztvisel\u0151, a Mv.-i Kaszin\u00f3 tagja. <br \/><strong>Irod.:<\/strong> Barab\u00e1ssy csal\u00e1di inf.<\/br><\/p>\n","protected":false},"excerpt":{"rendered":"<p>1874. jan. 24. \u2020 Mv., 1961. aug. 7.: \u00e1llom\u00e1sf\u0151n\u00f6k. \u2013 M\u00c1V \u00e1llom\u00e1sf\u0151n\u00f6k Egeresen, vas\u00fati tisztvisel\u0151, a Mv.-i Kaszin\u00f3 tagja. Irod.: Barab\u00e1ssy csal\u00e1di inf.<\/p>\n","protected":false},"featured_media":0,"comment_status":"open","ping_status":"closed","template":"","meta":[],"product_brand":[],"product_cat":[137],"product_tag":[],"class_list":{"0":"post-17582","1":"product","2":"type-product","3":"status-publish","5":"product_cat-maros-megyei-eletrajzi-lexikon","7":"first","8":"instock","9":"shipping-taxable","10":"product-type-simple"},"_links":{"self":[{"href":"https:\/\/uj.adatbank.ro\/lexikon\/wp-json\/wp\/v2\/product\/17582","targetHints":{"allow":["GET"]}}],"collection":[{"href":"https:\/\/uj.adatbank.ro\/lexikon\/wp-json\/wp\/v2\/product"}],"about":[{"href":"https:\/\/uj.adatbank.ro\/lexikon\/wp-json\/wp\/v2\/types\/product"}],"replies":[{"embeddable":true,"href":"https:\/\/uj.adatbank.ro\/lexikon\/wp-json\/wp\/v2\/comments?post=17582"}],"wp:attachment":[{"href":"https:\/\/uj.adatbank.ro\/lexikon\/wp-json\/wp\/v2\/media?parent=17582"}],"wp:term":[{"taxonomy":"product_brand","embeddable":true,"href":"https:\/\/uj.adatbank.ro\/lexikon\/wp-json\/wp\/v2\/product_brand?post=17582"},{"taxonomy":"product_cat","embeddable":true,"href":"https:\/\/uj.adatbank.ro\/lexikon\/wp-json\/wp\/v2\/product_cat?post=17582"},{"taxonomy":"product_tag","embeddable":true,"href":"https:\/\/uj.adatbank.ro\/lexikon\/wp-json\/wp\/v2\/product_tag?post=17582"}],"curies":[{"name":"wp","href":"https:\/\/api.w.org\/{rel}","templated":true}]}}