{"id":17585,"date":"2025-07-16T10:20:26","date_gmt":"2025-07-16T08:20:26","guid":{"rendered":"https:\/\/uj.adatbank.ro\/lexikon\/termek\/papay\/"},"modified":"2025-07-16T10:20:26","modified_gmt":"2025-07-16T08:20:26","slug":"papay","status":"publish","type":"product","link":"https:\/\/uj.adatbank.ro\/lexikon\/termek\/papay\/","title":{"rendered":"P\u00c1PAY"},"content":{"rendered":"<p>Cs\u00e1v\u00e1si csal\u00e1d: Marossz\u00e9ki sz\u00e9kely csal\u00e1d. Mikl\u00f3s marossz\u00e9ki dull\u00f3-biztos (1815. k\u00f6r\u0171l.).<br \/><strong>Irod.:<\/strong> Nagy Iv\u00e1n<\/br><\/p>\n","protected":false},"excerpt":{"rendered":"<p>Cs\u00e1v\u00e1si csal\u00e1d: Marossz\u00e9ki sz\u00e9kely csal\u00e1d. Mikl\u00f3s marossz\u00e9ki dull\u00f3-biztos (1815. k\u00f6r\u0171l.).Irod.: Nagy Iv\u00e1n<\/p>\n","protected":false},"featured_media":0,"comment_status":"open","ping_status":"closed","template":"","meta":[],"product_brand":[],"product_cat":[137],"product_tag":[],"class_list":{"0":"post-17585","1":"product","2":"type-product","3":"status-publish","5":"product_cat-maros-megyei-eletrajzi-lexikon","7":"first","8":"instock","9":"shipping-taxable","10":"product-type-simple"},"_links":{"self":[{"href":"https:\/\/uj.adatbank.ro\/lexikon\/wp-json\/wp\/v2\/product\/17585","targetHints":{"allow":["GET"]}}],"collection":[{"href":"https:\/\/uj.adatbank.ro\/lexikon\/wp-json\/wp\/v2\/product"}],"about":[{"href":"https:\/\/uj.adatbank.ro\/lexikon\/wp-json\/wp\/v2\/types\/product"}],"replies":[{"embeddable":true,"href":"https:\/\/uj.adatbank.ro\/lexikon\/wp-json\/wp\/v2\/comments?post=17585"}],"wp:attachment":[{"href":"https:\/\/uj.adatbank.ro\/lexikon\/wp-json\/wp\/v2\/media?parent=17585"}],"wp:term":[{"taxonomy":"product_brand","embeddable":true,"href":"https:\/\/uj.adatbank.ro\/lexikon\/wp-json\/wp\/v2\/product_brand?post=17585"},{"taxonomy":"product_cat","embeddable":true,"href":"https:\/\/uj.adatbank.ro\/lexikon\/wp-json\/wp\/v2\/product_cat?post=17585"},{"taxonomy":"product_tag","embeddable":true,"href":"https:\/\/uj.adatbank.ro\/lexikon\/wp-json\/wp\/v2\/product_tag?post=17585"}],"curies":[{"name":"wp","href":"https:\/\/api.w.org\/{rel}","templated":true}]}}