{"id":17586,"date":"2025-07-16T10:20:28","date_gmt":"2025-07-16T08:20:28","guid":{"rendered":"https:\/\/uj.adatbank.ro\/lexikon\/termek\/papay-adalbert\/"},"modified":"2025-07-16T10:20:28","modified_gmt":"2025-07-16T08:20:28","slug":"papay-adalbert","status":"publish","type":"product","link":"https:\/\/uj.adatbank.ro\/lexikon\/termek\/papay-adalbert\/","title":{"rendered":"P\u00c1PAY Adalbert"},"content":{"rendered":"<p>1919.? \u2020\u00a0?: titk\u00e1r. \u2013 Apja kul\u00e1k, 8 ha f\u00f6ldje volt \u00e9s k\u00e9t cs\u00e9pl\u0151g\u00e9pe. \u2013 A mv.-i Rajoni N\u00e9ptan\u00e1cs titk\u00e1ra (1950\u201351?). A M. P\u00e1rt tagja, tev\u00e9kenys\u00e9ge sovinista \u00e9s erk\u00f6lcstelen. <br \/><strong>Irod.:<\/strong> Bartos 2012<\/br><\/p>\n","protected":false},"excerpt":{"rendered":"<p>1919.? \u2020\u00a0?: titk\u00e1r. \u2013 Apja kul\u00e1k, 8 ha f\u00f6ldje volt \u00e9s k\u00e9t cs\u00e9pl\u0151g\u00e9pe. \u2013 A mv.-i Rajoni N\u00e9ptan\u00e1cs titk\u00e1ra (1950\u201351?). A M. P\u00e1rt tagja, tev\u00e9kenys\u00e9ge sovinista \u00e9s erk\u00f6lcstelen. Irod.: Bartos 2012<\/p>\n","protected":false},"featured_media":0,"comment_status":"open","ping_status":"closed","template":"","meta":[],"product_brand":[],"product_cat":[137],"product_tag":[],"class_list":{"0":"post-17586","1":"product","2":"type-product","3":"status-publish","5":"product_cat-maros-megyei-eletrajzi-lexikon","7":"first","8":"instock","9":"shipping-taxable","10":"product-type-simple"},"_links":{"self":[{"href":"https:\/\/uj.adatbank.ro\/lexikon\/wp-json\/wp\/v2\/product\/17586","targetHints":{"allow":["GET"]}}],"collection":[{"href":"https:\/\/uj.adatbank.ro\/lexikon\/wp-json\/wp\/v2\/product"}],"about":[{"href":"https:\/\/uj.adatbank.ro\/lexikon\/wp-json\/wp\/v2\/types\/product"}],"replies":[{"embeddable":true,"href":"https:\/\/uj.adatbank.ro\/lexikon\/wp-json\/wp\/v2\/comments?post=17586"}],"wp:attachment":[{"href":"https:\/\/uj.adatbank.ro\/lexikon\/wp-json\/wp\/v2\/media?parent=17586"}],"wp:term":[{"taxonomy":"product_brand","embeddable":true,"href":"https:\/\/uj.adatbank.ro\/lexikon\/wp-json\/wp\/v2\/product_brand?post=17586"},{"taxonomy":"product_cat","embeddable":true,"href":"https:\/\/uj.adatbank.ro\/lexikon\/wp-json\/wp\/v2\/product_cat?post=17586"},{"taxonomy":"product_tag","embeddable":true,"href":"https:\/\/uj.adatbank.ro\/lexikon\/wp-json\/wp\/v2\/product_tag?post=17586"}],"curies":[{"name":"wp","href":"https:\/\/api.w.org\/{rel}","templated":true}]}}