{"id":17587,"date":"2025-07-16T10:20:30","date_gmt":"2025-07-16T08:20:30","guid":{"rendered":"https:\/\/uj.adatbank.ro\/lexikon\/termek\/papay-istvan\/"},"modified":"2025-07-16T10:20:30","modified_gmt":"2025-07-16T08:20:30","slug":"papay-istvan","status":"publish","type":"product","link":"https:\/\/uj.adatbank.ro\/lexikon\/termek\/papay-istvan\/","title":{"rendered":"P\u00c1PAY Istv\u00e1n"},"content":{"rendered":"<p>? \u2020\u00a0?: igazgat\u00f3. \u2013 A sz\u00e1szr\u00e9gni Foresta Rom\u00e2n\u0103 (l\u00e9tes\u00fclt 1922) fafeldolgoz\u00f3 v\u00e1llalat igazgat\u00f3ja. Az els\u0151 r\u00e9geni gy\u00e1r volt, amely a g\u00e9pmeghajt\u00e1shoz villany\u00e1ramot haszn\u00e1lt. 608 alkalmazottal dolgozott (1925). <br \/><strong>Irod.:<\/strong> Reghin \u2013 Av\u00e2ntul<\/br><\/p>\n","protected":false},"excerpt":{"rendered":"<p>? \u2020\u00a0?: igazgat\u00f3. \u2013 A sz\u00e1szr\u00e9gni Foresta Rom\u00e2n\u0103 (l\u00e9tes\u00fclt 1922) fafeldolgoz\u00f3 v\u00e1llalat igazgat\u00f3ja. Az els\u0151 r\u00e9geni gy\u00e1r volt, amely a g\u00e9pmeghajt\u00e1shoz villany\u00e1ramot haszn\u00e1lt. 608 alkalmazottal dolgozott (1925). Irod.: Reghin \u2013 Av\u00e2ntul<\/p>\n","protected":false},"featured_media":0,"comment_status":"open","ping_status":"closed","template":"","meta":[],"product_brand":[],"product_cat":[137],"product_tag":[],"class_list":{"0":"post-17587","1":"product","2":"type-product","3":"status-publish","5":"product_cat-maros-megyei-eletrajzi-lexikon","7":"first","8":"instock","9":"shipping-taxable","10":"product-type-simple"},"_links":{"self":[{"href":"https:\/\/uj.adatbank.ro\/lexikon\/wp-json\/wp\/v2\/product\/17587","targetHints":{"allow":["GET"]}}],"collection":[{"href":"https:\/\/uj.adatbank.ro\/lexikon\/wp-json\/wp\/v2\/product"}],"about":[{"href":"https:\/\/uj.adatbank.ro\/lexikon\/wp-json\/wp\/v2\/types\/product"}],"replies":[{"embeddable":true,"href":"https:\/\/uj.adatbank.ro\/lexikon\/wp-json\/wp\/v2\/comments?post=17587"}],"wp:attachment":[{"href":"https:\/\/uj.adatbank.ro\/lexikon\/wp-json\/wp\/v2\/media?parent=17587"}],"wp:term":[{"taxonomy":"product_brand","embeddable":true,"href":"https:\/\/uj.adatbank.ro\/lexikon\/wp-json\/wp\/v2\/product_brand?post=17587"},{"taxonomy":"product_cat","embeddable":true,"href":"https:\/\/uj.adatbank.ro\/lexikon\/wp-json\/wp\/v2\/product_cat?post=17587"},{"taxonomy":"product_tag","embeddable":true,"href":"https:\/\/uj.adatbank.ro\/lexikon\/wp-json\/wp\/v2\/product_tag?post=17587"}],"curies":[{"name":"wp","href":"https:\/\/api.w.org\/{rel}","templated":true}]}}