{"id":1759,"date":"2025-06-28T11:52:12","date_gmt":"2025-06-28T09:52:12","guid":{"rendered":"https:\/\/uj.adatbank.ro\/lexikon\/termek\/alexandru-ioan\/"},"modified":"2025-06-28T11:52:12","modified_gmt":"2025-06-28T09:52:12","slug":"alexandru-ioan","status":"publish","type":"product","link":"https:\/\/uj.adatbank.ro\/lexikon\/termek\/alexandru-ioan\/","title":{"rendered":"ALEXANDRU Ioan"},"content":{"rendered":"<p>Marosszentgy\u00f6rgy, ? \u2020 ?: ort. pap. \u2013 Sz\u00fcl\u0151faluj\u00e1ban, majd Marosag\u00e1rdban (1923\u201339) tev\u00e9kenykedett. Szolg\u00e1lata idej\u00e9ben az Esperesi Tan\u00e1cs eg\u00e9sz Erd\u00e9lyben p\u00e9nzgy\u0171jt\u00e9st szervezett, hogy ort. templomot \u00e9p\u00edthessenek, \u00e1m ez nem val\u00f3sult meg, az \u00f6sszegy\u0171lt p\u00e9nzt m\u00e1s c\u00e9lokra ford\u00edtott\u00e1k (1923). M\u00e9g szolg\u00e1lt Mez\u0151szabadban (1941\u201349), ahol b\u0151v\u00edtette a papi lakot \u00e9s a hozz\u00e1tartoz\u00f3 gazdas\u00e1gi \u00e9p\u00fcleteket. <br \/><strong>Irod.:<\/strong> \u015eincan 2006<\/br><\/p>\n","protected":false},"excerpt":{"rendered":"<p>Marosszentgy\u00f6rgy, ? \u2020 ?: ort. pap. \u2013 Sz\u00fcl\u0151faluj\u00e1ban, majd Marosag\u00e1rdban (1923\u201339) tev\u00e9kenykedett. Szolg\u00e1lata idej\u00e9ben az Esperesi Tan\u00e1cs eg\u00e9sz Erd\u00e9lyben p\u00e9nzgy\u0171jt\u00e9st szervezett, hogy ort. templomot \u00e9p\u00edthessenek, \u00e1m ez nem val\u00f3sult meg, az \u00f6sszegy\u0171lt p\u00e9nzt m\u00e1s c\u00e9lokra ford\u00edtott\u00e1k (1923). M\u00e9g szolg\u00e1lt Mez\u0151szabadban (1941\u201349), ahol b\u0151v\u00edtette a papi lakot \u00e9s a hozz\u00e1tartoz\u00f3 gazdas\u00e1gi \u00e9p\u00fcleteket. Irod.: \u015eincan 2006<\/p>\n","protected":false},"featured_media":0,"comment_status":"open","ping_status":"closed","template":"","meta":[],"product_brand":[],"product_cat":[137],"product_tag":[],"class_list":{"0":"post-1759","1":"product","2":"type-product","3":"status-publish","5":"product_cat-maros-megyei-eletrajzi-lexikon","7":"first","8":"instock","9":"shipping-taxable","10":"product-type-simple"},"_links":{"self":[{"href":"https:\/\/uj.adatbank.ro\/lexikon\/wp-json\/wp\/v2\/product\/1759","targetHints":{"allow":["GET"]}}],"collection":[{"href":"https:\/\/uj.adatbank.ro\/lexikon\/wp-json\/wp\/v2\/product"}],"about":[{"href":"https:\/\/uj.adatbank.ro\/lexikon\/wp-json\/wp\/v2\/types\/product"}],"replies":[{"embeddable":true,"href":"https:\/\/uj.adatbank.ro\/lexikon\/wp-json\/wp\/v2\/comments?post=1759"}],"wp:attachment":[{"href":"https:\/\/uj.adatbank.ro\/lexikon\/wp-json\/wp\/v2\/media?parent=1759"}],"wp:term":[{"taxonomy":"product_brand","embeddable":true,"href":"https:\/\/uj.adatbank.ro\/lexikon\/wp-json\/wp\/v2\/product_brand?post=1759"},{"taxonomy":"product_cat","embeddable":true,"href":"https:\/\/uj.adatbank.ro\/lexikon\/wp-json\/wp\/v2\/product_cat?post=1759"},{"taxonomy":"product_tag","embeddable":true,"href":"https:\/\/uj.adatbank.ro\/lexikon\/wp-json\/wp\/v2\/product_tag?post=1759"}],"curies":[{"name":"wp","href":"https:\/\/api.w.org\/{rel}","templated":true}]}}