{"id":17591,"date":"2025-07-16T10:20:39","date_gmt":"2025-07-16T08:20:39","guid":{"rendered":"https:\/\/uj.adatbank.ro\/lexikon\/termek\/papay-terez-dr\/"},"modified":"2025-07-16T10:20:39","modified_gmt":"2025-07-16T08:20:39","slug":"papay-terez-dr","status":"publish","type":"product","link":"https:\/\/uj.adatbank.ro\/lexikon\/termek\/papay-terez-dr\/","title":{"rendered":"P\u00c1PAY Ter\u00e9z, dr."},"content":{"rendered":"<p>1918., \u2020 2008.: orvos. \u2013 F\u00e9rje. Bir\u00f3 Istv\u00e1n, a szov\u00e1tai f\u00fcrd\u0151telep igazgat\u00f3ja. \u2013 Szov\u00e1t\u00e1n balneol\u00f3gus. <br \/><strong>Irod.:<\/strong> Kiss Cs. M 4.<\/br><\/p>\n","protected":false},"excerpt":{"rendered":"<p>1918., \u2020 2008.: orvos. \u2013 F\u00e9rje. Bir\u00f3 Istv\u00e1n, a szov\u00e1tai f\u00fcrd\u0151telep igazgat\u00f3ja. \u2013 Szov\u00e1t\u00e1n balneol\u00f3gus. Irod.: Kiss Cs. M 4.<\/p>\n","protected":false},"featured_media":0,"comment_status":"open","ping_status":"closed","template":"","meta":[],"product_brand":[],"product_cat":[137],"product_tag":[],"class_list":{"0":"post-17591","1":"product","2":"type-product","3":"status-publish","5":"product_cat-maros-megyei-eletrajzi-lexikon","7":"first","8":"instock","9":"shipping-taxable","10":"product-type-simple"},"_links":{"self":[{"href":"https:\/\/uj.adatbank.ro\/lexikon\/wp-json\/wp\/v2\/product\/17591","targetHints":{"allow":["GET"]}}],"collection":[{"href":"https:\/\/uj.adatbank.ro\/lexikon\/wp-json\/wp\/v2\/product"}],"about":[{"href":"https:\/\/uj.adatbank.ro\/lexikon\/wp-json\/wp\/v2\/types\/product"}],"replies":[{"embeddable":true,"href":"https:\/\/uj.adatbank.ro\/lexikon\/wp-json\/wp\/v2\/comments?post=17591"}],"wp:attachment":[{"href":"https:\/\/uj.adatbank.ro\/lexikon\/wp-json\/wp\/v2\/media?parent=17591"}],"wp:term":[{"taxonomy":"product_brand","embeddable":true,"href":"https:\/\/uj.adatbank.ro\/lexikon\/wp-json\/wp\/v2\/product_brand?post=17591"},{"taxonomy":"product_cat","embeddable":true,"href":"https:\/\/uj.adatbank.ro\/lexikon\/wp-json\/wp\/v2\/product_cat?post=17591"},{"taxonomy":"product_tag","embeddable":true,"href":"https:\/\/uj.adatbank.ro\/lexikon\/wp-json\/wp\/v2\/product_tag?post=17591"}],"curies":[{"name":"wp","href":"https:\/\/api.w.org\/{rel}","templated":true}]}}