{"id":17592,"date":"2025-07-16T10:20:42","date_gmt":"2025-07-16T08:20:42","guid":{"rendered":"https:\/\/uj.adatbank.ro\/lexikon\/termek\/papfy-johann-dedoe\/"},"modified":"2025-07-16T10:20:42","modified_gmt":"2025-07-16T08:20:42","slug":"papfy-johann-dedoe","status":"publish","type":"product","link":"https:\/\/uj.adatbank.ro\/lexikon\/termek\/papfy-johann-dedoe\/","title":{"rendered":"PAPFY Johann, Dedoe"},"content":{"rendered":"<p>D\u00e9da \u2020\u00a0?\u00a0: pap. \u2013 Apja g\u00f6r\u00f6g katolikus pap. Teol\u00f3giai tanulm\u00e1nyait B\u00e9csben v\u00e9gezte (1835). <br \/><strong>Irod.:<\/strong> Szab\u00f3-Sz\u00f6gi<\/br><\/p>\n","protected":false},"excerpt":{"rendered":"<p>D\u00e9da \u2020\u00a0?\u00a0: pap. \u2013 Apja g\u00f6r\u00f6g katolikus pap. Teol\u00f3giai tanulm\u00e1nyait B\u00e9csben v\u00e9gezte (1835). Irod.: Szab\u00f3-Sz\u00f6gi<\/p>\n","protected":false},"featured_media":0,"comment_status":"open","ping_status":"closed","template":"","meta":[],"product_brand":[],"product_cat":[137],"product_tag":[],"class_list":{"0":"post-17592","1":"product","2":"type-product","3":"status-publish","5":"product_cat-maros-megyei-eletrajzi-lexikon","7":"first","8":"instock","9":"shipping-taxable","10":"product-type-simple"},"_links":{"self":[{"href":"https:\/\/uj.adatbank.ro\/lexikon\/wp-json\/wp\/v2\/product\/17592","targetHints":{"allow":["GET"]}}],"collection":[{"href":"https:\/\/uj.adatbank.ro\/lexikon\/wp-json\/wp\/v2\/product"}],"about":[{"href":"https:\/\/uj.adatbank.ro\/lexikon\/wp-json\/wp\/v2\/types\/product"}],"replies":[{"embeddable":true,"href":"https:\/\/uj.adatbank.ro\/lexikon\/wp-json\/wp\/v2\/comments?post=17592"}],"wp:attachment":[{"href":"https:\/\/uj.adatbank.ro\/lexikon\/wp-json\/wp\/v2\/media?parent=17592"}],"wp:term":[{"taxonomy":"product_brand","embeddable":true,"href":"https:\/\/uj.adatbank.ro\/lexikon\/wp-json\/wp\/v2\/product_brand?post=17592"},{"taxonomy":"product_cat","embeddable":true,"href":"https:\/\/uj.adatbank.ro\/lexikon\/wp-json\/wp\/v2\/product_cat?post=17592"},{"taxonomy":"product_tag","embeddable":true,"href":"https:\/\/uj.adatbank.ro\/lexikon\/wp-json\/wp\/v2\/product_tag?post=17592"}],"curies":[{"name":"wp","href":"https:\/\/api.w.org\/{rel}","templated":true}]}}