{"id":17593,"date":"2025-07-16T10:20:43","date_gmt":"2025-07-16T08:20:43","guid":{"rendered":"https:\/\/uj.adatbank.ro\/lexikon\/termek\/papiu-alexandru\/"},"modified":"2025-07-16T10:20:43","modified_gmt":"2025-07-16T08:20:43","slug":"papiu-alexandru","status":"publish","type":"product","link":"https:\/\/uj.adatbank.ro\/lexikon\/termek\/papiu-alexandru\/","title":{"rendered":"PAPIU Alexandru"},"content":{"rendered":"<p>Magyarlap\u00e1d, 1859, \u2020\u00a0Kv., 1930. j\u00fan. 16.: g. kat. pap, esperes, tan\u00edt\u00f3, politikus. \u2013 Bal\u00e1zsfalv\u00e1n v\u00e9gezte a k\u00f6z\u00e9piskol\u00e1t (1881), a g. kat. teol\u00f3gi\u00e1t (1885) \u00e9s tan\u00edt\u00f3k\u00e9pz\u0151t. Papp\u00e1 szentelt\u00e9k (Bal\u00e1zsfalva, 1888. m\u00e1rc. 13.). Pl\u00e9b\u00e1niai gondnok Bisztr\u00e1n, tan\u00edt\u00f3 Abrudb\u00e1ny\u00e1n, ahol rom\u00e1n \u00e9nek- \u00e9s zeneegy\u00fcttest alak\u00edtott. T\u00e1mogatta a kultur\u00e1lis int\u00e9zm\u00e9nyeket, a Gazeta Transilvaniei-t, anyagi seg\u00edts\u00e9get adott a r\u00e1szorul\u00f3knak. Radn\u00f3ton el\u0151bb alesperes, majd esperes (1909) Tagja az ASTRA-nak.T\u00f6bb el\u0151ad\u00e1st tartott pl. a m\u00e9h\u00e9szetr\u0151l. Radn\u00f3t hivatalos k\u00fcld\u00f6tte a gyulafeh\u00e9rv\u00e1ri nagygy\u0171l\u00e9sen (1918. dec. 1.) A Kisk\u00fck\u00fcll\u0151 megyei k\u00f6zigazgat\u00e1si bizotts\u00e1g (1920\u201325), majd a megyei tan\u00e1cs tagja (1929). Bel\u00e9pett a N\u00e9pp\u00e1rtba, szen\u00e1tor (1920\u201322), a Rom\u00e1n Nemzeti P\u00e1rt majd a Nemzeti Parasztp\u00e1rt Tagja (1925). Nev\u00e9hez f\u0171z\u0151dik a ma is l\u00e9tez\u0151 k\u0151templom \u00e9p\u00edt\u00e9se Radn\u00f3ton (Dacia Traiana u.-ban). <br \/><strong>Irod.:<\/strong> Bosoanc\u0103; Iernut; Marea unire dela 1. dec. 1918 (Buc., 1943); Todea 2013<\/br><\/p>\n","protected":false},"excerpt":{"rendered":"<p>Magyarlap\u00e1d, 1859, \u2020\u00a0Kv., 1930. j\u00fan. 16.: g. kat. pap, esperes, tan\u00edt\u00f3, politikus. \u2013 Bal\u00e1zsfalv\u00e1n v\u00e9gezte a k\u00f6z\u00e9piskol\u00e1t (1881), a g. kat. teol\u00f3gi\u00e1t (1885) \u00e9s tan\u00edt\u00f3k\u00e9pz\u0151t. Papp\u00e1 szentelt\u00e9k (Bal\u00e1zsfalva, 1888. m\u00e1rc. 13.). Pl\u00e9b\u00e1niai gondnok Bisztr\u00e1n, tan\u00edt\u00f3 Abrudb\u00e1ny\u00e1n, ahol rom\u00e1n \u00e9nek- \u00e9s zeneegy\u00fcttest alak\u00edtott. T\u00e1mogatta a kultur\u00e1lis int\u00e9zm\u00e9nyeket, a Gazeta Transilvaniei-t, anyagi seg\u00edts\u00e9get adott a r\u00e1szorul\u00f3knak. Radn\u00f3ton [&hellip;]<\/p>\n","protected":false},"featured_media":0,"comment_status":"open","ping_status":"closed","template":"","meta":[],"product_brand":[],"product_cat":[137],"product_tag":[],"class_list":{"0":"post-17593","1":"product","2":"type-product","3":"status-publish","5":"product_cat-maros-megyei-eletrajzi-lexikon","7":"first","8":"instock","9":"shipping-taxable","10":"product-type-simple"},"_links":{"self":[{"href":"https:\/\/uj.adatbank.ro\/lexikon\/wp-json\/wp\/v2\/product\/17593","targetHints":{"allow":["GET"]}}],"collection":[{"href":"https:\/\/uj.adatbank.ro\/lexikon\/wp-json\/wp\/v2\/product"}],"about":[{"href":"https:\/\/uj.adatbank.ro\/lexikon\/wp-json\/wp\/v2\/types\/product"}],"replies":[{"embeddable":true,"href":"https:\/\/uj.adatbank.ro\/lexikon\/wp-json\/wp\/v2\/comments?post=17593"}],"wp:attachment":[{"href":"https:\/\/uj.adatbank.ro\/lexikon\/wp-json\/wp\/v2\/media?parent=17593"}],"wp:term":[{"taxonomy":"product_brand","embeddable":true,"href":"https:\/\/uj.adatbank.ro\/lexikon\/wp-json\/wp\/v2\/product_brand?post=17593"},{"taxonomy":"product_cat","embeddable":true,"href":"https:\/\/uj.adatbank.ro\/lexikon\/wp-json\/wp\/v2\/product_cat?post=17593"},{"taxonomy":"product_tag","embeddable":true,"href":"https:\/\/uj.adatbank.ro\/lexikon\/wp-json\/wp\/v2\/product_tag?post=17593"}],"curies":[{"name":"wp","href":"https:\/\/api.w.org\/{rel}","templated":true}]}}