{"id":17600,"date":"2025-07-16T10:20:59","date_gmt":"2025-07-16T08:20:59","guid":{"rendered":"https:\/\/uj.adatbank.ro\/lexikon\/termek\/papp-antal\/"},"modified":"2025-07-16T10:20:59","modified_gmt":"2025-07-16T08:20:59","slug":"papp-antal","status":"publish","type":"product","link":"https:\/\/uj.adatbank.ro\/lexikon\/termek\/papp-antal\/","title":{"rendered":"PAPP Antal"},"content":{"rendered":"<p>1918., \u2020\u00a0Nagyat\u00e1d, 1993. jan. 7.: \u00fcgyv\u00e9d. \u2013 A securitate megfigyeltette (1951. k.). A Maros megyei \u00fcgyv\u00e9di kamara volt eln\u00f6ke. <br \/><strong>Irod.:<\/strong> Bartos 2012; [Nekrol\u00f3g](N\u00fa., 1993. jan. 12.)<\/br><\/p>\n","protected":false},"excerpt":{"rendered":"<p>1918., \u2020\u00a0Nagyat\u00e1d, 1993. jan. 7.: \u00fcgyv\u00e9d. \u2013 A securitate megfigyeltette (1951. k.). A Maros megyei \u00fcgyv\u00e9di kamara volt eln\u00f6ke. Irod.: Bartos 2012; [Nekrol\u00f3g](N\u00fa., 1993. jan. 12.)<\/p>\n","protected":false},"featured_media":0,"comment_status":"open","ping_status":"closed","template":"","meta":[],"product_brand":[],"product_cat":[137],"product_tag":[],"class_list":{"0":"post-17600","1":"product","2":"type-product","3":"status-publish","5":"product_cat-maros-megyei-eletrajzi-lexikon","7":"first","8":"instock","9":"shipping-taxable","10":"product-type-simple"},"_links":{"self":[{"href":"https:\/\/uj.adatbank.ro\/lexikon\/wp-json\/wp\/v2\/product\/17600","targetHints":{"allow":["GET"]}}],"collection":[{"href":"https:\/\/uj.adatbank.ro\/lexikon\/wp-json\/wp\/v2\/product"}],"about":[{"href":"https:\/\/uj.adatbank.ro\/lexikon\/wp-json\/wp\/v2\/types\/product"}],"replies":[{"embeddable":true,"href":"https:\/\/uj.adatbank.ro\/lexikon\/wp-json\/wp\/v2\/comments?post=17600"}],"wp:attachment":[{"href":"https:\/\/uj.adatbank.ro\/lexikon\/wp-json\/wp\/v2\/media?parent=17600"}],"wp:term":[{"taxonomy":"product_brand","embeddable":true,"href":"https:\/\/uj.adatbank.ro\/lexikon\/wp-json\/wp\/v2\/product_brand?post=17600"},{"taxonomy":"product_cat","embeddable":true,"href":"https:\/\/uj.adatbank.ro\/lexikon\/wp-json\/wp\/v2\/product_cat?post=17600"},{"taxonomy":"product_tag","embeddable":true,"href":"https:\/\/uj.adatbank.ro\/lexikon\/wp-json\/wp\/v2\/product_tag?post=17600"}],"curies":[{"name":"wp","href":"https:\/\/api.w.org\/{rel}","templated":true}]}}