{"id":17602,"date":"2025-07-16T10:21:04","date_gmt":"2025-07-16T08:21:04","guid":{"rendered":"https:\/\/uj.adatbank.ro\/lexikon\/termek\/papp-asztrik-p-%c2%a7-papp-jozsef\/"},"modified":"2025-07-16T10:21:04","modified_gmt":"2025-07-16T08:21:04","slug":"papp-asztrik-p-%c2%a7-papp-jozsef","status":"publish","type":"product","link":"https:\/\/uj.adatbank.ro\/lexikon\/termek\/papp-asztrik-p-%c2%a7-papp-jozsef\/","title":{"rendered":"PAPP Asztrik P. \u00a7; Papp J\u00f3zsef"},"content":{"rendered":"<p>Kisg\u00f6rg\u00e9ny, 1916. \u00e1pr. 27., \u2020 Brass\u00f3, 1985. j\u00fal. 17.: ferencrendi szerzetes, r. k. pap, vall\u00e1sos k\u00f6lt\u0151. \u2013 Testv\u00e9re: K\u00f6z\u00e9piskol\u00e1it Sz\u00e9kelyudvarhelyen \u00e9s Meggyesen v\u00e9gezte, ahol bel\u00e9pett a rendbe (1932) a ferencrendi ujonc\u00e9vet Medgyesen, a teol\u00f3gi\u00e1t Vajdahunyadon hallgatta, papp\u00e1 szentelt\u00e9k Gyulafeh\u00e9rv\u00e1ron (1939. j\u00fan. 29.). Az egyetemet Kv. v\u00e9gezte (1942). Mv.-en a laikus teszv\u00e9rek magisztere (1939\u201341). Ferences szerzetes, hitsz\u00f3nok Kv-on, a hidalm\u00e1si par\u00f3kia adminisztr\u00e1tora, a H\u00edrn\u00f6k \u00e9s a Katolikus Vil\u00e1g c. lapok t\u00e1rsszerkeszt\u0151je (1941\u201344), Cs\u00edksomly\u00f3n seg\u00e9dlelk\u00e9sz a Szent P\u00e9ter pl\u00e9b\u00e1nia templomban. A h\u00e1bor\u00fa el\u0151l menek\u00fclve elhagyta a rendet, hamar visszat\u00e9rt (1945) \u00e9s misszi\u00f3zott Sz\u00e9kelyf\u00f6ld\u00f6n: Mikh\u00e1z\u00e1n misszion\u00e1rius \u00e9s magiszter helyettes (1948\u201351), M\u00e1riaradn\u00e1n (1951\u201352), Esztelneken (1952\u201357) m\u0171k\u00f6d\u00f6tt. Sz\u00e1rhegyen letart\u00f3ztatt\u00e1k, mert nem jelentette f\u00f6l Fodor P\u00e1l m\u00e9rn\u00f6k\u00f6t, aki titkos szervzked\u00e9sbe kezdett az erd\u00e9lyi magyars\u00e1g megment\u00e9se \u00e9rdek\u00e9ben, \u00e9s b\u00f6rt\u00f6nbe vetett\u00e9k sok m\u00e1s t\u00e1rs\u00e1val egy\u00fctt (1957\u201364). A kv.-i Katonai B\u00edr\u00f3s\u00e1g a t\u00e1rsadalmi rend elleni t\u00e9nyked\u00e9s \u00e9s feljelent\u00e9s elmulaszt\u00e1sa v\u00e1dj\u00e1val 12 \u00e9v b\u00f6rt\u00f6nre \u00edt\u00e9lte, h\u00e9t \u00e9vet le is t\u00f6lt\u00f6tt. A Br\u0103ilai Nagysziget \u00e9s a Duna-delta k\u00e9nyszermunka t\u00e1boraiban dolgozott, amneszti\u00e1val szabadult (1964). Kiszbadul\u00e1sa ut\u00e1n a sz\u00e1rhegyi kolostor templomigazgat\u00f3ja, rendh\u00e1zf\u0151n\u00f6k (1964\u20131970), k\u00f6zben pl\u00e9b\u00e1nos Ny\u00e1r\u00e1dsely\u00e9n (1966\u201371), Marosszentgy\u00f6rgy\u00f6n (1972. febr.\u201376. aug.), a d\u00e9si rendh\u00e1z f\u0151n\u00f6ke (1976\u201384), majd Fogarason kiseg\u00edt\u0151 lelk\u00e9sz (1984\u20131985). A hal\u00e1l a vonaton \u00e9rte, a pers\u00e1nyi \u00e1llom\u00e1s v\u00e1lt\u00f3in\u00e1l tal\u00e1lt\u00e1k meg \u00f6sszez\u00faz\u00f3dva, de m\u00e1r azel\u0151tt elmondta P. Papp Leon\u00e1rd -ma aranymis\u00e9s \u2013 t\u00e1rs\u00e1nak, hogy az Esztelnek \u00e9s Sepsiszentgy\u00f6rgy k\u00f6z\u00f6tti vonalon megpr\u00f3b\u00e1lt\u00e1k kidobni a vonatb\u00f3l, ami akkor nem siker\u00fclt. Brass\u00f3ban a k\u00f3rh\u00e1zban h\u00fanyt el. M\u00e1r k\u00f6z\u00e9piskol\u00e1s kor\u00e1ban k\u00f6lt\u0151k\u00e9nt is jelentkezett, verseit a J\u00f3bar\u00e1t \u00e9s a Katolikus Szemle k\u00f6z\u00f6lte. Teol\u00f3gus kor\u00e1ban is verselt. Sok k\u00f6ltem\u00e9nye k\u00e9ziratban maradt, mert nem volt r\u00e1 m\u00f3dja k\u00f6tetben megjelentetni azokat. Vall\u00e1sos foly\u00f3iratok k\u00f6z\u00f6lt\u00e9k \u00edr\u00e1sait : Ferences Nemzed\u00e9k; Cs\u00edksomly\u00f3i vir\u00e1gok (k\u00e9ziratos); Katolikus Vil\u00e1g; A H\u00edrn\u00f6k; Szent Ferenc H\u00edrn\u00f6ke; Katolikus Napt\u00e1r; az aradi Vas\u00e1rnap, a bp.-i Magyar Bar\u00e1t, \u00e9s a Mikh\u00e1z\u00e1n kiadott k\u00e9ziratos Kisg\u00f6rg\u00e9nyi F\u00fczetek (1932\u201351). s a maga szerkesztette m\u00e1riaradnai Erd\u00e9lyi Ferences Fut\u00e1r A P\u00e1zm\u00e1ny P\u00e9ter T\u00e1rs. l. tagja (1938), az Erd\u00e9lyi Katolikus Akad\u00e9mia tagja. Legt\u00f6bb vers\u00e9t az 50-es \u00e9vekben \u00edrta, amikor m\u00e1r sehol nem jelentethette meg azokat. M\u0171v\u00e9szi hajlama a fest\u00e9sben \u00e9s farag\u00e1szatban is megnyilv\u00e1nult. \u2013 <strong>F. m.:<\/strong> \u00dczenem\u00a0(versek; Kv., 1938); A hegyek \u00fczenete (Cs\u00edksomly\u00f3, 1946); Kinyitom a kolostor kapuj\u00e1t (Cs\u00edksomly\u00f3, 1948); Innen \u00e9s t\u00fal a ker\u00edt\u00e9sen (M\u00e1riaradna, 1951); Erd\u00e9lyi Ferences fut\u00e1r versei (M\u00e1riaradna, 1951\u201352); Mikes Kelemen unok\u00e1i (Esztelnek, 1953); Patmoszi el\u00e9gia (Esztelnek, 1954\u201356); J\u00f6n&#8230;(Sz\u00e1rhegy-D\u00e9s, 1957); Szonettek a hegyen (Szentimre, 1982); P\u00e1sztorj\u00e1t\u00e9k: 5 v\u00e1ltozatban, (\u00e9.n.) A J\u00e9zush\u00e1g\u00f3n\u00a0(v\u00e1logatott versek; Kv., 1994); A cs\u00edksomly\u00f3i p\u00fcnk\u00f6sdi b\u00facs\u00fa\u00a0(n\u00e9prajzi tanulm\u00e1ny; Szeged, 1995). <br \/><strong>Irod.:<\/strong> 1956 Erd\u00e9lyben; Baricz; Gy\u00f6rgy: A ferencrendiek; Het\u00e9nyi 2000; Kisg\u00f6rg\u00e9ny; KM\u00cd; Kusz\u00e1lik; Maros-k\u00fck\u00fcll\u0151i f\u0151esp.; MKL; RMIL<\/br><\/p>\n","protected":false},"excerpt":{"rendered":"<p>Kisg\u00f6rg\u00e9ny, 1916. \u00e1pr. 27., \u2020 Brass\u00f3, 1985. j\u00fal. 17.: ferencrendi szerzetes, r. k. pap, vall\u00e1sos k\u00f6lt\u0151. \u2013 Testv\u00e9re: K\u00f6z\u00e9piskol\u00e1it Sz\u00e9kelyudvarhelyen \u00e9s Meggyesen v\u00e9gezte, ahol bel\u00e9pett a rendbe (1932) a ferencrendi ujonc\u00e9vet Medgyesen, a teol\u00f3gi\u00e1t Vajdahunyadon hallgatta, papp\u00e1 szentelt\u00e9k Gyulafeh\u00e9rv\u00e1ron (1939. j\u00fan. 29.). Az egyetemet Kv. v\u00e9gezte (1942). Mv.-en a laikus teszv\u00e9rek magisztere (1939\u201341). Ferences szerzetes, [&hellip;]<\/p>\n","protected":false},"featured_media":0,"comment_status":"open","ping_status":"closed","template":"","meta":[],"product_brand":[],"product_cat":[137],"product_tag":[],"class_list":{"0":"post-17602","1":"product","2":"type-product","3":"status-publish","5":"product_cat-maros-megyei-eletrajzi-lexikon","7":"first","8":"instock","9":"shipping-taxable","10":"product-type-simple"},"_links":{"self":[{"href":"https:\/\/uj.adatbank.ro\/lexikon\/wp-json\/wp\/v2\/product\/17602","targetHints":{"allow":["GET"]}}],"collection":[{"href":"https:\/\/uj.adatbank.ro\/lexikon\/wp-json\/wp\/v2\/product"}],"about":[{"href":"https:\/\/uj.adatbank.ro\/lexikon\/wp-json\/wp\/v2\/types\/product"}],"replies":[{"embeddable":true,"href":"https:\/\/uj.adatbank.ro\/lexikon\/wp-json\/wp\/v2\/comments?post=17602"}],"wp:attachment":[{"href":"https:\/\/uj.adatbank.ro\/lexikon\/wp-json\/wp\/v2\/media?parent=17602"}],"wp:term":[{"taxonomy":"product_brand","embeddable":true,"href":"https:\/\/uj.adatbank.ro\/lexikon\/wp-json\/wp\/v2\/product_brand?post=17602"},{"taxonomy":"product_cat","embeddable":true,"href":"https:\/\/uj.adatbank.ro\/lexikon\/wp-json\/wp\/v2\/product_cat?post=17602"},{"taxonomy":"product_tag","embeddable":true,"href":"https:\/\/uj.adatbank.ro\/lexikon\/wp-json\/wp\/v2\/product_tag?post=17602"}],"curies":[{"name":"wp","href":"https:\/\/api.w.org\/{rel}","templated":true}]}}