{"id":17605,"date":"2025-07-16T10:21:13","date_gmt":"2025-07-16T08:21:13","guid":{"rendered":"https:\/\/uj.adatbank.ro\/lexikon\/termek\/papp-cindea-imre\/"},"modified":"2025-07-16T10:21:13","modified_gmt":"2025-07-16T08:21:13","slug":"papp-cindea-imre","status":"publish","type":"product","link":"https:\/\/uj.adatbank.ro\/lexikon\/termek\/papp-cindea-imre\/","title":{"rendered":"PAPP CINDEA Imre"},"content":{"rendered":"<p>Mv., 1944. szept. 4., \u2020 ?: tan\u00e1r. \u2013 Apja:Imre. \u2013 A kv.-i BBTE \u2013en v\u00e9gzett. Erd\u0151szentgy\u00f6rgy\u00f6n tan\u00e1r, majd igazgat\u00f3. Dics\u0151szentm\u00e1rtonban tan\u00edtott, kit\u00fcntetett tan\u00e1r. \u2013 <strong>F. m.:<\/strong> Erd\u0151szentgy\u00f6rgy monogr\u00e1fi\u00e1ja.T\u00f6rt\u00e9neti olvas\u00f3k\u00f6nyv.<\/br><\/p>\n","protected":false},"excerpt":{"rendered":"<p>Mv., 1944. szept. 4., \u2020 ?: tan\u00e1r. \u2013 Apja:Imre. \u2013 A kv.-i BBTE \u2013en v\u00e9gzett. Erd\u0151szentgy\u00f6rgy\u00f6n tan\u00e1r, majd igazgat\u00f3. Dics\u0151szentm\u00e1rtonban tan\u00edtott, kit\u00fcntetett tan\u00e1r. \u2013 F. m.: Erd\u0151szentgy\u00f6rgy monogr\u00e1fi\u00e1ja.T\u00f6rt\u00e9neti olvas\u00f3k\u00f6nyv.<\/p>\n","protected":false},"featured_media":0,"comment_status":"open","ping_status":"closed","template":"","meta":[],"product_brand":[],"product_cat":[137],"product_tag":[],"class_list":{"0":"post-17605","1":"product","2":"type-product","3":"status-publish","5":"product_cat-maros-megyei-eletrajzi-lexikon","7":"first","8":"instock","9":"shipping-taxable","10":"product-type-simple"},"_links":{"self":[{"href":"https:\/\/uj.adatbank.ro\/lexikon\/wp-json\/wp\/v2\/product\/17605","targetHints":{"allow":["GET"]}}],"collection":[{"href":"https:\/\/uj.adatbank.ro\/lexikon\/wp-json\/wp\/v2\/product"}],"about":[{"href":"https:\/\/uj.adatbank.ro\/lexikon\/wp-json\/wp\/v2\/types\/product"}],"replies":[{"embeddable":true,"href":"https:\/\/uj.adatbank.ro\/lexikon\/wp-json\/wp\/v2\/comments?post=17605"}],"wp:attachment":[{"href":"https:\/\/uj.adatbank.ro\/lexikon\/wp-json\/wp\/v2\/media?parent=17605"}],"wp:term":[{"taxonomy":"product_brand","embeddable":true,"href":"https:\/\/uj.adatbank.ro\/lexikon\/wp-json\/wp\/v2\/product_brand?post=17605"},{"taxonomy":"product_cat","embeddable":true,"href":"https:\/\/uj.adatbank.ro\/lexikon\/wp-json\/wp\/v2\/product_cat?post=17605"},{"taxonomy":"product_tag","embeddable":true,"href":"https:\/\/uj.adatbank.ro\/lexikon\/wp-json\/wp\/v2\/product_tag?post=17605"}],"curies":[{"name":"wp","href":"https:\/\/api.w.org\/{rel}","templated":true}]}}