{"id":17606,"date":"2025-07-16T10:21:16","date_gmt":"2025-07-16T08:21:16","guid":{"rendered":"https:\/\/uj.adatbank.ro\/lexikon\/termek\/papp-ciugudean-alice\/"},"modified":"2025-07-16T10:21:16","modified_gmt":"2025-07-16T08:21:16","slug":"papp-ciugudean-alice","status":"publish","type":"product","link":"https:\/\/uj.adatbank.ro\/lexikon\/termek\/papp-ciugudean-alice\/","title":{"rendered":"PAPP CIUGUDEAN Alice"},"content":{"rendered":"<p>Cs\u00edkszereda, 1935. j\u00fal. 20., \u2020 ?:orvos. \u2013 Gyermekgy\u00f3gy\u00e1sz szakorvos Marosszentgy\u00f6rgy\u00f6n, majd a mv.-i Iskolaorvosi rendel\u0151 \u00e9s a Poliklinika a munkahelye.-<br \/><strong>Irod.:<\/strong> MOGYE<\/br><\/p>\n","protected":false},"excerpt":{"rendered":"<p>Cs\u00edkszereda, 1935. j\u00fal. 20., \u2020 ?:orvos. \u2013 Gyermekgy\u00f3gy\u00e1sz szakorvos Marosszentgy\u00f6rgy\u00f6n, majd a mv.-i Iskolaorvosi rendel\u0151 \u00e9s a Poliklinika a munkahelye.-Irod.: MOGYE<\/p>\n","protected":false},"featured_media":0,"comment_status":"open","ping_status":"closed","template":"","meta":[],"product_brand":[],"product_cat":[137],"product_tag":[],"class_list":{"0":"post-17606","1":"product","2":"type-product","3":"status-publish","5":"product_cat-maros-megyei-eletrajzi-lexikon","7":"first","8":"instock","9":"shipping-taxable","10":"product-type-simple"},"_links":{"self":[{"href":"https:\/\/uj.adatbank.ro\/lexikon\/wp-json\/wp\/v2\/product\/17606","targetHints":{"allow":["GET"]}}],"collection":[{"href":"https:\/\/uj.adatbank.ro\/lexikon\/wp-json\/wp\/v2\/product"}],"about":[{"href":"https:\/\/uj.adatbank.ro\/lexikon\/wp-json\/wp\/v2\/types\/product"}],"replies":[{"embeddable":true,"href":"https:\/\/uj.adatbank.ro\/lexikon\/wp-json\/wp\/v2\/comments?post=17606"}],"wp:attachment":[{"href":"https:\/\/uj.adatbank.ro\/lexikon\/wp-json\/wp\/v2\/media?parent=17606"}],"wp:term":[{"taxonomy":"product_brand","embeddable":true,"href":"https:\/\/uj.adatbank.ro\/lexikon\/wp-json\/wp\/v2\/product_brand?post=17606"},{"taxonomy":"product_cat","embeddable":true,"href":"https:\/\/uj.adatbank.ro\/lexikon\/wp-json\/wp\/v2\/product_cat?post=17606"},{"taxonomy":"product_tag","embeddable":true,"href":"https:\/\/uj.adatbank.ro\/lexikon\/wp-json\/wp\/v2\/product_tag?post=17606"}],"curies":[{"name":"wp","href":"https:\/\/api.w.org\/{rel}","templated":true}]}}