{"id":17608,"date":"2025-07-16T10:21:22","date_gmt":"2025-07-16T08:21:22","guid":{"rendered":"https:\/\/uj.adatbank.ro\/lexikon\/termek\/papp-danila\/"},"modified":"2025-07-16T10:21:22","modified_gmt":"2025-07-16T08:21:22","slug":"papp-danila","status":"publish","type":"product","link":"https:\/\/uj.adatbank.ro\/lexikon\/termek\/papp-danila\/","title":{"rendered":"PAPP D\u0103nil\u0103"},"content":{"rendered":"<p>Halm\u00e1gy, 1868. m\u00e1j. 20., \u2020\u00a0?: hadm\u00e1rn\u00f6k-ezredes. \u2013 B\u00e9csben katonai akad.-\u00e1t v\u00e9gzett, majd k\u00e9t\u00e9ves hadm\u00e9rn\u00f6ki iskol\u00e1t.. A nagyszebeni kad\u00e9tiskola tan\u00e1ra (1894\u201399). A b\u00e9csi Katonai Akad. tan\u00e1ra, majd az 54. gyaloghadoszt\u00e1ly vez\u00e9rkari f\u0151n\u00f6ke (1915. szept.\u20131915. okt.). A Papp-dand\u00e1r parancsnoka (1915. jan. 6. \u2013 1918. nov. 2.). A nagyszebeni 6\u20137. szervez\u00e9si oszt\u00e1ly helyettes parancsnokak\u00e9nt r\u00e9szt vett az erd\u00e9lyi rom\u00e1n alakulatok szervez\u00e9s\u00e9ben (1919. tavasz). Dand\u00e1rt\u00e1bornok (1919. \u00e1pr. 11. \u2013).18 erd\u00e9lyi hadoszt\u00e1ly parancsnokak\u00e9nt r\u00e9szt vett alakulat\u00e1val a sz\u00f6vets\u00e9ges hadsereg hadm\u0171veleteiben vett r\u00e9szt (1919. \u00e1pr. 16.). Kir\u00e1lyi k\u00fcld\u00f6tt Maros megy\u00e9ben. \u2013. <strong>F. m.:<\/strong> Un an de aplicare a legii administrative (Buc., 1938). <br \/><strong>Irod.:<\/strong> F\u00fcl\u00f6p\u2013Ferencz; Koszta Istv\u00e1n: F\u00f6ldindul\u00e1s \u2013 1916 = P\u00e1l-Antal \u2013 Simon<\/br><\/p>\n","protected":false},"excerpt":{"rendered":"<p>Halm\u00e1gy, 1868. m\u00e1j. 20., \u2020\u00a0?: hadm\u00e1rn\u00f6k-ezredes. \u2013 B\u00e9csben katonai akad.-\u00e1t v\u00e9gzett, majd k\u00e9t\u00e9ves hadm\u00e9rn\u00f6ki iskol\u00e1t.. A nagyszebeni kad\u00e9tiskola tan\u00e1ra (1894\u201399). A b\u00e9csi Katonai Akad. tan\u00e1ra, majd az 54. gyaloghadoszt\u00e1ly vez\u00e9rkari f\u0151n\u00f6ke (1915. szept.\u20131915. okt.). A Papp-dand\u00e1r parancsnoka (1915. jan. 6. \u2013 1918. nov. 2.). A nagyszebeni 6\u20137. szervez\u00e9si oszt\u00e1ly helyettes parancsnokak\u00e9nt r\u00e9szt vett az erd\u00e9lyi [&hellip;]<\/p>\n","protected":false},"featured_media":0,"comment_status":"open","ping_status":"closed","template":"","meta":[],"product_brand":[],"product_cat":[137],"product_tag":[],"class_list":{"0":"post-17608","1":"product","2":"type-product","3":"status-publish","5":"product_cat-maros-megyei-eletrajzi-lexikon","7":"first","8":"instock","9":"shipping-taxable","10":"product-type-simple"},"_links":{"self":[{"href":"https:\/\/uj.adatbank.ro\/lexikon\/wp-json\/wp\/v2\/product\/17608","targetHints":{"allow":["GET"]}}],"collection":[{"href":"https:\/\/uj.adatbank.ro\/lexikon\/wp-json\/wp\/v2\/product"}],"about":[{"href":"https:\/\/uj.adatbank.ro\/lexikon\/wp-json\/wp\/v2\/types\/product"}],"replies":[{"embeddable":true,"href":"https:\/\/uj.adatbank.ro\/lexikon\/wp-json\/wp\/v2\/comments?post=17608"}],"wp:attachment":[{"href":"https:\/\/uj.adatbank.ro\/lexikon\/wp-json\/wp\/v2\/media?parent=17608"}],"wp:term":[{"taxonomy":"product_brand","embeddable":true,"href":"https:\/\/uj.adatbank.ro\/lexikon\/wp-json\/wp\/v2\/product_brand?post=17608"},{"taxonomy":"product_cat","embeddable":true,"href":"https:\/\/uj.adatbank.ro\/lexikon\/wp-json\/wp\/v2\/product_cat?post=17608"},{"taxonomy":"product_tag","embeddable":true,"href":"https:\/\/uj.adatbank.ro\/lexikon\/wp-json\/wp\/v2\/product_tag?post=17608"}],"curies":[{"name":"wp","href":"https:\/\/api.w.org\/{rel}","templated":true}]}}