{"id":17609,"date":"2025-07-16T10:21:24","date_gmt":"2025-07-16T08:21:24","guid":{"rendered":"https:\/\/uj.adatbank.ro\/lexikon\/termek\/papp-deme-roza\/"},"modified":"2025-07-16T10:21:24","modified_gmt":"2025-07-16T08:21:24","slug":"papp-deme-roza","status":"publish","type":"product","link":"https:\/\/uj.adatbank.ro\/lexikon\/termek\/papp-deme-roza\/","title":{"rendered":"PAPP DEME R\u00f3za"},"content":{"rendered":"<p>Sepsiszentgy\u00f6rgy, 1933. szept. 10., \u2020 ?:orvos.\u2013 Sepsiszentgy\u00f6rgy\u00f6n a Magyar le\u00e1nyl\u00edc.-ban, majd a MOGYE Gyermekgy\u00f3gy\u00e1sz szak\u00e1n v\u00e9gzett.Orvos Gernyeszegen, k\u00f6rzeti gyermekgy\u00f3gy\u00e1sz Sz\u00e1szr\u00e9genben. <br \/><strong>Irod.:<\/strong> MOGYE<\/br><\/p>\n","protected":false},"excerpt":{"rendered":"<p>Sepsiszentgy\u00f6rgy, 1933. szept. 10., \u2020 ?:orvos.\u2013 Sepsiszentgy\u00f6rgy\u00f6n a Magyar le\u00e1nyl\u00edc.-ban, majd a MOGYE Gyermekgy\u00f3gy\u00e1sz szak\u00e1n v\u00e9gzett.Orvos Gernyeszegen, k\u00f6rzeti gyermekgy\u00f3gy\u00e1sz Sz\u00e1szr\u00e9genben. Irod.: MOGYE<\/p>\n","protected":false},"featured_media":0,"comment_status":"open","ping_status":"closed","template":"","meta":[],"product_brand":[],"product_cat":[137],"product_tag":[],"class_list":{"0":"post-17609","1":"product","2":"type-product","3":"status-publish","5":"product_cat-maros-megyei-eletrajzi-lexikon","7":"first","8":"instock","9":"shipping-taxable","10":"product-type-simple"},"_links":{"self":[{"href":"https:\/\/uj.adatbank.ro\/lexikon\/wp-json\/wp\/v2\/product\/17609","targetHints":{"allow":["GET"]}}],"collection":[{"href":"https:\/\/uj.adatbank.ro\/lexikon\/wp-json\/wp\/v2\/product"}],"about":[{"href":"https:\/\/uj.adatbank.ro\/lexikon\/wp-json\/wp\/v2\/types\/product"}],"replies":[{"embeddable":true,"href":"https:\/\/uj.adatbank.ro\/lexikon\/wp-json\/wp\/v2\/comments?post=17609"}],"wp:attachment":[{"href":"https:\/\/uj.adatbank.ro\/lexikon\/wp-json\/wp\/v2\/media?parent=17609"}],"wp:term":[{"taxonomy":"product_brand","embeddable":true,"href":"https:\/\/uj.adatbank.ro\/lexikon\/wp-json\/wp\/v2\/product_brand?post=17609"},{"taxonomy":"product_cat","embeddable":true,"href":"https:\/\/uj.adatbank.ro\/lexikon\/wp-json\/wp\/v2\/product_cat?post=17609"},{"taxonomy":"product_tag","embeddable":true,"href":"https:\/\/uj.adatbank.ro\/lexikon\/wp-json\/wp\/v2\/product_tag?post=17609"}],"curies":[{"name":"wp","href":"https:\/\/api.w.org\/{rel}","templated":true}]}}