{"id":1761,"date":"2025-06-28T11:52:19","date_gmt":"2025-06-28T09:52:19","guid":{"rendered":"https:\/\/uj.adatbank.ro\/lexikon\/termek\/alfiri-maria-magdolna\/"},"modified":"2025-06-28T11:52:19","modified_gmt":"2025-06-28T09:52:19","slug":"alfiri-maria-magdolna","status":"publish","type":"product","link":"https:\/\/uj.adatbank.ro\/lexikon\/termek\/alfiri-maria-magdolna\/","title":{"rendered":"ALFIRI M\u00e1ria-Magdolna"},"content":{"rendered":"<p>1954., \u2020 Sz\u00e1szr\u00e9gen, 2002. dec. 10.: tan\u00e1r. \u2013 A sz\u00e1szr\u00e9geni 5-\u00f6s sz. iskola aligazgat\u00f3n\u0151je, az Augustin Maior \u00c1llami Gimn. aligazgat\u00f3n\u0151je. <br \/><strong>Irod.:<\/strong> [Nekrol\u00f3g] (N\u00fa., 2002. dec. 12.)<\/br><\/p>\n","protected":false},"excerpt":{"rendered":"<p>1954., \u2020 Sz\u00e1szr\u00e9gen, 2002. dec. 10.: tan\u00e1r. \u2013 A sz\u00e1szr\u00e9geni 5-\u00f6s sz. iskola aligazgat\u00f3n\u0151je, az Augustin Maior \u00c1llami Gimn. aligazgat\u00f3n\u0151je. Irod.: [Nekrol\u00f3g] (N\u00fa., 2002. dec. 12.)<\/p>\n","protected":false},"featured_media":0,"comment_status":"open","ping_status":"closed","template":"","meta":[],"product_brand":[],"product_cat":[137],"product_tag":[],"class_list":{"0":"post-1761","1":"product","2":"type-product","3":"status-publish","5":"product_cat-maros-megyei-eletrajzi-lexikon","7":"first","8":"instock","9":"shipping-taxable","10":"product-type-simple"},"_links":{"self":[{"href":"https:\/\/uj.adatbank.ro\/lexikon\/wp-json\/wp\/v2\/product\/1761","targetHints":{"allow":["GET"]}}],"collection":[{"href":"https:\/\/uj.adatbank.ro\/lexikon\/wp-json\/wp\/v2\/product"}],"about":[{"href":"https:\/\/uj.adatbank.ro\/lexikon\/wp-json\/wp\/v2\/types\/product"}],"replies":[{"embeddable":true,"href":"https:\/\/uj.adatbank.ro\/lexikon\/wp-json\/wp\/v2\/comments?post=1761"}],"wp:attachment":[{"href":"https:\/\/uj.adatbank.ro\/lexikon\/wp-json\/wp\/v2\/media?parent=1761"}],"wp:term":[{"taxonomy":"product_brand","embeddable":true,"href":"https:\/\/uj.adatbank.ro\/lexikon\/wp-json\/wp\/v2\/product_brand?post=1761"},{"taxonomy":"product_cat","embeddable":true,"href":"https:\/\/uj.adatbank.ro\/lexikon\/wp-json\/wp\/v2\/product_cat?post=1761"},{"taxonomy":"product_tag","embeddable":true,"href":"https:\/\/uj.adatbank.ro\/lexikon\/wp-json\/wp\/v2\/product_tag?post=1761"}],"curies":[{"name":"wp","href":"https:\/\/api.w.org\/{rel}","templated":true}]}}