{"id":17610,"date":"2025-07-16T10:21:26","date_gmt":"2025-07-16T08:21:26","guid":{"rendered":"https:\/\/uj.adatbank.ro\/lexikon\/termek\/papp-denes\/"},"modified":"2025-07-16T10:21:26","modified_gmt":"2025-07-16T08:21:26","slug":"papp-denes","status":"publish","type":"product","link":"https:\/\/uj.adatbank.ro\/lexikon\/termek\/papp-denes\/","title":{"rendered":"PAPP D\u00e9nes"},"content":{"rendered":"<p>K\u00e9zdiv\u00e1s\u00e1rhely, 1901. dec. 6., \u2020\u00a01944. szept. 16.: r. k. pap, tan\u00e1r. \u2013 K\u00e9zdiv\u00e1s\u00e1rhelyen \u00e9s Gyulafeh\u00e9rv\u00e1ron tanult. Papp\u00e1 szentelt\u00e9k (1924. j\u00fal. 6.). K\u00e1pl\u00e1n Csat\u00f3szegen, Facs\u00e1don, Cs\u00edkszentgy\u00f6rgy\u00f6n, Brass\u00f3ban. Hittantan\u00e1r Sz\u00e9kelyudvarhelyen, K\u00e9zdiv\u00e1s\u00e1rhelyen, Cs\u00edkszered\u00e1ban \u00e9s a mv.-i R. K. Gimn.-ban hittudom\u00e1nyt oktatott, subregens \u00e9s r\u00e9gens volt (1940\u201344 k.). R\u00e9szt vett az Erd\u00e9lyi R. k. Tan\u00e1rok Kongresszus\u00e1n Mv.-en (1943. j\u00fal. 4\u20135). <br \/><strong>Irod.:<\/strong> Ferenczi S\u00e1ndor 2009; H\u00e1bor\u00fas nevel\u00e9s (Mv., 1943); Maros-k\u00fck\u00fcll\u0151i f\u0151esp; R. K. Okt.\u20131<\/br><\/p>\n","protected":false},"excerpt":{"rendered":"<p>K\u00e9zdiv\u00e1s\u00e1rhely, 1901. dec. 6., \u2020\u00a01944. szept. 16.: r. k. pap, tan\u00e1r. \u2013 K\u00e9zdiv\u00e1s\u00e1rhelyen \u00e9s Gyulafeh\u00e9rv\u00e1ron tanult. Papp\u00e1 szentelt\u00e9k (1924. j\u00fal. 6.). K\u00e1pl\u00e1n Csat\u00f3szegen, Facs\u00e1don, Cs\u00edkszentgy\u00f6rgy\u00f6n, Brass\u00f3ban. Hittantan\u00e1r Sz\u00e9kelyudvarhelyen, K\u00e9zdiv\u00e1s\u00e1rhelyen, Cs\u00edkszered\u00e1ban \u00e9s a mv.-i R. K. Gimn.-ban hittudom\u00e1nyt oktatott, subregens \u00e9s r\u00e9gens volt (1940\u201344 k.). R\u00e9szt vett az Erd\u00e9lyi R. k. Tan\u00e1rok Kongresszus\u00e1n Mv.-en (1943. j\u00fal. [&hellip;]<\/p>\n","protected":false},"featured_media":0,"comment_status":"open","ping_status":"closed","template":"","meta":[],"product_brand":[],"product_cat":[137],"product_tag":[],"class_list":{"0":"post-17610","1":"product","2":"type-product","3":"status-publish","5":"product_cat-maros-megyei-eletrajzi-lexikon","7":"first","8":"instock","9":"shipping-taxable","10":"product-type-simple"},"_links":{"self":[{"href":"https:\/\/uj.adatbank.ro\/lexikon\/wp-json\/wp\/v2\/product\/17610","targetHints":{"allow":["GET"]}}],"collection":[{"href":"https:\/\/uj.adatbank.ro\/lexikon\/wp-json\/wp\/v2\/product"}],"about":[{"href":"https:\/\/uj.adatbank.ro\/lexikon\/wp-json\/wp\/v2\/types\/product"}],"replies":[{"embeddable":true,"href":"https:\/\/uj.adatbank.ro\/lexikon\/wp-json\/wp\/v2\/comments?post=17610"}],"wp:attachment":[{"href":"https:\/\/uj.adatbank.ro\/lexikon\/wp-json\/wp\/v2\/media?parent=17610"}],"wp:term":[{"taxonomy":"product_brand","embeddable":true,"href":"https:\/\/uj.adatbank.ro\/lexikon\/wp-json\/wp\/v2\/product_brand?post=17610"},{"taxonomy":"product_cat","embeddable":true,"href":"https:\/\/uj.adatbank.ro\/lexikon\/wp-json\/wp\/v2\/product_cat?post=17610"},{"taxonomy":"product_tag","embeddable":true,"href":"https:\/\/uj.adatbank.ro\/lexikon\/wp-json\/wp\/v2\/product_tag?post=17610"}],"curies":[{"name":"wp","href":"https:\/\/api.w.org\/{rel}","templated":true}]}}