{"id":17611,"date":"2025-07-16T10:21:28","date_gmt":"2025-07-16T08:21:28","guid":{"rendered":"https:\/\/uj.adatbank.ro\/lexikon\/termek\/papp-emil\/"},"modified":"2025-07-16T10:21:28","modified_gmt":"2025-07-16T08:21:28","slug":"papp-emil","status":"publish","type":"product","link":"https:\/\/uj.adatbank.ro\/lexikon\/termek\/papp-emil\/","title":{"rendered":"PAPP Emil"},"content":{"rendered":"<p>? \u2020 ?: tisztvisel\u0151. \u2013 Mv. v\u00e1ros tiszt\u00faj\u00edt\u00e1sa ut\u00e1n (1902. m\u00e1rc. 8.) Bern\u00e1dy Gy\u00f6rgy polg\u00e1rmester k\u00f6zvetlen munkat\u00e1rsainak egyike, II.\u00e1rvasz\u00e9ki \u00fcln\u00f6k. <br \/><strong>Irod.:<\/strong> Bern\u00e1dy<\/br><\/p>\n","protected":false},"excerpt":{"rendered":"<p>? \u2020 ?: tisztvisel\u0151. \u2013 Mv. v\u00e1ros tiszt\u00faj\u00edt\u00e1sa ut\u00e1n (1902. m\u00e1rc. 8.) Bern\u00e1dy Gy\u00f6rgy polg\u00e1rmester k\u00f6zvetlen munkat\u00e1rsainak egyike, II.\u00e1rvasz\u00e9ki \u00fcln\u00f6k. Irod.: Bern\u00e1dy<\/p>\n","protected":false},"featured_media":0,"comment_status":"open","ping_status":"closed","template":"","meta":[],"product_brand":[],"product_cat":[137],"product_tag":[],"class_list":{"0":"post-17611","1":"product","2":"type-product","3":"status-publish","5":"product_cat-maros-megyei-eletrajzi-lexikon","7":"first","8":"instock","9":"shipping-taxable","10":"product-type-simple"},"_links":{"self":[{"href":"https:\/\/uj.adatbank.ro\/lexikon\/wp-json\/wp\/v2\/product\/17611","targetHints":{"allow":["GET"]}}],"collection":[{"href":"https:\/\/uj.adatbank.ro\/lexikon\/wp-json\/wp\/v2\/product"}],"about":[{"href":"https:\/\/uj.adatbank.ro\/lexikon\/wp-json\/wp\/v2\/types\/product"}],"replies":[{"embeddable":true,"href":"https:\/\/uj.adatbank.ro\/lexikon\/wp-json\/wp\/v2\/comments?post=17611"}],"wp:attachment":[{"href":"https:\/\/uj.adatbank.ro\/lexikon\/wp-json\/wp\/v2\/media?parent=17611"}],"wp:term":[{"taxonomy":"product_brand","embeddable":true,"href":"https:\/\/uj.adatbank.ro\/lexikon\/wp-json\/wp\/v2\/product_brand?post=17611"},{"taxonomy":"product_cat","embeddable":true,"href":"https:\/\/uj.adatbank.ro\/lexikon\/wp-json\/wp\/v2\/product_cat?post=17611"},{"taxonomy":"product_tag","embeddable":true,"href":"https:\/\/uj.adatbank.ro\/lexikon\/wp-json\/wp\/v2\/product_tag?post=17611"}],"curies":[{"name":"wp","href":"https:\/\/api.w.org\/{rel}","templated":true}]}}