{"id":1762,"date":"2025-06-28T11:52:21","date_gmt":"2025-06-28T09:52:21","guid":{"rendered":"https:\/\/uj.adatbank.ro\/lexikon\/termek\/algai-ignac\/"},"modified":"2025-06-28T11:52:21","modified_gmt":"2025-06-28T09:52:21","slug":"algai-ignac","status":"publish","type":"product","link":"https:\/\/uj.adatbank.ro\/lexikon\/termek\/algai-ignac\/","title":{"rendered":"ALGAI Ign\u00e1c"},"content":{"rendered":"<p>? \u2020 ?: \u00e1llom\u00e1sf\u0151n\u00f6k. \u2013 Mv.-en volt M\u00c1V-\u00e1llom\u00e1sf\u0151n\u00f6k, a kir\u00e1ly kit\u00fcntette (1915. szept. 28.). Nagyv\u00e1radra (V\u00e1rad-Velence \u00e1llom\u00e1s) helyezt\u00e9k \u00e1t. <br \/><strong>Irod.:<\/strong> Bern\u00e1dy; Id\u0151t\u00e1r 2.<\/br><\/p>\n","protected":false},"excerpt":{"rendered":"<p>? \u2020 ?: \u00e1llom\u00e1sf\u0151n\u00f6k. \u2013 Mv.-en volt M\u00c1V-\u00e1llom\u00e1sf\u0151n\u00f6k, a kir\u00e1ly kit\u00fcntette (1915. szept. 28.). Nagyv\u00e1radra (V\u00e1rad-Velence \u00e1llom\u00e1s) helyezt\u00e9k \u00e1t. Irod.: Bern\u00e1dy; Id\u0151t\u00e1r 2.<\/p>\n","protected":false},"featured_media":0,"comment_status":"open","ping_status":"closed","template":"","meta":[],"product_brand":[],"product_cat":[137],"product_tag":[],"class_list":{"0":"post-1762","1":"product","2":"type-product","3":"status-publish","5":"product_cat-maros-megyei-eletrajzi-lexikon","7":"first","8":"instock","9":"shipping-taxable","10":"product-type-simple"},"_links":{"self":[{"href":"https:\/\/uj.adatbank.ro\/lexikon\/wp-json\/wp\/v2\/product\/1762","targetHints":{"allow":["GET"]}}],"collection":[{"href":"https:\/\/uj.adatbank.ro\/lexikon\/wp-json\/wp\/v2\/product"}],"about":[{"href":"https:\/\/uj.adatbank.ro\/lexikon\/wp-json\/wp\/v2\/types\/product"}],"replies":[{"embeddable":true,"href":"https:\/\/uj.adatbank.ro\/lexikon\/wp-json\/wp\/v2\/comments?post=1762"}],"wp:attachment":[{"href":"https:\/\/uj.adatbank.ro\/lexikon\/wp-json\/wp\/v2\/media?parent=1762"}],"wp:term":[{"taxonomy":"product_brand","embeddable":true,"href":"https:\/\/uj.adatbank.ro\/lexikon\/wp-json\/wp\/v2\/product_brand?post=1762"},{"taxonomy":"product_cat","embeddable":true,"href":"https:\/\/uj.adatbank.ro\/lexikon\/wp-json\/wp\/v2\/product_cat?post=1762"},{"taxonomy":"product_tag","embeddable":true,"href":"https:\/\/uj.adatbank.ro\/lexikon\/wp-json\/wp\/v2\/product_tag?post=1762"}],"curies":[{"name":"wp","href":"https:\/\/api.w.org\/{rel}","templated":true}]}}