{"id":17621,"date":"2025-07-16T10:21:48","date_gmt":"2025-07-16T08:21:48","guid":{"rendered":"https:\/\/uj.adatbank.ro\/lexikon\/termek\/papp-george\/"},"modified":"2025-07-16T10:21:48","modified_gmt":"2025-07-16T08:21:48","slug":"papp-george","status":"publish","type":"product","link":"https:\/\/uj.adatbank.ro\/lexikon\/termek\/papp-george\/","title":{"rendered":"PAPP George"},"content":{"rendered":"<p>Marosludas, 1861 \u2020 ?: tan\u00e1r. \u2013 Apja pap volt. Tanult Brass\u00f3ban, majd a lipcsei egy. B\u00f6lcs\u00e9sz Kar\u00e1n (1893\u2013) amikor 32 \u00e9ves g. keleti vall\u00e1s\u00fa.Tal\u00e1n azonos azzal aki az aradi \u00e1llami f\u0151gimn\u00e1ziumban tan\u00edtott (1898\u20131906). <br \/><strong>Irod.:<\/strong> Szab\u00f3\u2013Simon\u2013Sz\u00f6gi<\/br><\/p>\n","protected":false},"excerpt":{"rendered":"<p>Marosludas, 1861 \u2020 ?: tan\u00e1r. \u2013 Apja pap volt. Tanult Brass\u00f3ban, majd a lipcsei egy. B\u00f6lcs\u00e9sz Kar\u00e1n (1893\u2013) amikor 32 \u00e9ves g. keleti vall\u00e1s\u00fa.Tal\u00e1n azonos azzal aki az aradi \u00e1llami f\u0151gimn\u00e1ziumban tan\u00edtott (1898\u20131906). Irod.: Szab\u00f3\u2013Simon\u2013Sz\u00f6gi<\/p>\n","protected":false},"featured_media":0,"comment_status":"open","ping_status":"closed","template":"","meta":[],"product_brand":[],"product_cat":[137],"product_tag":[],"class_list":{"0":"post-17621","1":"product","2":"type-product","3":"status-publish","5":"product_cat-maros-megyei-eletrajzi-lexikon","7":"first","8":"instock","9":"shipping-taxable","10":"product-type-simple"},"_links":{"self":[{"href":"https:\/\/uj.adatbank.ro\/lexikon\/wp-json\/wp\/v2\/product\/17621","targetHints":{"allow":["GET"]}}],"collection":[{"href":"https:\/\/uj.adatbank.ro\/lexikon\/wp-json\/wp\/v2\/product"}],"about":[{"href":"https:\/\/uj.adatbank.ro\/lexikon\/wp-json\/wp\/v2\/types\/product"}],"replies":[{"embeddable":true,"href":"https:\/\/uj.adatbank.ro\/lexikon\/wp-json\/wp\/v2\/comments?post=17621"}],"wp:attachment":[{"href":"https:\/\/uj.adatbank.ro\/lexikon\/wp-json\/wp\/v2\/media?parent=17621"}],"wp:term":[{"taxonomy":"product_brand","embeddable":true,"href":"https:\/\/uj.adatbank.ro\/lexikon\/wp-json\/wp\/v2\/product_brand?post=17621"},{"taxonomy":"product_cat","embeddable":true,"href":"https:\/\/uj.adatbank.ro\/lexikon\/wp-json\/wp\/v2\/product_cat?post=17621"},{"taxonomy":"product_tag","embeddable":true,"href":"https:\/\/uj.adatbank.ro\/lexikon\/wp-json\/wp\/v2\/product_tag?post=17621"}],"curies":[{"name":"wp","href":"https:\/\/api.w.org\/{rel}","templated":true}]}}