{"id":17622,"date":"2025-07-16T10:21:49","date_gmt":"2025-07-16T08:21:49","guid":{"rendered":"https:\/\/uj.adatbank.ro\/lexikon\/termek\/papp-geza\/"},"modified":"2025-07-16T10:21:49","modified_gmt":"2025-07-16T08:21:49","slug":"papp-geza","status":"publish","type":"product","link":"https:\/\/uj.adatbank.ro\/lexikon\/termek\/papp-geza\/","title":{"rendered":"PAPP G\u00e9za"},"content":{"rendered":"<p>Mv., 1919. okt. 31., \u2020\u00a0Kv., ?: katonatiszt. \u2013 A kv.-i Hadseregparancsnoks\u00e1gon k\u00f6nyvel\u0151, \u0151rnagyi rangban. Letart\u00f3ztatt\u00e1k (1957. jan. 19.) \u00e9s a magyar forradalommal val\u00f3 egy\u00fctt\u00e9rz\u00e9s kinyilv\u00e1n\u00edt\u00e1sa miatt 7 \u00e9vre \u00edt\u00e9lt\u00e9k. Szamos\u00fajv\u00e1ron, a Duna-delt\u00e1ban \u00e9s a Br\u0103ilai Nagysziget munkat\u00e1boraiban raboskodott. Innen szabadult (1963. febr. 13.).Szabadul\u00e1sa ut\u00e1n Kv-on villanyszerel\u0151 nyugd\u00edjaz\u00e1s\u00e1ig. <br \/><strong>Irod.:<\/strong>1956 Erd\u00e9lyben<\/br><\/p>\n","protected":false},"excerpt":{"rendered":"<p>Mv., 1919. okt. 31., \u2020\u00a0Kv., ?: katonatiszt. \u2013 A kv.-i Hadseregparancsnoks\u00e1gon k\u00f6nyvel\u0151, \u0151rnagyi rangban. Letart\u00f3ztatt\u00e1k (1957. jan. 19.) \u00e9s a magyar forradalommal val\u00f3 egy\u00fctt\u00e9rz\u00e9s kinyilv\u00e1n\u00edt\u00e1sa miatt 7 \u00e9vre \u00edt\u00e9lt\u00e9k. Szamos\u00fajv\u00e1ron, a Duna-delt\u00e1ban \u00e9s a Br\u0103ilai Nagysziget munkat\u00e1boraiban raboskodott. Innen szabadult (1963. febr. 13.).Szabadul\u00e1sa ut\u00e1n Kv-on villanyszerel\u0151 nyugd\u00edjaz\u00e1s\u00e1ig. Irod.:1956 Erd\u00e9lyben<\/p>\n","protected":false},"featured_media":0,"comment_status":"open","ping_status":"closed","template":"","meta":[],"product_brand":[],"product_cat":[137],"product_tag":[],"class_list":{"0":"post-17622","1":"product","2":"type-product","3":"status-publish","5":"product_cat-maros-megyei-eletrajzi-lexikon","7":"first","8":"instock","9":"shipping-taxable","10":"product-type-simple"},"_links":{"self":[{"href":"https:\/\/uj.adatbank.ro\/lexikon\/wp-json\/wp\/v2\/product\/17622","targetHints":{"allow":["GET"]}}],"collection":[{"href":"https:\/\/uj.adatbank.ro\/lexikon\/wp-json\/wp\/v2\/product"}],"about":[{"href":"https:\/\/uj.adatbank.ro\/lexikon\/wp-json\/wp\/v2\/types\/product"}],"replies":[{"embeddable":true,"href":"https:\/\/uj.adatbank.ro\/lexikon\/wp-json\/wp\/v2\/comments?post=17622"}],"wp:attachment":[{"href":"https:\/\/uj.adatbank.ro\/lexikon\/wp-json\/wp\/v2\/media?parent=17622"}],"wp:term":[{"taxonomy":"product_brand","embeddable":true,"href":"https:\/\/uj.adatbank.ro\/lexikon\/wp-json\/wp\/v2\/product_brand?post=17622"},{"taxonomy":"product_cat","embeddable":true,"href":"https:\/\/uj.adatbank.ro\/lexikon\/wp-json\/wp\/v2\/product_cat?post=17622"},{"taxonomy":"product_tag","embeddable":true,"href":"https:\/\/uj.adatbank.ro\/lexikon\/wp-json\/wp\/v2\/product_tag?post=17622"}],"curies":[{"name":"wp","href":"https:\/\/api.w.org\/{rel}","templated":true}]}}