{"id":17624,"date":"2025-07-16T10:21:54","date_gmt":"2025-07-16T08:21:54","guid":{"rendered":"https:\/\/uj.adatbank.ro\/lexikon\/termek\/papp-imre\/"},"modified":"2025-07-16T10:21:54","modified_gmt":"2025-07-16T08:21:54","slug":"papp-imre","status":"publish","type":"product","link":"https:\/\/uj.adatbank.ro\/lexikon\/termek\/papp-imre\/","title":{"rendered":"PAPP Imre"},"content":{"rendered":"<p>? \u2020\u00a0?: tisztvisel\u0151. \u2013 P. L\u00e1szl\u00f3 fia. Iskol\u00e1i elv\u00e9gezt\u00e9vel Cs\u00edkszered\u00e1ba ment dolgozni, ahonnan a 40- ???? es k\u00e9pz\u0151m\u0171v\u00e9sz. Gr. kat. \u2013 Tanult B\u00e9csben (1815). <br \/><strong>Irod.:<\/strong> Szab\u00f3-Sz\u00f6gi<\/br><\/p>\n","protected":false},"excerpt":{"rendered":"<p>? \u2020\u00a0?: tisztvisel\u0151. \u2013 P. L\u00e1szl\u00f3 fia. Iskol\u00e1i elv\u00e9gezt\u00e9vel Cs\u00edkszered\u00e1ba ment dolgozni, ahonnan a 40- ???? es k\u00e9pz\u0151m\u0171v\u00e9sz. Gr. kat. \u2013 Tanult B\u00e9csben (1815). Irod.: Szab\u00f3-Sz\u00f6gi<\/p>\n","protected":false},"featured_media":0,"comment_status":"open","ping_status":"closed","template":"","meta":[],"product_brand":[],"product_cat":[137],"product_tag":[],"class_list":{"0":"post-17624","1":"product","2":"type-product","3":"status-publish","5":"product_cat-maros-megyei-eletrajzi-lexikon","7":"first","8":"instock","9":"shipping-taxable","10":"product-type-simple"},"_links":{"self":[{"href":"https:\/\/uj.adatbank.ro\/lexikon\/wp-json\/wp\/v2\/product\/17624","targetHints":{"allow":["GET"]}}],"collection":[{"href":"https:\/\/uj.adatbank.ro\/lexikon\/wp-json\/wp\/v2\/product"}],"about":[{"href":"https:\/\/uj.adatbank.ro\/lexikon\/wp-json\/wp\/v2\/types\/product"}],"replies":[{"embeddable":true,"href":"https:\/\/uj.adatbank.ro\/lexikon\/wp-json\/wp\/v2\/comments?post=17624"}],"wp:attachment":[{"href":"https:\/\/uj.adatbank.ro\/lexikon\/wp-json\/wp\/v2\/media?parent=17624"}],"wp:term":[{"taxonomy":"product_brand","embeddable":true,"href":"https:\/\/uj.adatbank.ro\/lexikon\/wp-json\/wp\/v2\/product_brand?post=17624"},{"taxonomy":"product_cat","embeddable":true,"href":"https:\/\/uj.adatbank.ro\/lexikon\/wp-json\/wp\/v2\/product_cat?post=17624"},{"taxonomy":"product_tag","embeddable":true,"href":"https:\/\/uj.adatbank.ro\/lexikon\/wp-json\/wp\/v2\/product_tag?post=17624"}],"curies":[{"name":"wp","href":"https:\/\/api.w.org\/{rel}","templated":true}]}}