{"id":17626,"date":"2025-07-16T10:21:57","date_gmt":"2025-07-16T08:21:57","guid":{"rendered":"https:\/\/uj.adatbank.ro\/lexikon\/termek\/papp-janos-2\/"},"modified":"2025-07-16T10:21:57","modified_gmt":"2025-07-16T08:21:57","slug":"papp-janos-2","status":"publish","type":"product","link":"https:\/\/uj.adatbank.ro\/lexikon\/termek\/papp-janos-2\/","title":{"rendered":"PAPP J\u00e1nos"},"content":{"rendered":"<p>1828., \u2020\u00a0Mv., 1908.: honv\u00e9d husz\u00e1r. Szecesszi\u00f3s st\u00edlus\u00fa kript\u00e1ja a mv.-i ref. temet\u0151ben. \u2013 Feles\u00e9ge: Solt\u00e9sz Rachel (1835\u20131914). \u2013 Honv\u00e9d husz\u00e1r (1848\u201349). <br \/><strong>Irod.:<\/strong> Csepreghy 2010<\/br><\/p>\n","protected":false},"excerpt":{"rendered":"<p>1828., \u2020\u00a0Mv., 1908.: honv\u00e9d husz\u00e1r. Szecesszi\u00f3s st\u00edlus\u00fa kript\u00e1ja a mv.-i ref. temet\u0151ben. \u2013 Feles\u00e9ge: Solt\u00e9sz Rachel (1835\u20131914). \u2013 Honv\u00e9d husz\u00e1r (1848\u201349). Irod.: Csepreghy 2010<\/p>\n","protected":false},"featured_media":0,"comment_status":"open","ping_status":"closed","template":"","meta":[],"product_brand":[],"product_cat":[137],"product_tag":[],"class_list":{"0":"post-17626","1":"product","2":"type-product","3":"status-publish","5":"product_cat-maros-megyei-eletrajzi-lexikon","7":"first","8":"instock","9":"shipping-taxable","10":"product-type-simple"},"_links":{"self":[{"href":"https:\/\/uj.adatbank.ro\/lexikon\/wp-json\/wp\/v2\/product\/17626","targetHints":{"allow":["GET"]}}],"collection":[{"href":"https:\/\/uj.adatbank.ro\/lexikon\/wp-json\/wp\/v2\/product"}],"about":[{"href":"https:\/\/uj.adatbank.ro\/lexikon\/wp-json\/wp\/v2\/types\/product"}],"replies":[{"embeddable":true,"href":"https:\/\/uj.adatbank.ro\/lexikon\/wp-json\/wp\/v2\/comments?post=17626"}],"wp:attachment":[{"href":"https:\/\/uj.adatbank.ro\/lexikon\/wp-json\/wp\/v2\/media?parent=17626"}],"wp:term":[{"taxonomy":"product_brand","embeddable":true,"href":"https:\/\/uj.adatbank.ro\/lexikon\/wp-json\/wp\/v2\/product_brand?post=17626"},{"taxonomy":"product_cat","embeddable":true,"href":"https:\/\/uj.adatbank.ro\/lexikon\/wp-json\/wp\/v2\/product_cat?post=17626"},{"taxonomy":"product_tag","embeddable":true,"href":"https:\/\/uj.adatbank.ro\/lexikon\/wp-json\/wp\/v2\/product_tag?post=17626"}],"curies":[{"name":"wp","href":"https:\/\/api.w.org\/{rel}","templated":true}]}}