{"id":17627,"date":"2025-07-16T10:21:59","date_gmt":"2025-07-16T08:21:59","guid":{"rendered":"https:\/\/uj.adatbank.ro\/lexikon\/termek\/papp-janos-3\/"},"modified":"2025-07-16T10:21:59","modified_gmt":"2025-07-16T08:21:59","slug":"papp-janos-3","status":"publish","type":"product","link":"https:\/\/uj.adatbank.ro\/lexikon\/termek\/papp-janos-3\/","title":{"rendered":"PAPP J\u00e1nos"},"content":{"rendered":"<p>K\u00f6rtv\u00e9lyf\u00e1ja, 1890., \u2020\u00a0?: gazd\u00e1lkod\u00f3. \u2013 Iskol\u00e1i elv\u00e9gz\u00e9se ut\u00e1n apja mellett gazd\u00e1lkodni tanult. Az els\u0151 vh.-ban a 22. gy. e.-ben az orosz fronton harcolt, s\u00falyosan megsebes\u00fclt, az I. II. ez\u00fcst \u00e9s bronz v. \u00e9. \u00e9s a K\u00e1roly Csapatkereszttel t\u00fcntett\u00e9k ki. Radn\u00f3tf\u00e1j\u00e1n a ref. egyh\u00e1z presbitere, a f\u00fav\u00f3szenekar tagja, k\u00f6zs\u00e9gi p\u00e9nzt\u00e1ros volt. <br \/><strong>Irod.:<\/strong> Sz\u00e9kelyf\u00f6ld \u00ed.k.<\/br><\/p>\n","protected":false},"excerpt":{"rendered":"<p>K\u00f6rtv\u00e9lyf\u00e1ja, 1890., \u2020\u00a0?: gazd\u00e1lkod\u00f3. \u2013 Iskol\u00e1i elv\u00e9gz\u00e9se ut\u00e1n apja mellett gazd\u00e1lkodni tanult. Az els\u0151 vh.-ban a 22. gy. e.-ben az orosz fronton harcolt, s\u00falyosan megsebes\u00fclt, az I. II. ez\u00fcst \u00e9s bronz v. \u00e9. \u00e9s a K\u00e1roly Csapatkereszttel t\u00fcntett\u00e9k ki. Radn\u00f3tf\u00e1j\u00e1n a ref. egyh\u00e1z presbitere, a f\u00fav\u00f3szenekar tagja, k\u00f6zs\u00e9gi p\u00e9nzt\u00e1ros volt. Irod.: Sz\u00e9kelyf\u00f6ld \u00ed.k.<\/p>\n","protected":false},"featured_media":0,"comment_status":"open","ping_status":"closed","template":"","meta":[],"product_brand":[],"product_cat":[137],"product_tag":[],"class_list":{"0":"post-17627","1":"product","2":"type-product","3":"status-publish","5":"product_cat-maros-megyei-eletrajzi-lexikon","7":"first","8":"instock","9":"shipping-taxable","10":"product-type-simple"},"_links":{"self":[{"href":"https:\/\/uj.adatbank.ro\/lexikon\/wp-json\/wp\/v2\/product\/17627","targetHints":{"allow":["GET"]}}],"collection":[{"href":"https:\/\/uj.adatbank.ro\/lexikon\/wp-json\/wp\/v2\/product"}],"about":[{"href":"https:\/\/uj.adatbank.ro\/lexikon\/wp-json\/wp\/v2\/types\/product"}],"replies":[{"embeddable":true,"href":"https:\/\/uj.adatbank.ro\/lexikon\/wp-json\/wp\/v2\/comments?post=17627"}],"wp:attachment":[{"href":"https:\/\/uj.adatbank.ro\/lexikon\/wp-json\/wp\/v2\/media?parent=17627"}],"wp:term":[{"taxonomy":"product_brand","embeddable":true,"href":"https:\/\/uj.adatbank.ro\/lexikon\/wp-json\/wp\/v2\/product_brand?post=17627"},{"taxonomy":"product_cat","embeddable":true,"href":"https:\/\/uj.adatbank.ro\/lexikon\/wp-json\/wp\/v2\/product_cat?post=17627"},{"taxonomy":"product_tag","embeddable":true,"href":"https:\/\/uj.adatbank.ro\/lexikon\/wp-json\/wp\/v2\/product_tag?post=17627"}],"curies":[{"name":"wp","href":"https:\/\/api.w.org\/{rel}","templated":true}]}}