{"id":1763,"date":"2025-06-28T11:52:22","date_gmt":"2025-06-28T09:52:22","guid":{"rendered":"https:\/\/uj.adatbank.ro\/lexikon\/termek\/al-george-sergiu-%c2%a7\/"},"modified":"2025-06-28T11:52:22","modified_gmt":"2025-06-28T09:52:22","slug":"al-george-sergiu-%c2%a7","status":"publish","type":"product","link":"https:\/\/uj.adatbank.ro\/lexikon\/termek\/al-george-sergiu-%c2%a7\/","title":{"rendered":"AL-GEORGE Sergiu, \u00a7"},"content":{"rendered":"<p>Mv., 1922. szept. 13., \u2020 Buk., 1981. nov. 9.: orvos, nyelv\u00e9sz, orientalista, filoz\u00f3fus, ford\u00edt\u00f3. \u2013 Iskol\u00e1it a mv.-i Mihai Viteazul katonaiskol\u00e1ban kezdte, majd Kisinyovban \u00e9s Buk.-ben a Matei Basarab Lic.-ban fejezte be (1939), orvosi tanulm\u00e1nyokat is Buk.-ben folytatott (1949). Szanszkrit nyelvet tanult. Buk.-ben orr-f\u00fcl-g\u00e9g\u00e9sz szakorvosk\u00e9nt dolgozott, immuniol\u00f3giai kutat\u00e1sokat is folytatott. A \u201dt\u00e1rsadalomi rend elleni izgat\u00e1s\u00e9rt\u201d, valamint M. Eliade, C. Noica \u00e9s E. Cioran m\u0171veinek olvas\u00e1s\u00e1\u00e9rt, beb\u00f6rt\u00f6n\u00f6zt\u00e9k (1958\u201364). A buk.-i Egyetem Keleti Nyelvek Fakult\u00e1s\u00e1n filoz\u00f3fi\u00e1t \u00e9s indiai civiliz\u00e1ci\u00f3 el\u0151ad\u00e1ssorozatot tartott (1971\u201373). Az orvostudom\u00e1ny \u00e9s az indiai filoz\u00f3fia \u00e9s civiliz\u00e1ci\u00f3 k\u00f6r\u00e9b\u0151l k\u00f6z\u00f6lt szakdolgozatokat \u00e9s tanulm\u00e1nyokat, ford\u00edtott szanszkrit nyelv\u0171 m\u0171veket. A Rom\u00e1niai Orientalista Tanulm\u00e1nyok Egyes\u00fclet\u00e9nek alap\u00edt\u00f3 tagja (1956), aleln\u00f6ke (1976). T\u00f6bb orientalita kongresszuson vett r\u00e9szt. \u2013 <strong>F. m.:<\/strong> Tratat de laringologie (Buc., 1958); Tratatul de foniatrie (Buc., 1958); Filosofia indian\u0103 \u00een texte (Buc., 1971); Limb\u0103 \u015fi g\u00eendire \u00een cultura indian\u0103: introducere in semiologia indiana (Buc., 1976); Arhaic \u015fi universal: India \u00een con\u015ftiin\u0163a \u015fi cultura rom\u00e2neasc\u0103 (Buc., 1981; 1997); <strong>t\u00e1rssz.:<\/strong> Filozofia limbajului din antichitate p\u00e2n\u0103 in secolul al XVIII-lea in texte \u015fi studii (egy\u00fctt Lucia Vald-dal; Buc.,1983); <strong>szerk.:<\/strong> Imnuri vedice (el\u0151sz\u00f3; Buc., 1969); <strong>ford.:<\/strong> Istoria Indiei (Buc., 1958); Filozofia indian\u0103 \u00een texte: Bhagavad-gita, Samkhyakarita, Tarka-Samgraha (ford., jegyzetek; Buc.,1971); Bhagavad-gita (ford.,jegyzetek; Buc.,1992). <br \/><strong>Irod.:<\/strong> Al-George, Dorina. \u015eocul amintirilor (Buc., 1994.); Cosma; DGLR; DSR; Guly\u00e1s; Handoca, Mircea: Voca\u0163ia autenticit\u0103\u0163ii: interviu cu S. Al-George (Rom\u00e2nia literar\u0103, nr. 48., 26. nov. 1981.)<\/br><\/p>\n","protected":false},"excerpt":{"rendered":"<p>Mv., 1922. szept. 13., \u2020 Buk., 1981. nov. 9.: orvos, nyelv\u00e9sz, orientalista, filoz\u00f3fus, ford\u00edt\u00f3. \u2013 Iskol\u00e1it a mv.-i Mihai Viteazul katonaiskol\u00e1ban kezdte, majd Kisinyovban \u00e9s Buk.-ben a Matei Basarab Lic.-ban fejezte be (1939), orvosi tanulm\u00e1nyokat is Buk.-ben folytatott (1949). Szanszkrit nyelvet tanult. Buk.-ben orr-f\u00fcl-g\u00e9g\u00e9sz szakorvosk\u00e9nt dolgozott, immuniol\u00f3giai kutat\u00e1sokat is folytatott. A \u201dt\u00e1rsadalomi rend elleni izgat\u00e1s\u00e9rt\u201d, [&hellip;]<\/p>\n","protected":false},"featured_media":0,"comment_status":"open","ping_status":"closed","template":"","meta":[],"product_brand":[],"product_cat":[137],"product_tag":[],"class_list":{"0":"post-1763","1":"product","2":"type-product","3":"status-publish","5":"product_cat-maros-megyei-eletrajzi-lexikon","7":"first","8":"instock","9":"shipping-taxable","10":"product-type-simple"},"_links":{"self":[{"href":"https:\/\/uj.adatbank.ro\/lexikon\/wp-json\/wp\/v2\/product\/1763","targetHints":{"allow":["GET"]}}],"collection":[{"href":"https:\/\/uj.adatbank.ro\/lexikon\/wp-json\/wp\/v2\/product"}],"about":[{"href":"https:\/\/uj.adatbank.ro\/lexikon\/wp-json\/wp\/v2\/types\/product"}],"replies":[{"embeddable":true,"href":"https:\/\/uj.adatbank.ro\/lexikon\/wp-json\/wp\/v2\/comments?post=1763"}],"wp:attachment":[{"href":"https:\/\/uj.adatbank.ro\/lexikon\/wp-json\/wp\/v2\/media?parent=1763"}],"wp:term":[{"taxonomy":"product_brand","embeddable":true,"href":"https:\/\/uj.adatbank.ro\/lexikon\/wp-json\/wp\/v2\/product_brand?post=1763"},{"taxonomy":"product_cat","embeddable":true,"href":"https:\/\/uj.adatbank.ro\/lexikon\/wp-json\/wp\/v2\/product_cat?post=1763"},{"taxonomy":"product_tag","embeddable":true,"href":"https:\/\/uj.adatbank.ro\/lexikon\/wp-json\/wp\/v2\/product_tag?post=1763"}],"curies":[{"name":"wp","href":"https:\/\/api.w.org\/{rel}","templated":true}]}}