{"id":17632,"date":"2025-07-16T10:22:12","date_gmt":"2025-07-16T08:22:12","guid":{"rendered":"https:\/\/uj.adatbank.ro\/lexikon\/termek\/papp-joannes\/"},"modified":"2025-07-16T10:22:12","modified_gmt":"2025-07-16T08:22:12","slug":"papp-joannes","status":"publish","type":"product","link":"https:\/\/uj.adatbank.ro\/lexikon\/termek\/papp-joannes\/","title":{"rendered":"PAPP Joannes"},"content":{"rendered":"<p>G\u00f6rg\u00e9nys\u00f3akna, 1841. aug. 14., \u2020 1911. ut\u00e1n : g. kat. pap. \u2013 Miut\u00e1n elv\u00e9gezte a gimn.-ot \u00e9s a k\u00e9t \u00e9ves teol\u00f3gi\u00e1t (1864), papp\u00e1szentelt\u00e9k \u00e9s \u015euli\u0163iu mitropolita G\u00f6rg\u00e9nys\u00f3akn\u00e1ra helyezte (1864). <br \/><strong>Irod.:<\/strong> Dobozi<\/br><\/p>\n","protected":false},"excerpt":{"rendered":"<p>G\u00f6rg\u00e9nys\u00f3akna, 1841. aug. 14., \u2020 1911. ut\u00e1n : g. kat. pap. \u2013 Miut\u00e1n elv\u00e9gezte a gimn.-ot \u00e9s a k\u00e9t \u00e9ves teol\u00f3gi\u00e1t (1864), papp\u00e1szentelt\u00e9k \u00e9s \u015euli\u0163iu mitropolita G\u00f6rg\u00e9nys\u00f3akn\u00e1ra helyezte (1864). Irod.: Dobozi<\/p>\n","protected":false},"featured_media":0,"comment_status":"open","ping_status":"closed","template":"","meta":[],"product_brand":[],"product_cat":[137],"product_tag":[],"class_list":{"0":"post-17632","1":"product","2":"type-product","3":"status-publish","5":"product_cat-maros-megyei-eletrajzi-lexikon","7":"first","8":"instock","9":"shipping-taxable","10":"product-type-simple"},"_links":{"self":[{"href":"https:\/\/uj.adatbank.ro\/lexikon\/wp-json\/wp\/v2\/product\/17632","targetHints":{"allow":["GET"]}}],"collection":[{"href":"https:\/\/uj.adatbank.ro\/lexikon\/wp-json\/wp\/v2\/product"}],"about":[{"href":"https:\/\/uj.adatbank.ro\/lexikon\/wp-json\/wp\/v2\/types\/product"}],"replies":[{"embeddable":true,"href":"https:\/\/uj.adatbank.ro\/lexikon\/wp-json\/wp\/v2\/comments?post=17632"}],"wp:attachment":[{"href":"https:\/\/uj.adatbank.ro\/lexikon\/wp-json\/wp\/v2\/media?parent=17632"}],"wp:term":[{"taxonomy":"product_brand","embeddable":true,"href":"https:\/\/uj.adatbank.ro\/lexikon\/wp-json\/wp\/v2\/product_brand?post=17632"},{"taxonomy":"product_cat","embeddable":true,"href":"https:\/\/uj.adatbank.ro\/lexikon\/wp-json\/wp\/v2\/product_cat?post=17632"},{"taxonomy":"product_tag","embeddable":true,"href":"https:\/\/uj.adatbank.ro\/lexikon\/wp-json\/wp\/v2\/product_tag?post=17632"}],"curies":[{"name":"wp","href":"https:\/\/api.w.org\/{rel}","templated":true}]}}