{"id":17642,"date":"2025-07-16T10:22:33","date_gmt":"2025-07-16T08:22:33","guid":{"rendered":"https:\/\/uj.adatbank.ro\/lexikon\/termek\/papp-jozsef-popp-jozsef\/"},"modified":"2025-07-16T10:22:33","modified_gmt":"2025-07-16T08:22:33","slug":"papp-jozsef-popp-jozsef","status":"publish","type":"product","link":"https:\/\/uj.adatbank.ro\/lexikon\/termek\/papp-jozsef-popp-jozsef\/","title":{"rendered":"PAPP J\u00f3zsef, Popp J\u00f3zsef"},"content":{"rendered":"<p>Resica, 1869. m\u00e1rc. 5., \u2020\u00a01927. okt. 24.: r. k. pap. \u2013 Gyulafeh\u00e9rv\u00e1ron tanult. Papp\u00e1 szentelt\u00e9k (1893. j\u00fal. 16.).K\u00e1pl\u00e1n Beszterc\u00e9n, Nagyszebenben. Lelkip\u00e1sztor Fels\u0151csert\u00e9s \u2013 Hondolon, Nagy\u00e1gon, Lup\u00e9nyban, Holcm\u00e1nyban, S\u00e1rpatakon (1908\u2013). <br \/><strong>Irod.:<\/strong> Ferenczi S\u00e1ndor 2009<\/br><\/p>\n","protected":false},"excerpt":{"rendered":"<p>Resica, 1869. m\u00e1rc. 5., \u2020\u00a01927. okt. 24.: r. k. pap. \u2013 Gyulafeh\u00e9rv\u00e1ron tanult. Papp\u00e1 szentelt\u00e9k (1893. j\u00fal. 16.).K\u00e1pl\u00e1n Beszterc\u00e9n, Nagyszebenben. Lelkip\u00e1sztor Fels\u0151csert\u00e9s \u2013 Hondolon, Nagy\u00e1gon, Lup\u00e9nyban, Holcm\u00e1nyban, S\u00e1rpatakon (1908\u2013). Irod.: Ferenczi S\u00e1ndor 2009<\/p>\n","protected":false},"featured_media":0,"comment_status":"open","ping_status":"closed","template":"","meta":[],"product_brand":[],"product_cat":[137],"product_tag":[],"class_list":{"0":"post-17642","1":"product","2":"type-product","3":"status-publish","5":"product_cat-maros-megyei-eletrajzi-lexikon","7":"first","8":"instock","9":"shipping-taxable","10":"product-type-simple"},"_links":{"self":[{"href":"https:\/\/uj.adatbank.ro\/lexikon\/wp-json\/wp\/v2\/product\/17642","targetHints":{"allow":["GET"]}}],"collection":[{"href":"https:\/\/uj.adatbank.ro\/lexikon\/wp-json\/wp\/v2\/product"}],"about":[{"href":"https:\/\/uj.adatbank.ro\/lexikon\/wp-json\/wp\/v2\/types\/product"}],"replies":[{"embeddable":true,"href":"https:\/\/uj.adatbank.ro\/lexikon\/wp-json\/wp\/v2\/comments?post=17642"}],"wp:attachment":[{"href":"https:\/\/uj.adatbank.ro\/lexikon\/wp-json\/wp\/v2\/media?parent=17642"}],"wp:term":[{"taxonomy":"product_brand","embeddable":true,"href":"https:\/\/uj.adatbank.ro\/lexikon\/wp-json\/wp\/v2\/product_brand?post=17642"},{"taxonomy":"product_cat","embeddable":true,"href":"https:\/\/uj.adatbank.ro\/lexikon\/wp-json\/wp\/v2\/product_cat?post=17642"},{"taxonomy":"product_tag","embeddable":true,"href":"https:\/\/uj.adatbank.ro\/lexikon\/wp-json\/wp\/v2\/product_tag?post=17642"}],"curies":[{"name":"wp","href":"https:\/\/api.w.org\/{rel}","templated":true}]}}