{"id":17643,"date":"2025-07-16T10:22:34","date_gmt":"2025-07-16T08:22:34","guid":{"rendered":"https:\/\/uj.adatbank.ro\/lexikon\/termek\/papp-jozsef-asztrik\/"},"modified":"2025-07-16T10:22:34","modified_gmt":"2025-07-16T08:22:34","slug":"papp-jozsef-asztrik","status":"publish","type":"product","link":"https:\/\/uj.adatbank.ro\/lexikon\/termek\/papp-jozsef-asztrik\/","title":{"rendered":"PAPP J\u00f3zsef Asztrik"},"content":{"rendered":"<p>Segesv\u00e1r, 1916. \u00e1pr. 27., \u2020 Brass\u00f3, 1985. j\u00fal. 17.: ferencrendi szerzetes. \u2013 Letart\u00f3ztat\u00e1sakor (1960. szept. 24.) Gyergy\u00f3sz\u00e1rhegyen volt szerzetes. A kv.-i Katonai B\u00edr\u00f3s\u00e1g a t\u00e1rsadalmi rend elleni t\u00e9nyked\u00e9s \u00e9s feljelent\u00e9s elmulaszt\u00e1sa v\u00e1dj\u00e1val 12 \u00e9v b\u00f6rt\u00f6nre \u00edt\u00e9lte. A Brailai Nagysziget \u00e9s a Duna-delta k\u00e9nysszermunka-t\u00e1boraiban dolgozott. Kiszbadul\u00e1sa (1964. j\u00fal. ) ut\u00e1n a sz\u00e1rhegyi kolostor templomigazgat\u00f3ja (\u20131970), k\u00f6zben Ny\u00e1r\u00e1dsely\u00e9n pl\u00e9b\u00e1nos (1966\u201371), a d\u00e9si rendh\u00e1z f\u0151n\u00f6ke (1976\u201384), majd Fogarason kiseg\u00edt\u0151 lelk\u00e9sz (1985). Tiszt\u00e1zatlan k\u00f6r\u00fclm\u00e9nyek k\u00f6z\u00f6tt S\u00e1rk\u00e1nyn\u00e1l kiesett a vonatb\u00f3l, s a s\u00falyos zuz\u00f3d\u00e1sok k\u00f6vetkezt\u00e9ben meghalt <br \/><strong>Irod.:<\/strong>1956 Erd\u00e9lyben<\/br><\/p>\n","protected":false},"excerpt":{"rendered":"<p>Segesv\u00e1r, 1916. \u00e1pr. 27., \u2020 Brass\u00f3, 1985. j\u00fal. 17.: ferencrendi szerzetes. \u2013 Letart\u00f3ztat\u00e1sakor (1960. szept. 24.) Gyergy\u00f3sz\u00e1rhegyen volt szerzetes. A kv.-i Katonai B\u00edr\u00f3s\u00e1g a t\u00e1rsadalmi rend elleni t\u00e9nyked\u00e9s \u00e9s feljelent\u00e9s elmulaszt\u00e1sa v\u00e1dj\u00e1val 12 \u00e9v b\u00f6rt\u00f6nre \u00edt\u00e9lte. A Brailai Nagysziget \u00e9s a Duna-delta k\u00e9nysszermunka-t\u00e1boraiban dolgozott. Kiszbadul\u00e1sa (1964. j\u00fal. ) ut\u00e1n a sz\u00e1rhegyi kolostor templomigazgat\u00f3ja (\u20131970), k\u00f6zben [&hellip;]<\/p>\n","protected":false},"featured_media":0,"comment_status":"open","ping_status":"closed","template":"","meta":[],"product_brand":[],"product_cat":[137],"product_tag":[],"class_list":{"0":"post-17643","1":"product","2":"type-product","3":"status-publish","5":"product_cat-maros-megyei-eletrajzi-lexikon","7":"first","8":"instock","9":"shipping-taxable","10":"product-type-simple"},"_links":{"self":[{"href":"https:\/\/uj.adatbank.ro\/lexikon\/wp-json\/wp\/v2\/product\/17643","targetHints":{"allow":["GET"]}}],"collection":[{"href":"https:\/\/uj.adatbank.ro\/lexikon\/wp-json\/wp\/v2\/product"}],"about":[{"href":"https:\/\/uj.adatbank.ro\/lexikon\/wp-json\/wp\/v2\/types\/product"}],"replies":[{"embeddable":true,"href":"https:\/\/uj.adatbank.ro\/lexikon\/wp-json\/wp\/v2\/comments?post=17643"}],"wp:attachment":[{"href":"https:\/\/uj.adatbank.ro\/lexikon\/wp-json\/wp\/v2\/media?parent=17643"}],"wp:term":[{"taxonomy":"product_brand","embeddable":true,"href":"https:\/\/uj.adatbank.ro\/lexikon\/wp-json\/wp\/v2\/product_brand?post=17643"},{"taxonomy":"product_cat","embeddable":true,"href":"https:\/\/uj.adatbank.ro\/lexikon\/wp-json\/wp\/v2\/product_cat?post=17643"},{"taxonomy":"product_tag","embeddable":true,"href":"https:\/\/uj.adatbank.ro\/lexikon\/wp-json\/wp\/v2\/product_tag?post=17643"}],"curies":[{"name":"wp","href":"https:\/\/api.w.org\/{rel}","templated":true}]}}