{"id":17644,"date":"2025-07-16T10:22:37","date_gmt":"2025-07-16T08:22:37","guid":{"rendered":"https:\/\/uj.adatbank.ro\/lexikon\/termek\/papp-karoly\/"},"modified":"2025-07-16T10:22:37","modified_gmt":"2025-07-16T08:22:37","slug":"papp-karoly","status":"publish","type":"product","link":"https:\/\/uj.adatbank.ro\/lexikon\/termek\/papp-karoly\/","title":{"rendered":"PAPP K\u00e1roly"},"content":{"rendered":"<p>Kv., 1886. okt. 29., \u2020\u00a0Mv., 1948. j\u00fal. 18.: \u00fcgyv\u00e9d. \u2013 Egyetemet Kv.-on v\u00e9gzett (1910), egy ideig Kv.-on k\u00f6zhivatalnok, majd Mv. v\u00e1rosi f\u0151jegyz\u0151je \u00e9s a mozi b\u00e9rl\u0151je (1911\u201331). V\u00e1rosi f\u0151p\u00e9nzt\u00e1ros (1931\u201339-ben is), v\u00e1rosi tan\u00e1csos, polg\u00e1rmesterhelyettes (1941\u2013).Sok mozihoz, filmhez kapcsol\u00f3d\u00f3 cikke jelent meg. Zenebar\u00e1t volt. Polg\u00e1ri \u00c9rdemrenddel \u00e9s a Rom\u00e1n Koronarend Lovagkersztj\u00e9vel t\u00fcntett\u00e9k ki. \u2013 <strong>F. m.:<\/strong> Szab\u00e1lyrendelet a tisztvisel\u0151k \u00e9s egy\u00e9b alkalmazottak szabads\u00e1gidej\u00e9r\u0151l (Mv., 1943); Szab\u00e1lyrendelet a zsid\u00f3k k\u00f6z\u00e9leti \u00e9s gazdas\u00e1gi t\u00e9rfoglal\u00e1s\u00e1nak korl\u00e1toz\u00e1s\u00e1r\u00f3l sz\u00f3l\u00f3 1939 IV Tc. V\u00e9grehajt\u00e1s\u00e1nak t\u00e1rgy\u00e1ban kiadott 7720\/ 39 M.E.Sz. rendelet 64. paragrafusa alapj\u00e1n ki\u00e1ll\u00edtott tanus\u00edtv\u00e1nyok\u00e9rt szedhet\u0151 d\u00edjakr\u00f3l (Mv., 1943); <strong>t\u00e1rssz.:<\/strong> Mv. \u00e9s a h\u00e1bor\u00fa 1. <br \/><strong>Irod.:<\/strong> F\u00fcl\u00f6p\u2013Ferencz; Id\u0151t\u00e1r 3; (Szabad Sz\u00f3, 1948. j\u00fal. 21.); Lexiconul vie\u0163ii publice; Pan\u0103<\/br><\/p>\n","protected":false},"excerpt":{"rendered":"<p>Kv., 1886. okt. 29., \u2020\u00a0Mv., 1948. j\u00fal. 18.: \u00fcgyv\u00e9d. \u2013 Egyetemet Kv.-on v\u00e9gzett (1910), egy ideig Kv.-on k\u00f6zhivatalnok, majd Mv. v\u00e1rosi f\u0151jegyz\u0151je \u00e9s a mozi b\u00e9rl\u0151je (1911\u201331). V\u00e1rosi f\u0151p\u00e9nzt\u00e1ros (1931\u201339-ben is), v\u00e1rosi tan\u00e1csos, polg\u00e1rmesterhelyettes (1941\u2013).Sok mozihoz, filmhez kapcsol\u00f3d\u00f3 cikke jelent meg. Zenebar\u00e1t volt. Polg\u00e1ri \u00c9rdemrenddel \u00e9s a Rom\u00e1n Koronarend Lovagkersztj\u00e9vel t\u00fcntett\u00e9k ki. \u2013 F. m.: [&hellip;]<\/p>\n","protected":false},"featured_media":0,"comment_status":"open","ping_status":"closed","template":"","meta":[],"product_brand":[],"product_cat":[137],"product_tag":[],"class_list":{"0":"post-17644","1":"product","2":"type-product","3":"status-publish","5":"product_cat-maros-megyei-eletrajzi-lexikon","7":"first","8":"instock","9":"shipping-taxable","10":"product-type-simple"},"_links":{"self":[{"href":"https:\/\/uj.adatbank.ro\/lexikon\/wp-json\/wp\/v2\/product\/17644","targetHints":{"allow":["GET"]}}],"collection":[{"href":"https:\/\/uj.adatbank.ro\/lexikon\/wp-json\/wp\/v2\/product"}],"about":[{"href":"https:\/\/uj.adatbank.ro\/lexikon\/wp-json\/wp\/v2\/types\/product"}],"replies":[{"embeddable":true,"href":"https:\/\/uj.adatbank.ro\/lexikon\/wp-json\/wp\/v2\/comments?post=17644"}],"wp:attachment":[{"href":"https:\/\/uj.adatbank.ro\/lexikon\/wp-json\/wp\/v2\/media?parent=17644"}],"wp:term":[{"taxonomy":"product_brand","embeddable":true,"href":"https:\/\/uj.adatbank.ro\/lexikon\/wp-json\/wp\/v2\/product_brand?post=17644"},{"taxonomy":"product_cat","embeddable":true,"href":"https:\/\/uj.adatbank.ro\/lexikon\/wp-json\/wp\/v2\/product_cat?post=17644"},{"taxonomy":"product_tag","embeddable":true,"href":"https:\/\/uj.adatbank.ro\/lexikon\/wp-json\/wp\/v2\/product_tag?post=17644"}],"curies":[{"name":"wp","href":"https:\/\/api.w.org\/{rel}","templated":true}]}}