{"id":17645,"date":"2025-07-16T10:22:39","date_gmt":"2025-07-16T08:22:39","guid":{"rendered":"https:\/\/uj.adatbank.ro\/lexikon\/termek\/papp-karoly-2\/"},"modified":"2025-07-16T10:22:39","modified_gmt":"2025-07-16T08:22:39","slug":"papp-karoly-2","status":"publish","type":"product","link":"https:\/\/uj.adatbank.ro\/lexikon\/termek\/papp-karoly-2\/","title":{"rendered":"PAPP K\u00e1roly"},"content":{"rendered":"<p>Mv., 1924., \u2020 Mv., 1992. aug. 14.: orvos. \u2013 Feles\u00e9ge: D\u00f3sa Eszter (1924\u20132007). \u2013 A MOGYI orvosi kar\u00e1n v\u00e9gzett (1950). Mv.-en j\u00e1rv\u00e1nytanon a MOGYI keret\u00e9ben kezdte tev\u00e9kenys\u00e9g\u00e9t, belgy\u00f3gy\u00e1sz f\u0151orvos, majd kardiol\u00f3gus szakorvos lett, a mv.-i 2.sz. Poliklinika munkat\u00e1rsa. \u2013 <strong>F. m.:<\/strong> <strong>t\u00e1rssz.:<\/strong> \u00c1ltal\u00e1nos j\u00e1rv\u00e1nytani jegyzet \u00e9s gyakorlati kompendium (Mv., 1951). <br \/><strong>Irod.:<\/strong> Genersich; Kiss\u2013P\u00e9terffy\u2013P\u00e9terffy; Kiss Cs. M 4.; [Nekrol\u00f3g] (N\u00fa., 1992. aug. 13.; 1992. aug. 14.)<\/br><\/p>\n","protected":false},"excerpt":{"rendered":"<p>Mv., 1924., \u2020 Mv., 1992. aug. 14.: orvos. \u2013 Feles\u00e9ge: D\u00f3sa Eszter (1924\u20132007). \u2013 A MOGYI orvosi kar\u00e1n v\u00e9gzett (1950). Mv.-en j\u00e1rv\u00e1nytanon a MOGYI keret\u00e9ben kezdte tev\u00e9kenys\u00e9g\u00e9t, belgy\u00f3gy\u00e1sz f\u0151orvos, majd kardiol\u00f3gus szakorvos lett, a mv.-i 2.sz. Poliklinika munkat\u00e1rsa. \u2013 F. m.: t\u00e1rssz.: \u00c1ltal\u00e1nos j\u00e1rv\u00e1nytani jegyzet \u00e9s gyakorlati kompendium (Mv., 1951). Irod.: Genersich; Kiss\u2013P\u00e9terffy\u2013P\u00e9terffy; Kiss Cs. [&hellip;]<\/p>\n","protected":false},"featured_media":0,"comment_status":"open","ping_status":"closed","template":"","meta":[],"product_brand":[],"product_cat":[137],"product_tag":[],"class_list":{"0":"post-17645","1":"product","2":"type-product","3":"status-publish","5":"product_cat-maros-megyei-eletrajzi-lexikon","7":"first","8":"instock","9":"shipping-taxable","10":"product-type-simple"},"_links":{"self":[{"href":"https:\/\/uj.adatbank.ro\/lexikon\/wp-json\/wp\/v2\/product\/17645","targetHints":{"allow":["GET"]}}],"collection":[{"href":"https:\/\/uj.adatbank.ro\/lexikon\/wp-json\/wp\/v2\/product"}],"about":[{"href":"https:\/\/uj.adatbank.ro\/lexikon\/wp-json\/wp\/v2\/types\/product"}],"replies":[{"embeddable":true,"href":"https:\/\/uj.adatbank.ro\/lexikon\/wp-json\/wp\/v2\/comments?post=17645"}],"wp:attachment":[{"href":"https:\/\/uj.adatbank.ro\/lexikon\/wp-json\/wp\/v2\/media?parent=17645"}],"wp:term":[{"taxonomy":"product_brand","embeddable":true,"href":"https:\/\/uj.adatbank.ro\/lexikon\/wp-json\/wp\/v2\/product_brand?post=17645"},{"taxonomy":"product_cat","embeddable":true,"href":"https:\/\/uj.adatbank.ro\/lexikon\/wp-json\/wp\/v2\/product_cat?post=17645"},{"taxonomy":"product_tag","embeddable":true,"href":"https:\/\/uj.adatbank.ro\/lexikon\/wp-json\/wp\/v2\/product_tag?post=17645"}],"curies":[{"name":"wp","href":"https:\/\/api.w.org\/{rel}","templated":true}]}}