{"id":17646,"date":"2025-07-16T10:22:41","date_gmt":"2025-07-16T08:22:41","guid":{"rendered":"https:\/\/uj.adatbank.ro\/lexikon\/termek\/papp-karoly-3\/"},"modified":"2025-07-16T10:22:41","modified_gmt":"2025-07-16T08:22:41","slug":"papp-karoly-3","status":"publish","type":"product","link":"https:\/\/uj.adatbank.ro\/lexikon\/termek\/papp-karoly-3\/","title":{"rendered":"PAPP K\u00e1roly"},"content":{"rendered":"<p>Mv., 1952. febr. 16., \u2020 Mv., 2007. m\u00e1rc. 27.: geogr\u00e1fus, igazgat\u00f3. \u2013 A k\u00f6z\u00e9piskol\u00e1t a Bolyai Farkas Liceumban v\u00e9gezte, majd Kv.-on a BBTE-n szerzett diplom\u00e1t a F\u00f6ldrajz-Biol\u00f3gia szakon (1976). Dolgozott Kv.-on (1976\u201378). Mv.-en az OJSPA A Maros Megyei Talajtani \u00e9s Agrok\u00e9miai Hivatal (Oficiul Judetean de Studii Pedologice si Agrochimice) tudom\u00e1nyos munkat\u00e1rsa (1988), igazgat\u00f3ja. K\u00f6z\u00f6lt a Studia BTTE Geologia Geogr\u00e1fia sorozatban. <br \/><strong>Irod.:<\/strong> [Nekrol\u00f3g] (N\u00fa., 2007. m\u00e1rc. 30..)> Todea\u2013F\u00fcl\u00f6p\u2013Avram<\/br><\/p>\n","protected":false},"excerpt":{"rendered":"<p>Mv., 1952. febr. 16., \u2020 Mv., 2007. m\u00e1rc. 27.: geogr\u00e1fus, igazgat\u00f3. \u2013 A k\u00f6z\u00e9piskol\u00e1t a Bolyai Farkas Liceumban v\u00e9gezte, majd Kv.-on a BBTE-n szerzett diplom\u00e1t a F\u00f6ldrajz-Biol\u00f3gia szakon (1976). Dolgozott Kv.-on (1976\u201378). Mv.-en az OJSPA A Maros Megyei Talajtani \u00e9s Agrok\u00e9miai Hivatal (Oficiul Judetean de Studii Pedologice si Agrochimice) tudom\u00e1nyos munkat\u00e1rsa (1988), igazgat\u00f3ja. K\u00f6z\u00f6lt a [&hellip;]<\/p>\n","protected":false},"featured_media":0,"comment_status":"open","ping_status":"closed","template":"","meta":[],"product_brand":[],"product_cat":[137],"product_tag":[],"class_list":{"0":"post-17646","1":"product","2":"type-product","3":"status-publish","5":"product_cat-maros-megyei-eletrajzi-lexikon","7":"first","8":"instock","9":"shipping-taxable","10":"product-type-simple"},"_links":{"self":[{"href":"https:\/\/uj.adatbank.ro\/lexikon\/wp-json\/wp\/v2\/product\/17646","targetHints":{"allow":["GET"]}}],"collection":[{"href":"https:\/\/uj.adatbank.ro\/lexikon\/wp-json\/wp\/v2\/product"}],"about":[{"href":"https:\/\/uj.adatbank.ro\/lexikon\/wp-json\/wp\/v2\/types\/product"}],"replies":[{"embeddable":true,"href":"https:\/\/uj.adatbank.ro\/lexikon\/wp-json\/wp\/v2\/comments?post=17646"}],"wp:attachment":[{"href":"https:\/\/uj.adatbank.ro\/lexikon\/wp-json\/wp\/v2\/media?parent=17646"}],"wp:term":[{"taxonomy":"product_brand","embeddable":true,"href":"https:\/\/uj.adatbank.ro\/lexikon\/wp-json\/wp\/v2\/product_brand?post=17646"},{"taxonomy":"product_cat","embeddable":true,"href":"https:\/\/uj.adatbank.ro\/lexikon\/wp-json\/wp\/v2\/product_cat?post=17646"},{"taxonomy":"product_tag","embeddable":true,"href":"https:\/\/uj.adatbank.ro\/lexikon\/wp-json\/wp\/v2\/product_tag?post=17646"}],"curies":[{"name":"wp","href":"https:\/\/api.w.org\/{rel}","templated":true}]}}