{"id":1765,"date":"2025-06-28T11:52:26","date_gmt":"2025-06-28T09:52:26","guid":{"rendered":"https:\/\/uj.adatbank.ro\/lexikon\/termek\/algya-janos-alsokomanai\/"},"modified":"2025-06-28T11:52:26","modified_gmt":"2025-06-28T09:52:26","slug":"algya-janos-alsokomanai","status":"publish","type":"product","link":"https:\/\/uj.adatbank.ro\/lexikon\/termek\/algya-janos-alsokomanai\/","title":{"rendered":"\u00c1LGYA J\u00e1nos, als\u00f3kom\u00e1nai"},"content":{"rendered":"<p>Mv., 1866.,\u2020 1904.: g\u00e9p\u00e9szm\u00e9rn\u00f6k. \u2013 Bp.-en a M. Kir.-i Technikai Egyetem \u2013 MKTE m\u00e9rn\u00f6ki kar\u00e1n tanult (1886\u201391), vizsg\u00e1t tett (1891). M\u00c1V m\u00e9rn\u00f6k. <br \/><strong>Irod.:<\/strong> P\u00e1lmay; Sigmirean<\/br><\/p>\n","protected":false},"excerpt":{"rendered":"<p>Mv., 1866.,\u2020 1904.: g\u00e9p\u00e9szm\u00e9rn\u00f6k. \u2013 Bp.-en a M. Kir.-i Technikai Egyetem \u2013 MKTE m\u00e9rn\u00f6ki kar\u00e1n tanult (1886\u201391), vizsg\u00e1t tett (1891). M\u00c1V m\u00e9rn\u00f6k. Irod.: P\u00e1lmay; Sigmirean<\/p>\n","protected":false},"featured_media":0,"comment_status":"open","ping_status":"closed","template":"","meta":[],"product_brand":[],"product_cat":[137],"product_tag":[],"class_list":{"0":"post-1765","1":"product","2":"type-product","3":"status-publish","5":"product_cat-maros-megyei-eletrajzi-lexikon","7":"first","8":"instock","9":"shipping-taxable","10":"product-type-simple"},"_links":{"self":[{"href":"https:\/\/uj.adatbank.ro\/lexikon\/wp-json\/wp\/v2\/product\/1765","targetHints":{"allow":["GET"]}}],"collection":[{"href":"https:\/\/uj.adatbank.ro\/lexikon\/wp-json\/wp\/v2\/product"}],"about":[{"href":"https:\/\/uj.adatbank.ro\/lexikon\/wp-json\/wp\/v2\/types\/product"}],"replies":[{"embeddable":true,"href":"https:\/\/uj.adatbank.ro\/lexikon\/wp-json\/wp\/v2\/comments?post=1765"}],"wp:attachment":[{"href":"https:\/\/uj.adatbank.ro\/lexikon\/wp-json\/wp\/v2\/media?parent=1765"}],"wp:term":[{"taxonomy":"product_brand","embeddable":true,"href":"https:\/\/uj.adatbank.ro\/lexikon\/wp-json\/wp\/v2\/product_brand?post=1765"},{"taxonomy":"product_cat","embeddable":true,"href":"https:\/\/uj.adatbank.ro\/lexikon\/wp-json\/wp\/v2\/product_cat?post=1765"},{"taxonomy":"product_tag","embeddable":true,"href":"https:\/\/uj.adatbank.ro\/lexikon\/wp-json\/wp\/v2\/product_tag?post=1765"}],"curies":[{"name":"wp","href":"https:\/\/api.w.org\/{rel}","templated":true}]}}