{"id":17650,"date":"2025-07-16T10:22:50","date_gmt":"2025-07-16T08:22:50","guid":{"rendered":"https:\/\/uj.adatbank.ro\/lexikon\/termek\/papp-laszlo\/"},"modified":"2025-07-16T10:22:50","modified_gmt":"2025-07-16T08:22:50","slug":"papp-laszlo","status":"publish","type":"product","link":"https:\/\/uj.adatbank.ro\/lexikon\/termek\/papp-laszlo\/","title":{"rendered":"PAPP L\u00e1szl\u00f3"},"content":{"rendered":"<p>? \u2020\u00a0?: mv.-i keresked\u0151. \u2013 A XIX sz. utols\u00f3 \u00e9vtized\u00e9ben \u00e9p\u00edtette fi\u00e1val Zsigmonddal a Bolyai utca sark\u00e1n palot\u00e1j\u00e1t. A pic\u00e9ben rakt\u00e1rt a f\u00f6ldszinten \u00fczleteket rendeztek be: \u00f6t vas\u00e1r\u00faval tele kirakat cs\u00e1b\u00edtotta a vev\u0151ket, Bocs\u00e1nczy divat\u00e1r\u00faboltja, Meltzer m\u00e9sz\u00e1rsz\u00e9ke kapott m\u00e9g helyet ott. K\u00e9t emeleten lak\u00e1sok voltak, amiket b\u00e9rbe adtak. Az els\u0151 vh. ut\u00e1n cs\u00f6kkent a kereskedelmi forgalom, majd az \u00e1llam lefoglalt minden kiadott lak\u00e1st (1919), maxim\u00e1lt\u00e1k a lakb\u00e9rt, \u00edgy Papp\u00e9k eladt\u00e1k a a palot\u00e1t (1924). Az \u00faj tulajdonos B\u00e1nyai G\u00e9za lett. Ma a Papp-B\u00e1nyai palota m\u0171eml\u00e9k. <br \/><strong>Irod.:<\/strong> Sipos; Tg.\u2013Mure\u0219 \u2013 Mv.<\/br><\/p>\n","protected":false},"excerpt":{"rendered":"<p>? \u2020\u00a0?: mv.-i keresked\u0151. \u2013 A XIX sz. utols\u00f3 \u00e9vtized\u00e9ben \u00e9p\u00edtette fi\u00e1val Zsigmonddal a Bolyai utca sark\u00e1n palot\u00e1j\u00e1t. A pic\u00e9ben rakt\u00e1rt a f\u00f6ldszinten \u00fczleteket rendeztek be: \u00f6t vas\u00e1r\u00faval tele kirakat cs\u00e1b\u00edtotta a vev\u0151ket, Bocs\u00e1nczy divat\u00e1r\u00faboltja, Meltzer m\u00e9sz\u00e1rsz\u00e9ke kapott m\u00e9g helyet ott. K\u00e9t emeleten lak\u00e1sok voltak, amiket b\u00e9rbe adtak. Az els\u0151 vh. ut\u00e1n cs\u00f6kkent a kereskedelmi [&hellip;]<\/p>\n","protected":false},"featured_media":0,"comment_status":"open","ping_status":"closed","template":"","meta":[],"product_brand":[],"product_cat":[137],"product_tag":[],"class_list":{"0":"post-17650","1":"product","2":"type-product","3":"status-publish","5":"product_cat-maros-megyei-eletrajzi-lexikon","7":"first","8":"instock","9":"shipping-taxable","10":"product-type-simple"},"_links":{"self":[{"href":"https:\/\/uj.adatbank.ro\/lexikon\/wp-json\/wp\/v2\/product\/17650","targetHints":{"allow":["GET"]}}],"collection":[{"href":"https:\/\/uj.adatbank.ro\/lexikon\/wp-json\/wp\/v2\/product"}],"about":[{"href":"https:\/\/uj.adatbank.ro\/lexikon\/wp-json\/wp\/v2\/types\/product"}],"replies":[{"embeddable":true,"href":"https:\/\/uj.adatbank.ro\/lexikon\/wp-json\/wp\/v2\/comments?post=17650"}],"wp:attachment":[{"href":"https:\/\/uj.adatbank.ro\/lexikon\/wp-json\/wp\/v2\/media?parent=17650"}],"wp:term":[{"taxonomy":"product_brand","embeddable":true,"href":"https:\/\/uj.adatbank.ro\/lexikon\/wp-json\/wp\/v2\/product_brand?post=17650"},{"taxonomy":"product_cat","embeddable":true,"href":"https:\/\/uj.adatbank.ro\/lexikon\/wp-json\/wp\/v2\/product_cat?post=17650"},{"taxonomy":"product_tag","embeddable":true,"href":"https:\/\/uj.adatbank.ro\/lexikon\/wp-json\/wp\/v2\/product_tag?post=17650"}],"curies":[{"name":"wp","href":"https:\/\/api.w.org\/{rel}","templated":true}]}}