{"id":17652,"date":"2025-07-16T10:22:53","date_gmt":"2025-07-16T08:22:53","guid":{"rendered":"https:\/\/uj.adatbank.ro\/lexikon\/termek\/papp-leonard-p%c2%a7-papp-karoly-leander\/"},"modified":"2025-07-16T10:22:53","modified_gmt":"2025-07-16T08:22:53","slug":"papp-leonard-p%c2%a7-papp-karoly-leander","status":"publish","type":"product","link":"https:\/\/uj.adatbank.ro\/lexikon\/termek\/papp-leonard-p%c2%a7-papp-karoly-leander\/","title":{"rendered":"PAPP Leon\u00e1rd P\u00a7., Papp K\u00e1roly Le\u00e1nder"},"content":{"rendered":"<p>Kisg\u00f6rg\u00e9ny, ? , \u2020 ?: ferenc-rendi szerzetes.- Teol\u00f3gi\u00e1t v\u00e9gzett (1946\u201356), M\u00e1rton \u00c1ron p\u00fcsp\u00f6k szentelte papp\u00e1 D\u00e9sen (1956. dec. 8.). Szerzetespapi tev\u00e9kenys\u00e9g\u00e9t h\u00e9t helyen v\u00e9gezte, t\u00f6bbek k\u00f6z\u00f6tt Marosszentgy\u00f6rgy\u00f6n is (1976. szept. 1\u20131977. szept. 1), onnan Mv.-re helyezt\u00e9k. <br \/><strong>Irod.:<\/strong> Baricz; Gisg\u00f6rg\u00e9ny; Maros-k\u00fck\u00fcll\u0151i f\u0151esp. 2001-ben m\u00e9g \u00e9lt!!!<\/br><\/p>\n","protected":false},"excerpt":{"rendered":"<p>Kisg\u00f6rg\u00e9ny, ? , \u2020 ?: ferenc-rendi szerzetes.- Teol\u00f3gi\u00e1t v\u00e9gzett (1946\u201356), M\u00e1rton \u00c1ron p\u00fcsp\u00f6k szentelte papp\u00e1 D\u00e9sen (1956. dec. 8.). Szerzetespapi tev\u00e9kenys\u00e9g\u00e9t h\u00e9t helyen v\u00e9gezte, t\u00f6bbek k\u00f6z\u00f6tt Marosszentgy\u00f6rgy\u00f6n is (1976. szept. 1\u20131977. szept. 1), onnan Mv.-re helyezt\u00e9k. Irod.: Baricz; Gisg\u00f6rg\u00e9ny; Maros-k\u00fck\u00fcll\u0151i f\u0151esp. 2001-ben m\u00e9g \u00e9lt!!!<\/p>\n","protected":false},"featured_media":0,"comment_status":"open","ping_status":"closed","template":"","meta":[],"product_brand":[],"product_cat":[137],"product_tag":[],"class_list":{"0":"post-17652","1":"product","2":"type-product","3":"status-publish","5":"product_cat-maros-megyei-eletrajzi-lexikon","7":"first","8":"instock","9":"shipping-taxable","10":"product-type-simple"},"_links":{"self":[{"href":"https:\/\/uj.adatbank.ro\/lexikon\/wp-json\/wp\/v2\/product\/17652","targetHints":{"allow":["GET"]}}],"collection":[{"href":"https:\/\/uj.adatbank.ro\/lexikon\/wp-json\/wp\/v2\/product"}],"about":[{"href":"https:\/\/uj.adatbank.ro\/lexikon\/wp-json\/wp\/v2\/types\/product"}],"replies":[{"embeddable":true,"href":"https:\/\/uj.adatbank.ro\/lexikon\/wp-json\/wp\/v2\/comments?post=17652"}],"wp:attachment":[{"href":"https:\/\/uj.adatbank.ro\/lexikon\/wp-json\/wp\/v2\/media?parent=17652"}],"wp:term":[{"taxonomy":"product_brand","embeddable":true,"href":"https:\/\/uj.adatbank.ro\/lexikon\/wp-json\/wp\/v2\/product_brand?post=17652"},{"taxonomy":"product_cat","embeddable":true,"href":"https:\/\/uj.adatbank.ro\/lexikon\/wp-json\/wp\/v2\/product_cat?post=17652"},{"taxonomy":"product_tag","embeddable":true,"href":"https:\/\/uj.adatbank.ro\/lexikon\/wp-json\/wp\/v2\/product_tag?post=17652"}],"curies":[{"name":"wp","href":"https:\/\/api.w.org\/{rel}","templated":true}]}}