{"id":17653,"date":"2025-07-16T10:22:56","date_gmt":"2025-07-16T08:22:56","guid":{"rendered":"https:\/\/uj.adatbank.ro\/lexikon\/termek\/papp-mari-gridi\/"},"modified":"2025-07-16T10:22:56","modified_gmt":"2025-07-16T08:22:56","slug":"papp-mari-gridi","status":"publish","type":"product","link":"https:\/\/uj.adatbank.ro\/lexikon\/termek\/papp-mari-gridi\/","title":{"rendered":"PAPP Mari, gridi"},"content":{"rendered":"<p>1856.? \u2020\u00a0Mv., 1923. dec. 11.: mv.-i. \u2013 Unoka\u00f6ccsei: gridi Papp Imre, L\u00e1szl\u00f3 \u00e9s Emma. <br \/><strong>Irod.:<\/strong> Mo. k\u00f6zgazdas\u00e1gi \u00e9s k\u00f6zm\u0171vel\u0151d\u00e9si \u00e1llapota ezer\u00e9ves fenn\u00e1ll\u00e1sakor. \u2013 Bp., 1897\u201398<\/br><\/p>\n","protected":false},"excerpt":{"rendered":"<p>1856.? \u2020\u00a0Mv., 1923. dec. 11.: mv.-i. \u2013 Unoka\u00f6ccsei: gridi Papp Imre, L\u00e1szl\u00f3 \u00e9s Emma. Irod.: Mo. k\u00f6zgazdas\u00e1gi \u00e9s k\u00f6zm\u0171vel\u0151d\u00e9si \u00e1llapota ezer\u00e9ves fenn\u00e1ll\u00e1sakor. \u2013 Bp., 1897\u201398<\/p>\n","protected":false},"featured_media":0,"comment_status":"open","ping_status":"closed","template":"","meta":[],"product_brand":[],"product_cat":[137],"product_tag":[],"class_list":{"0":"post-17653","1":"product","2":"type-product","3":"status-publish","5":"product_cat-maros-megyei-eletrajzi-lexikon","7":"first","8":"instock","9":"shipping-taxable","10":"product-type-simple"},"_links":{"self":[{"href":"https:\/\/uj.adatbank.ro\/lexikon\/wp-json\/wp\/v2\/product\/17653","targetHints":{"allow":["GET"]}}],"collection":[{"href":"https:\/\/uj.adatbank.ro\/lexikon\/wp-json\/wp\/v2\/product"}],"about":[{"href":"https:\/\/uj.adatbank.ro\/lexikon\/wp-json\/wp\/v2\/types\/product"}],"replies":[{"embeddable":true,"href":"https:\/\/uj.adatbank.ro\/lexikon\/wp-json\/wp\/v2\/comments?post=17653"}],"wp:attachment":[{"href":"https:\/\/uj.adatbank.ro\/lexikon\/wp-json\/wp\/v2\/media?parent=17653"}],"wp:term":[{"taxonomy":"product_brand","embeddable":true,"href":"https:\/\/uj.adatbank.ro\/lexikon\/wp-json\/wp\/v2\/product_brand?post=17653"},{"taxonomy":"product_cat","embeddable":true,"href":"https:\/\/uj.adatbank.ro\/lexikon\/wp-json\/wp\/v2\/product_cat?post=17653"},{"taxonomy":"product_tag","embeddable":true,"href":"https:\/\/uj.adatbank.ro\/lexikon\/wp-json\/wp\/v2\/product_tag?post=17653"}],"curies":[{"name":"wp","href":"https:\/\/api.w.org\/{rel}","templated":true}]}}