{"id":17654,"date":"2025-07-16T10:22:59","date_gmt":"2025-07-16T08:22:59","guid":{"rendered":"https:\/\/uj.adatbank.ro\/lexikon\/termek\/papp-marton\/"},"modified":"2025-07-16T10:22:59","modified_gmt":"2025-07-16T08:22:59","slug":"papp-marton","status":"publish","type":"product","link":"https:\/\/uj.adatbank.ro\/lexikon\/termek\/papp-marton\/","title":{"rendered":"PAPP M\u00e1rton"},"content":{"rendered":"<p>S\u00f3v\u00e1rad, 1889., \u2020\u00a0?: keresked\u0151. \u2013 Iskol\u00e1i elv\u00e9gz\u00e9se ut\u00e1n a kereskedelmi p\u00e1ly\u00e1ra l\u00e9pett \u00e9s apja mellett tanulta a szakm\u00e1t, \u00f6n\u00e1ll\u00f3 lett Kib\u00e9den (1917). Az els\u0151 vh.-ban a 62. k. gy. ezredben harcolt. A T\u0171zharcos Sz\u00f6vets\u00e9g, a Kereszt\u00e9ny Magyar Keresked\u0151k tagja, a Gazdak\u00f6r \u00e9s a MP tagja volt. <br \/><strong>Irod.:<\/strong> Sz\u00e9kelyf\u00f6ld \u00ed.k.<\/br><\/p>\n","protected":false},"excerpt":{"rendered":"<p>S\u00f3v\u00e1rad, 1889., \u2020\u00a0?: keresked\u0151. \u2013 Iskol\u00e1i elv\u00e9gz\u00e9se ut\u00e1n a kereskedelmi p\u00e1ly\u00e1ra l\u00e9pett \u00e9s apja mellett tanulta a szakm\u00e1t, \u00f6n\u00e1ll\u00f3 lett Kib\u00e9den (1917). Az els\u0151 vh.-ban a 62. k. gy. ezredben harcolt. A T\u0171zharcos Sz\u00f6vets\u00e9g, a Kereszt\u00e9ny Magyar Keresked\u0151k tagja, a Gazdak\u00f6r \u00e9s a MP tagja volt. Irod.: Sz\u00e9kelyf\u00f6ld \u00ed.k.<\/p>\n","protected":false},"featured_media":0,"comment_status":"open","ping_status":"closed","template":"","meta":[],"product_brand":[],"product_cat":[137],"product_tag":[],"class_list":{"0":"post-17654","1":"product","2":"type-product","3":"status-publish","5":"product_cat-maros-megyei-eletrajzi-lexikon","7":"first","8":"instock","9":"shipping-taxable","10":"product-type-simple"},"_links":{"self":[{"href":"https:\/\/uj.adatbank.ro\/lexikon\/wp-json\/wp\/v2\/product\/17654","targetHints":{"allow":["GET"]}}],"collection":[{"href":"https:\/\/uj.adatbank.ro\/lexikon\/wp-json\/wp\/v2\/product"}],"about":[{"href":"https:\/\/uj.adatbank.ro\/lexikon\/wp-json\/wp\/v2\/types\/product"}],"replies":[{"embeddable":true,"href":"https:\/\/uj.adatbank.ro\/lexikon\/wp-json\/wp\/v2\/comments?post=17654"}],"wp:attachment":[{"href":"https:\/\/uj.adatbank.ro\/lexikon\/wp-json\/wp\/v2\/media?parent=17654"}],"wp:term":[{"taxonomy":"product_brand","embeddable":true,"href":"https:\/\/uj.adatbank.ro\/lexikon\/wp-json\/wp\/v2\/product_brand?post=17654"},{"taxonomy":"product_cat","embeddable":true,"href":"https:\/\/uj.adatbank.ro\/lexikon\/wp-json\/wp\/v2\/product_cat?post=17654"},{"taxonomy":"product_tag","embeddable":true,"href":"https:\/\/uj.adatbank.ro\/lexikon\/wp-json\/wp\/v2\/product_tag?post=17654"}],"curies":[{"name":"wp","href":"https:\/\/api.w.org\/{rel}","templated":true}]}}