{"id":17655,"date":"2025-07-16T10:23:01","date_gmt":"2025-07-16T08:23:01","guid":{"rendered":"https:\/\/uj.adatbank.ro\/lexikon\/termek\/papp-mate-gridi\/"},"modified":"2025-07-16T10:23:01","modified_gmt":"2025-07-16T08:23:01","slug":"papp-mate-gridi","status":"publish","type":"product","link":"https:\/\/uj.adatbank.ro\/lexikon\/termek\/papp-mate-gridi\/","title":{"rendered":"PAPP M\u00e1t\u00e9, gridi"},"content":{"rendered":"<p>1820., \u2020\u00a0Mv., 1900. szept. 25.: \u00fcgyv\u00e9d. \u2013 P. Imre, kir. t\u00f6rv\u00e9nysz\u00e9ki b\u00edr\u00f3 fia. Feles\u00e9ge F\u00e1sy Sarolta. Le\u00e1nyuk Mariska. \u2013 Kir. it\u00e9l\u0151 t\u00e1blai b\u00edr\u00f3, \u00fcgyv\u00e9d \u00e9s a mv.-i \u00fcgyv\u00e9di kamara tb. eln\u00f6ke. <br \/><strong>Irod.:<\/strong> Gy\u00e1szjelent\u0151<\/br><\/p>\n","protected":false},"excerpt":{"rendered":"<p>1820., \u2020\u00a0Mv., 1900. szept. 25.: \u00fcgyv\u00e9d. \u2013 P. Imre, kir. t\u00f6rv\u00e9nysz\u00e9ki b\u00edr\u00f3 fia. Feles\u00e9ge F\u00e1sy Sarolta. Le\u00e1nyuk Mariska. \u2013 Kir. it\u00e9l\u0151 t\u00e1blai b\u00edr\u00f3, \u00fcgyv\u00e9d \u00e9s a mv.-i \u00fcgyv\u00e9di kamara tb. eln\u00f6ke. Irod.: Gy\u00e1szjelent\u0151<\/p>\n","protected":false},"featured_media":0,"comment_status":"open","ping_status":"closed","template":"","meta":[],"product_brand":[],"product_cat":[137],"product_tag":[],"class_list":{"0":"post-17655","1":"product","2":"type-product","3":"status-publish","5":"product_cat-maros-megyei-eletrajzi-lexikon","7":"first","8":"instock","9":"shipping-taxable","10":"product-type-simple"},"_links":{"self":[{"href":"https:\/\/uj.adatbank.ro\/lexikon\/wp-json\/wp\/v2\/product\/17655","targetHints":{"allow":["GET"]}}],"collection":[{"href":"https:\/\/uj.adatbank.ro\/lexikon\/wp-json\/wp\/v2\/product"}],"about":[{"href":"https:\/\/uj.adatbank.ro\/lexikon\/wp-json\/wp\/v2\/types\/product"}],"replies":[{"embeddable":true,"href":"https:\/\/uj.adatbank.ro\/lexikon\/wp-json\/wp\/v2\/comments?post=17655"}],"wp:attachment":[{"href":"https:\/\/uj.adatbank.ro\/lexikon\/wp-json\/wp\/v2\/media?parent=17655"}],"wp:term":[{"taxonomy":"product_brand","embeddable":true,"href":"https:\/\/uj.adatbank.ro\/lexikon\/wp-json\/wp\/v2\/product_brand?post=17655"},{"taxonomy":"product_cat","embeddable":true,"href":"https:\/\/uj.adatbank.ro\/lexikon\/wp-json\/wp\/v2\/product_cat?post=17655"},{"taxonomy":"product_tag","embeddable":true,"href":"https:\/\/uj.adatbank.ro\/lexikon\/wp-json\/wp\/v2\/product_tag?post=17655"}],"curies":[{"name":"wp","href":"https:\/\/api.w.org\/{rel}","templated":true}]}}