{"id":17656,"date":"2025-07-16T10:23:02","date_gmt":"2025-07-16T08:23:02","guid":{"rendered":"https:\/\/uj.adatbank.ro\/lexikon\/termek\/papp-mihalyne\/"},"modified":"2025-07-16T10:23:02","modified_gmt":"2025-07-16T08:23:02","slug":"papp-mihalyne","status":"publish","type":"product","link":"https:\/\/uj.adatbank.ro\/lexikon\/termek\/papp-mihalyne\/","title":{"rendered":"PAPP Mih\u00e1lyn\u00e9"},"content":{"rendered":"<p>Mv., 1885., \u2020\u00a0Mv., 1950: orvos. \u2013 Le\u00e1nya T\u00f3\u00e1s\u00f3 \u00d6d\u00f6nn\u00e9, sz. Papp Katalin (1954 \u2013 Mv., 1979).- Az OGYI fogorvos kar\u00e1n v\u00e9gzett (1978).- <br \/><strong>Irod.:<\/strong> Kiss-P&#8230;P.<\/br><\/p>\n","protected":false},"excerpt":{"rendered":"<p>Mv., 1885., \u2020\u00a0Mv., 1950: orvos. \u2013 Le\u00e1nya T\u00f3\u00e1s\u00f3 \u00d6d\u00f6nn\u00e9, sz. Papp Katalin (1954 \u2013 Mv., 1979).- Az OGYI fogorvos kar\u00e1n v\u00e9gzett (1978).- Irod.: Kiss-P&#8230;P.<\/p>\n","protected":false},"featured_media":0,"comment_status":"open","ping_status":"closed","template":"","meta":[],"product_brand":[],"product_cat":[137],"product_tag":[],"class_list":{"0":"post-17656","1":"product","2":"type-product","3":"status-publish","5":"product_cat-maros-megyei-eletrajzi-lexikon","7":"first","8":"instock","9":"shipping-taxable","10":"product-type-simple"},"_links":{"self":[{"href":"https:\/\/uj.adatbank.ro\/lexikon\/wp-json\/wp\/v2\/product\/17656","targetHints":{"allow":["GET"]}}],"collection":[{"href":"https:\/\/uj.adatbank.ro\/lexikon\/wp-json\/wp\/v2\/product"}],"about":[{"href":"https:\/\/uj.adatbank.ro\/lexikon\/wp-json\/wp\/v2\/types\/product"}],"replies":[{"embeddable":true,"href":"https:\/\/uj.adatbank.ro\/lexikon\/wp-json\/wp\/v2\/comments?post=17656"}],"wp:attachment":[{"href":"https:\/\/uj.adatbank.ro\/lexikon\/wp-json\/wp\/v2\/media?parent=17656"}],"wp:term":[{"taxonomy":"product_brand","embeddable":true,"href":"https:\/\/uj.adatbank.ro\/lexikon\/wp-json\/wp\/v2\/product_brand?post=17656"},{"taxonomy":"product_cat","embeddable":true,"href":"https:\/\/uj.adatbank.ro\/lexikon\/wp-json\/wp\/v2\/product_cat?post=17656"},{"taxonomy":"product_tag","embeddable":true,"href":"https:\/\/uj.adatbank.ro\/lexikon\/wp-json\/wp\/v2\/product_tag?post=17656"}],"curies":[{"name":"wp","href":"https:\/\/api.w.org\/{rel}","templated":true}]}}