{"id":17658,"date":"2025-07-16T10:23:07","date_gmt":"2025-07-16T08:23:07","guid":{"rendered":"https:\/\/uj.adatbank.ro\/lexikon\/termek\/papp-sandor\/"},"modified":"2025-07-16T10:23:07","modified_gmt":"2025-07-16T08:23:07","slug":"papp-sandor","status":"publish","type":"product","link":"https:\/\/uj.adatbank.ro\/lexikon\/termek\/papp-sandor\/","title":{"rendered":"PAPP S\u00e1ndor"},"content":{"rendered":"<p>Gyulafeh\u00e9rv\u00e1r, 1886, \u2020\u00a0?: tisztvisel\u0151. \u2013 Katona volt (1908). Mv.-en v\u00e1rmegyei f\u0151sz\u00e1mvev\u0151. R\u00e9szt vett az I. vh.-ban (1914\u201318), a szerb, orosz, olasz fronton harcolt, egyszer sebes\u00fclt, mint hadirokkant f\u0151hadnagyi rangban szerelt le kit\u00fcntet\u00e9sekkel. <br \/><strong>Irod.:<\/strong> Erd\u00e9lyi ezredek<\/br><\/p>\n","protected":false},"excerpt":{"rendered":"<p>Gyulafeh\u00e9rv\u00e1r, 1886, \u2020\u00a0?: tisztvisel\u0151. \u2013 Katona volt (1908). Mv.-en v\u00e1rmegyei f\u0151sz\u00e1mvev\u0151. R\u00e9szt vett az I. vh.-ban (1914\u201318), a szerb, orosz, olasz fronton harcolt, egyszer sebes\u00fclt, mint hadirokkant f\u0151hadnagyi rangban szerelt le kit\u00fcntet\u00e9sekkel. Irod.: Erd\u00e9lyi ezredek<\/p>\n","protected":false},"featured_media":0,"comment_status":"open","ping_status":"closed","template":"","meta":[],"product_brand":[],"product_cat":[137],"product_tag":[],"class_list":{"0":"post-17658","1":"product","2":"type-product","3":"status-publish","5":"product_cat-maros-megyei-eletrajzi-lexikon","7":"first","8":"instock","9":"shipping-taxable","10":"product-type-simple"},"_links":{"self":[{"href":"https:\/\/uj.adatbank.ro\/lexikon\/wp-json\/wp\/v2\/product\/17658","targetHints":{"allow":["GET"]}}],"collection":[{"href":"https:\/\/uj.adatbank.ro\/lexikon\/wp-json\/wp\/v2\/product"}],"about":[{"href":"https:\/\/uj.adatbank.ro\/lexikon\/wp-json\/wp\/v2\/types\/product"}],"replies":[{"embeddable":true,"href":"https:\/\/uj.adatbank.ro\/lexikon\/wp-json\/wp\/v2\/comments?post=17658"}],"wp:attachment":[{"href":"https:\/\/uj.adatbank.ro\/lexikon\/wp-json\/wp\/v2\/media?parent=17658"}],"wp:term":[{"taxonomy":"product_brand","embeddable":true,"href":"https:\/\/uj.adatbank.ro\/lexikon\/wp-json\/wp\/v2\/product_brand?post=17658"},{"taxonomy":"product_cat","embeddable":true,"href":"https:\/\/uj.adatbank.ro\/lexikon\/wp-json\/wp\/v2\/product_cat?post=17658"},{"taxonomy":"product_tag","embeddable":true,"href":"https:\/\/uj.adatbank.ro\/lexikon\/wp-json\/wp\/v2\/product_tag?post=17658"}],"curies":[{"name":"wp","href":"https:\/\/api.w.org\/{rel}","templated":true}]}}