{"id":17659,"date":"2025-07-16T10:23:09","date_gmt":"2025-07-16T08:23:09","guid":{"rendered":"https:\/\/uj.adatbank.ro\/lexikon\/termek\/papp-sandor-2\/"},"modified":"2025-07-16T10:23:09","modified_gmt":"2025-07-16T08:23:09","slug":"papp-sandor-2","status":"publish","type":"product","link":"https:\/\/uj.adatbank.ro\/lexikon\/termek\/papp-sandor-2\/","title":{"rendered":"PAPP S\u00e1ndor"},"content":{"rendered":"<p>G\u00f6demesterh\u00e1za, 1900., \u2020\u00a0?: korcsm\u00e1ros. K\u00f6z\u00e9piskol\u00e1it Mv.-en \u00e9s Brass\u00f3ban v\u00e9gezte, ipari p\u00e1ly\u00e1ra l\u00e9pett, majd p\u00f3stamester lett, de onnan elbocs\u00e1tott\u00e1k. Kocsm\u00e1t \u00e9s f\u0171szer\u00fczletet l\u00e9tes\u00edtett (1932) G\u00f6demesterh\u00e1z\u00e1n. Tekint\u00e9lyes polg\u00e1ra volt a k\u00f6zs\u00e9gnek. <br \/><strong>Irod.:<\/strong> Sz\u00e9kelyf\u00f6ld \u00ed.k.<\/br><\/p>\n","protected":false},"excerpt":{"rendered":"<p>G\u00f6demesterh\u00e1za, 1900., \u2020\u00a0?: korcsm\u00e1ros. K\u00f6z\u00e9piskol\u00e1it Mv.-en \u00e9s Brass\u00f3ban v\u00e9gezte, ipari p\u00e1ly\u00e1ra l\u00e9pett, majd p\u00f3stamester lett, de onnan elbocs\u00e1tott\u00e1k. Kocsm\u00e1t \u00e9s f\u0171szer\u00fczletet l\u00e9tes\u00edtett (1932) G\u00f6demesterh\u00e1z\u00e1n. Tekint\u00e9lyes polg\u00e1ra volt a k\u00f6zs\u00e9gnek. Irod.: Sz\u00e9kelyf\u00f6ld \u00ed.k.<\/p>\n","protected":false},"featured_media":0,"comment_status":"open","ping_status":"closed","template":"","meta":[],"product_brand":[],"product_cat":[137],"product_tag":[],"class_list":{"0":"post-17659","1":"product","2":"type-product","3":"status-publish","5":"product_cat-maros-megyei-eletrajzi-lexikon","7":"first","8":"instock","9":"shipping-taxable","10":"product-type-simple"},"_links":{"self":[{"href":"https:\/\/uj.adatbank.ro\/lexikon\/wp-json\/wp\/v2\/product\/17659","targetHints":{"allow":["GET"]}}],"collection":[{"href":"https:\/\/uj.adatbank.ro\/lexikon\/wp-json\/wp\/v2\/product"}],"about":[{"href":"https:\/\/uj.adatbank.ro\/lexikon\/wp-json\/wp\/v2\/types\/product"}],"replies":[{"embeddable":true,"href":"https:\/\/uj.adatbank.ro\/lexikon\/wp-json\/wp\/v2\/comments?post=17659"}],"wp:attachment":[{"href":"https:\/\/uj.adatbank.ro\/lexikon\/wp-json\/wp\/v2\/media?parent=17659"}],"wp:term":[{"taxonomy":"product_brand","embeddable":true,"href":"https:\/\/uj.adatbank.ro\/lexikon\/wp-json\/wp\/v2\/product_brand?post=17659"},{"taxonomy":"product_cat","embeddable":true,"href":"https:\/\/uj.adatbank.ro\/lexikon\/wp-json\/wp\/v2\/product_cat?post=17659"},{"taxonomy":"product_tag","embeddable":true,"href":"https:\/\/uj.adatbank.ro\/lexikon\/wp-json\/wp\/v2\/product_tag?post=17659"}],"curies":[{"name":"wp","href":"https:\/\/api.w.org\/{rel}","templated":true}]}}