{"id":1766,"date":"2025-06-28T11:52:28","date_gmt":"2025-06-28T09:52:28","guid":{"rendered":"https:\/\/uj.adatbank.ro\/lexikon\/termek\/algya-zoltan\/"},"modified":"2025-06-28T11:52:28","modified_gmt":"2025-06-28T09:52:28","slug":"algya-zoltan","status":"publish","type":"product","link":"https:\/\/uj.adatbank.ro\/lexikon\/termek\/algya-zoltan\/","title":{"rendered":"\u00c1LGYA Zolt\u00e1n"},"content":{"rendered":"<p>? \u2020\u00a0? : k\u00f6lt\u0151. \u2013 R\u00e9szt vett a Mv.-en rendezett Zord Id\u0151 irodalmi esten (1919. dec. 8). Versei jelentek meg a Zord Id\u0151ben, a Nyugatban. \u2013 <strong>F. m.:<\/strong> antolog.: Z\u00f3rd Id\u0151 antol\u00f3gia (Mv., 1998). <br \/><strong>Irod.:<\/strong> Id\u0151t\u00e1r 3; Zord Id\u0151<\/br><\/p>\n","protected":false},"excerpt":{"rendered":"<p>? \u2020\u00a0? : k\u00f6lt\u0151. \u2013 R\u00e9szt vett a Mv.-en rendezett Zord Id\u0151 irodalmi esten (1919. dec. 8). Versei jelentek meg a Zord Id\u0151ben, a Nyugatban. \u2013 F. m.: antolog.: Z\u00f3rd Id\u0151 antol\u00f3gia (Mv., 1998). Irod.: Id\u0151t\u00e1r 3; Zord Id\u0151<\/p>\n","protected":false},"featured_media":0,"comment_status":"open","ping_status":"closed","template":"","meta":[],"product_brand":[],"product_cat":[137],"product_tag":[],"class_list":{"0":"post-1766","1":"product","2":"type-product","3":"status-publish","5":"product_cat-maros-megyei-eletrajzi-lexikon","7":"first","8":"instock","9":"shipping-taxable","10":"product-type-simple"},"_links":{"self":[{"href":"https:\/\/uj.adatbank.ro\/lexikon\/wp-json\/wp\/v2\/product\/1766","targetHints":{"allow":["GET"]}}],"collection":[{"href":"https:\/\/uj.adatbank.ro\/lexikon\/wp-json\/wp\/v2\/product"}],"about":[{"href":"https:\/\/uj.adatbank.ro\/lexikon\/wp-json\/wp\/v2\/types\/product"}],"replies":[{"embeddable":true,"href":"https:\/\/uj.adatbank.ro\/lexikon\/wp-json\/wp\/v2\/comments?post=1766"}],"wp:attachment":[{"href":"https:\/\/uj.adatbank.ro\/lexikon\/wp-json\/wp\/v2\/media?parent=1766"}],"wp:term":[{"taxonomy":"product_brand","embeddable":true,"href":"https:\/\/uj.adatbank.ro\/lexikon\/wp-json\/wp\/v2\/product_brand?post=1766"},{"taxonomy":"product_cat","embeddable":true,"href":"https:\/\/uj.adatbank.ro\/lexikon\/wp-json\/wp\/v2\/product_cat?post=1766"},{"taxonomy":"product_tag","embeddable":true,"href":"https:\/\/uj.adatbank.ro\/lexikon\/wp-json\/wp\/v2\/product_tag?post=1766"}],"curies":[{"name":"wp","href":"https:\/\/api.w.org\/{rel}","templated":true}]}}