{"id":17663,"date":"2025-07-16T10:23:21","date_gmt":"2025-07-16T08:23:21","guid":{"rendered":"https:\/\/uj.adatbank.ro\/lexikon\/termek\/papp-szasz-lajos-madi\/"},"modified":"2025-07-16T10:23:21","modified_gmt":"2025-07-16T08:23:21","slug":"papp-szasz-lajos-madi","status":"publish","type":"product","link":"https:\/\/uj.adatbank.ro\/lexikon\/termek\/papp-szasz-lajos-madi\/","title":{"rendered":"PAPP SZ\u00c1SZ Lajos, m\u00e1di"},"content":{"rendered":"<p>Onga, 1874. j\u00fan. 9., \u2020 Mv., 1956. nov. 19.: cs. kir. kamar\u00e1s. \u2013 P. Sz. K\u00e1roly \u00e9s nagyr\u00e9ti Darvas Ilona fia. \u2013 Cs. kir. kamar\u00e1s, az Ogy. Fels\u0151h\u00e1z\u00e1nak v\u00e1lasztott tagja, cs. kir. husz\u00e1r sz\u00e1zados. A Johannita rend tiszteleti lovagja (1926\u201356). <br \/><strong>Irod.:<\/strong> M. Johannita csal\u00e1dt\u00f6rt.<\/br><\/p>\n","protected":false},"excerpt":{"rendered":"<p>Onga, 1874. j\u00fan. 9., \u2020 Mv., 1956. nov. 19.: cs. kir. kamar\u00e1s. \u2013 P. Sz. K\u00e1roly \u00e9s nagyr\u00e9ti Darvas Ilona fia. \u2013 Cs. kir. kamar\u00e1s, az Ogy. Fels\u0151h\u00e1z\u00e1nak v\u00e1lasztott tagja, cs. kir. husz\u00e1r sz\u00e1zados. A Johannita rend tiszteleti lovagja (1926\u201356). Irod.: M. Johannita csal\u00e1dt\u00f6rt.<\/p>\n","protected":false},"featured_media":0,"comment_status":"open","ping_status":"closed","template":"","meta":[],"product_brand":[],"product_cat":[137],"product_tag":[],"class_list":{"0":"post-17663","1":"product","2":"type-product","3":"status-publish","5":"product_cat-maros-megyei-eletrajzi-lexikon","7":"first","8":"instock","9":"shipping-taxable","10":"product-type-simple"},"_links":{"self":[{"href":"https:\/\/uj.adatbank.ro\/lexikon\/wp-json\/wp\/v2\/product\/17663","targetHints":{"allow":["GET"]}}],"collection":[{"href":"https:\/\/uj.adatbank.ro\/lexikon\/wp-json\/wp\/v2\/product"}],"about":[{"href":"https:\/\/uj.adatbank.ro\/lexikon\/wp-json\/wp\/v2\/types\/product"}],"replies":[{"embeddable":true,"href":"https:\/\/uj.adatbank.ro\/lexikon\/wp-json\/wp\/v2\/comments?post=17663"}],"wp:attachment":[{"href":"https:\/\/uj.adatbank.ro\/lexikon\/wp-json\/wp\/v2\/media?parent=17663"}],"wp:term":[{"taxonomy":"product_brand","embeddable":true,"href":"https:\/\/uj.adatbank.ro\/lexikon\/wp-json\/wp\/v2\/product_brand?post=17663"},{"taxonomy":"product_cat","embeddable":true,"href":"https:\/\/uj.adatbank.ro\/lexikon\/wp-json\/wp\/v2\/product_cat?post=17663"},{"taxonomy":"product_tag","embeddable":true,"href":"https:\/\/uj.adatbank.ro\/lexikon\/wp-json\/wp\/v2\/product_tag?post=17663"}],"curies":[{"name":"wp","href":"https:\/\/api.w.org\/{rel}","templated":true}]}}