{"id":17664,"date":"2025-07-16T10:23:23","date_gmt":"2025-07-16T08:23:23","guid":{"rendered":"https:\/\/uj.adatbank.ro\/lexikon\/termek\/papp-vilma\/"},"modified":"2025-07-16T10:23:23","modified_gmt":"2025-07-16T08:23:23","slug":"papp-vilma","status":"publish","type":"product","link":"https:\/\/uj.adatbank.ro\/lexikon\/termek\/papp-vilma\/","title":{"rendered":"PAPP Vilma"},"content":{"rendered":"<p>? \u2020 ?: vend\u00e9gl\u0151s. \u2013 Mv.-en a B\u00e1nyai palota udvar\u00e1n m\u0171k\u00f6d\u00f6tt az \u00c9deslyuk n\u00e9pszer\u0171 vend\u00e9gl\u00f3je (1940-es \u00e9vek elej\u00e9n). <br \/><strong>Irod.:<\/strong> Csepreghy 2010<\/br><\/p>\n","protected":false},"excerpt":{"rendered":"<p>? \u2020 ?: vend\u00e9gl\u0151s. \u2013 Mv.-en a B\u00e1nyai palota udvar\u00e1n m\u0171k\u00f6d\u00f6tt az \u00c9deslyuk n\u00e9pszer\u0171 vend\u00e9gl\u00f3je (1940-es \u00e9vek elej\u00e9n). Irod.: Csepreghy 2010<\/p>\n","protected":false},"featured_media":0,"comment_status":"open","ping_status":"closed","template":"","meta":[],"product_brand":[],"product_cat":[137],"product_tag":[],"class_list":{"0":"post-17664","1":"product","2":"type-product","3":"status-publish","5":"product_cat-maros-megyei-eletrajzi-lexikon","7":"first","8":"instock","9":"shipping-taxable","10":"product-type-simple"},"_links":{"self":[{"href":"https:\/\/uj.adatbank.ro\/lexikon\/wp-json\/wp\/v2\/product\/17664","targetHints":{"allow":["GET"]}}],"collection":[{"href":"https:\/\/uj.adatbank.ro\/lexikon\/wp-json\/wp\/v2\/product"}],"about":[{"href":"https:\/\/uj.adatbank.ro\/lexikon\/wp-json\/wp\/v2\/types\/product"}],"replies":[{"embeddable":true,"href":"https:\/\/uj.adatbank.ro\/lexikon\/wp-json\/wp\/v2\/comments?post=17664"}],"wp:attachment":[{"href":"https:\/\/uj.adatbank.ro\/lexikon\/wp-json\/wp\/v2\/media?parent=17664"}],"wp:term":[{"taxonomy":"product_brand","embeddable":true,"href":"https:\/\/uj.adatbank.ro\/lexikon\/wp-json\/wp\/v2\/product_brand?post=17664"},{"taxonomy":"product_cat","embeddable":true,"href":"https:\/\/uj.adatbank.ro\/lexikon\/wp-json\/wp\/v2\/product_cat?post=17664"},{"taxonomy":"product_tag","embeddable":true,"href":"https:\/\/uj.adatbank.ro\/lexikon\/wp-json\/wp\/v2\/product_tag?post=17664"}],"curies":[{"name":"wp","href":"https:\/\/api.w.org\/{rel}","templated":true}]}}