{"id":17668,"date":"2025-07-16T10:23:32","date_gmt":"2025-07-16T08:23:32","guid":{"rendered":"https:\/\/uj.adatbank.ro\/lexikon\/termek\/papp-zsigmond-3\/"},"modified":"2025-07-16T10:23:32","modified_gmt":"2025-07-16T08:23:32","slug":"papp-zsigmond-3","status":"publish","type":"product","link":"https:\/\/uj.adatbank.ro\/lexikon\/termek\/papp-zsigmond-3\/","title":{"rendered":"PAPP Zsigmond"},"content":{"rendered":"<p>1897., \u2020\u00a0Mv., 1982: orvos. \u2013 P. L\u00e1szl\u00f3 fia. A 40-es \u00e9vek elej\u00e9n v\u00e1rosi f\u0151orvos volt. Feles\u00e9ge Szil\u00e1gyi Erzsike Szil\u00e1gyi J\u00e1nos orvos l\u00e1nya, elv\u00e1ltak, azut\u00e1n leg\u00e9nyemberk\u00e9nt \u00e9lve tal\u00e1lkozgatott Kelemen Attila orvosn\u00e1l fiatalabb orvos bar\u00e1taival, Kiss Ferenccel \u00e9a Gy\u00f6rggyel. <br \/><strong>Irod.:<\/strong> Sipos<\/br><\/p>\n","protected":false},"excerpt":{"rendered":"<p>1897., \u2020\u00a0Mv., 1982: orvos. \u2013 P. L\u00e1szl\u00f3 fia. A 40-es \u00e9vek elej\u00e9n v\u00e1rosi f\u0151orvos volt. Feles\u00e9ge Szil\u00e1gyi Erzsike Szil\u00e1gyi J\u00e1nos orvos l\u00e1nya, elv\u00e1ltak, azut\u00e1n leg\u00e9nyemberk\u00e9nt \u00e9lve tal\u00e1lkozgatott Kelemen Attila orvosn\u00e1l fiatalabb orvos bar\u00e1taival, Kiss Ferenccel \u00e9a Gy\u00f6rggyel. Irod.: Sipos<\/p>\n","protected":false},"featured_media":0,"comment_status":"open","ping_status":"closed","template":"","meta":[],"product_brand":[],"product_cat":[137],"product_tag":[],"class_list":{"0":"post-17668","1":"product","2":"type-product","3":"status-publish","5":"product_cat-maros-megyei-eletrajzi-lexikon","7":"first","8":"instock","9":"shipping-taxable","10":"product-type-simple"},"_links":{"self":[{"href":"https:\/\/uj.adatbank.ro\/lexikon\/wp-json\/wp\/v2\/product\/17668","targetHints":{"allow":["GET"]}}],"collection":[{"href":"https:\/\/uj.adatbank.ro\/lexikon\/wp-json\/wp\/v2\/product"}],"about":[{"href":"https:\/\/uj.adatbank.ro\/lexikon\/wp-json\/wp\/v2\/types\/product"}],"replies":[{"embeddable":true,"href":"https:\/\/uj.adatbank.ro\/lexikon\/wp-json\/wp\/v2\/comments?post=17668"}],"wp:attachment":[{"href":"https:\/\/uj.adatbank.ro\/lexikon\/wp-json\/wp\/v2\/media?parent=17668"}],"wp:term":[{"taxonomy":"product_brand","embeddable":true,"href":"https:\/\/uj.adatbank.ro\/lexikon\/wp-json\/wp\/v2\/product_brand?post=17668"},{"taxonomy":"product_cat","embeddable":true,"href":"https:\/\/uj.adatbank.ro\/lexikon\/wp-json\/wp\/v2\/product_cat?post=17668"},{"taxonomy":"product_tag","embeddable":true,"href":"https:\/\/uj.adatbank.ro\/lexikon\/wp-json\/wp\/v2\/product_tag?post=17668"}],"curies":[{"name":"wp","href":"https:\/\/api.w.org\/{rel}","templated":true}]}}