{"id":17669,"date":"2025-07-16T10:23:35","date_gmt":"2025-07-16T08:23:35","guid":{"rendered":"https:\/\/uj.adatbank.ro\/lexikon\/termek\/papp-zsigmond-4\/"},"modified":"2025-07-16T10:23:35","modified_gmt":"2025-07-16T08:23:35","slug":"papp-zsigmond-4","status":"publish","type":"product","link":"https:\/\/uj.adatbank.ro\/lexikon\/termek\/papp-zsigmond-4\/","title":{"rendered":"PAPP Zsigmond"},"content":{"rendered":"<p>Mv., 1900., \u2020 ?: nyomd\u00e1sz. \u2013 A mv.-i Bolyai Nyomda \u00e9s K\u00f6nyvkiad\u00f3ban tisztvisel\u0151k\u00e9nt dolgozott, annak megalakul\u00e1st\u00f3l (1944. j\u00fan. 15.\u2013) A nyomda \u00e1llamos\u00edt\u00e1sakor (1948. j\u00fal.21.) annak igazgat\u00f3j\u00e1v\u00e1 nevezt\u00e9k ki. Tagja volt az RKP-nak (1947\u2013). <br \/><strong>Irod.:<\/strong> Bartos Zolt\u00e1n<\/br><\/p>\n","protected":false},"excerpt":{"rendered":"<p>Mv., 1900., \u2020 ?: nyomd\u00e1sz. \u2013 A mv.-i Bolyai Nyomda \u00e9s K\u00f6nyvkiad\u00f3ban tisztvisel\u0151k\u00e9nt dolgozott, annak megalakul\u00e1st\u00f3l (1944. j\u00fan. 15.\u2013) A nyomda \u00e1llamos\u00edt\u00e1sakor (1948. j\u00fal.21.) annak igazgat\u00f3j\u00e1v\u00e1 nevezt\u00e9k ki. Tagja volt az RKP-nak (1947\u2013). Irod.: Bartos Zolt\u00e1n<\/p>\n","protected":false},"featured_media":0,"comment_status":"open","ping_status":"closed","template":"","meta":[],"product_brand":[],"product_cat":[137],"product_tag":[],"class_list":{"0":"post-17669","1":"product","2":"type-product","3":"status-publish","5":"product_cat-maros-megyei-eletrajzi-lexikon","7":"first","8":"instock","9":"shipping-taxable","10":"product-type-simple"},"_links":{"self":[{"href":"https:\/\/uj.adatbank.ro\/lexikon\/wp-json\/wp\/v2\/product\/17669","targetHints":{"allow":["GET"]}}],"collection":[{"href":"https:\/\/uj.adatbank.ro\/lexikon\/wp-json\/wp\/v2\/product"}],"about":[{"href":"https:\/\/uj.adatbank.ro\/lexikon\/wp-json\/wp\/v2\/types\/product"}],"replies":[{"embeddable":true,"href":"https:\/\/uj.adatbank.ro\/lexikon\/wp-json\/wp\/v2\/comments?post=17669"}],"wp:attachment":[{"href":"https:\/\/uj.adatbank.ro\/lexikon\/wp-json\/wp\/v2\/media?parent=17669"}],"wp:term":[{"taxonomy":"product_brand","embeddable":true,"href":"https:\/\/uj.adatbank.ro\/lexikon\/wp-json\/wp\/v2\/product_brand?post=17669"},{"taxonomy":"product_cat","embeddable":true,"href":"https:\/\/uj.adatbank.ro\/lexikon\/wp-json\/wp\/v2\/product_cat?post=17669"},{"taxonomy":"product_tag","embeddable":true,"href":"https:\/\/uj.adatbank.ro\/lexikon\/wp-json\/wp\/v2\/product_tag?post=17669"}],"curies":[{"name":"wp","href":"https:\/\/api.w.org\/{rel}","templated":true}]}}