{"id":1767,"date":"2025-06-28T11:52:29","date_gmt":"2025-06-28T09:52:29","guid":{"rendered":"https:\/\/uj.adatbank.ro\/lexikon\/termek\/alia-farkas\/"},"modified":"2025-06-28T11:52:29","modified_gmt":"2025-06-28T09:52:29","slug":"alia-farkas","status":"publish","type":"product","link":"https:\/\/uj.adatbank.ro\/lexikon\/termek\/alia-farkas\/","title":{"rendered":"ALIA Farkas"},"content":{"rendered":"<p>? \u2020\u00a01615\u20131621? : f\u0151isp\u00e1n. \u2013 A B\u00e1thoriak bizalmasa, h\u00e1romsz\u00e9ki f\u0151kapit\u00e1ny (1612\u2013), Bethlent\u0151l tan\u00e1csosi \u00e9s udvarmesteri m\u00e9lt\u00f3s\u00e1got kapott, K\u00fck\u00fcll\u0151 vm. f\u0151isp\u00e1nja (1608\u201320). Az \u0151 idej\u00e9ben buni Bethlen Farkas is f\u0151isp\u00e1n volt. Vajdaszentiv\u00e1nyi birtokos, t\u00e1mogatta a ref. egyh\u00e1zat. <br \/><strong>Irod.:<\/strong> Mo. f\u0151isp\u00e1njai; Tr\u00f3cs\u00e1nyi 1988; Vajdaszentiv\u00e1ny<\/br><\/p>\n","protected":false},"excerpt":{"rendered":"<p>? \u2020\u00a01615\u20131621? : f\u0151isp\u00e1n. \u2013 A B\u00e1thoriak bizalmasa, h\u00e1romsz\u00e9ki f\u0151kapit\u00e1ny (1612\u2013), Bethlent\u0151l tan\u00e1csosi \u00e9s udvarmesteri m\u00e9lt\u00f3s\u00e1got kapott, K\u00fck\u00fcll\u0151 vm. f\u0151isp\u00e1nja (1608\u201320). Az \u0151 idej\u00e9ben buni Bethlen Farkas is f\u0151isp\u00e1n volt. Vajdaszentiv\u00e1nyi birtokos, t\u00e1mogatta a ref. egyh\u00e1zat. Irod.: Mo. f\u0151isp\u00e1njai; Tr\u00f3cs\u00e1nyi 1988; Vajdaszentiv\u00e1ny<\/p>\n","protected":false},"featured_media":0,"comment_status":"open","ping_status":"closed","template":"","meta":[],"product_brand":[],"product_cat":[137],"product_tag":[],"class_list":{"0":"post-1767","1":"product","2":"type-product","3":"status-publish","5":"product_cat-maros-megyei-eletrajzi-lexikon","7":"first","8":"instock","9":"shipping-taxable","10":"product-type-simple"},"_links":{"self":[{"href":"https:\/\/uj.adatbank.ro\/lexikon\/wp-json\/wp\/v2\/product\/1767","targetHints":{"allow":["GET"]}}],"collection":[{"href":"https:\/\/uj.adatbank.ro\/lexikon\/wp-json\/wp\/v2\/product"}],"about":[{"href":"https:\/\/uj.adatbank.ro\/lexikon\/wp-json\/wp\/v2\/types\/product"}],"replies":[{"embeddable":true,"href":"https:\/\/uj.adatbank.ro\/lexikon\/wp-json\/wp\/v2\/comments?post=1767"}],"wp:attachment":[{"href":"https:\/\/uj.adatbank.ro\/lexikon\/wp-json\/wp\/v2\/media?parent=1767"}],"wp:term":[{"taxonomy":"product_brand","embeddable":true,"href":"https:\/\/uj.adatbank.ro\/lexikon\/wp-json\/wp\/v2\/product_brand?post=1767"},{"taxonomy":"product_cat","embeddable":true,"href":"https:\/\/uj.adatbank.ro\/lexikon\/wp-json\/wp\/v2\/product_cat?post=1767"},{"taxonomy":"product_tag","embeddable":true,"href":"https:\/\/uj.adatbank.ro\/lexikon\/wp-json\/wp\/v2\/product_tag?post=1767"}],"curies":[{"name":"wp","href":"https:\/\/api.w.org\/{rel}","templated":true}]}}