{"id":17671,"date":"2025-07-16T10:23:40","date_gmt":"2025-07-16T08:23:40","guid":{"rendered":"https:\/\/uj.adatbank.ro\/lexikon\/termek\/pappszasz-karoly-jozsef-lajos-madi\/"},"modified":"2025-07-16T13:48:20","modified_gmt":"2025-07-16T11:48:20","slug":"pappszasz-karoly-jozsef-lajos-madi","status":"publish","type":"product","link":"https:\/\/uj.adatbank.ro\/lexikon\/termek\/pappszasz-karoly-jozsef-lajos-madi\/","title":{"rendered":"PAPPSZ\u00c1SZ K\u00e1roly J\u00f3zsef Lajos, m\u00e1di"},"content":{"rendered":"<p>Csokaly, 1915. okt. 7., \u2020 Mv., 1994. szept. 12.: jog\u00e1sz, zen\u00e9sz. \u2013 Feles\u00e9ge: Kab\u00f3s Anna, vegy\u00e9sz. \u2013 S\u00e1rospatakon v\u00e9gezte a k\u00f6z\u00e9piskol\u00e1t (1933), a bp.-i P\u00e1zm\u00e1ny P\u00e9ter TE jogi kar\u00e1n v\u00e9gzett \u00e9s doktori c\u00edmet szerzett (1938). Katonai szolg\u00e1latot teljes\u00edtett C\u0103l\u0103ra\u015fi-on a 11.Regimentben (1938. \u00e1pr.\u201340. febr.). A k\u00f6zigazgat\u00e1sban dolgozott Biharmegy\u00e9ben (1940\u2013) mint gyakornok a nagyv\u00e1radi j\u00e1r\u00e1si f\u0151szolgab\u00edr\u00f3s\u00e1gn\u00e1l, majd a sz\u00e9kelyhidi j\u00e1r\u00e1sn\u00e1l, v\u00e1rmegyei aljegyz\u0151 (1942\u2013). R\u00e9szt vett a 2. vh.-ban a frontra k\u00fcldt\u00e9k. Orosz fogs\u00e1gba ker\u00fclt Jerev\u00e1nba, ahol a neh\u00e9z fizikai munka mellett az ott l\u00e9tes\u00fclt zenekarban nagyb\u0151g\u00f6sk\u00e9nt j\u00e1tszott, noha zenei k\u00e9pzetts\u00e9ge a zongora \u00e9s heged\u0171 volt, megtanult oroszul, kiszabadult (1945\u2013). Hazat\u00e9rve sz\u00fclei birtok\u00e1n, Csokalyon gazd\u00e1lkodott, am\u00edg Mv.-re, k\u00e9nyszerlakhelyre telep\u00edtett\u00e9k az \u00e1llamos\u00edt\u00e1s ut\u00e1n (1949. m\u00e1rc. 3\u2013). Itt napsz\u00e1mosk\u00e9nt kereste kenyer\u00e9t: kert\u00e1s\u00e1s, az akkor \u00e9p\u00fclt g\u00e1t vasszerkezet\u00e9nek szerel\u00e9se adott meg\u00e9lhet\u00e9si lehet\u0151s\u00e9get, am\u00edg beker\u00fclt a K\u00f6z\u00fczemekhez majd a L\u00e1z\u00e1r \u00d6d\u00f6n \u00fczemhez (\u20131955), v\u00e9g\u00fcl a mv.-i Filharm\u00f3nia tagja lett, a szimfonikus zenekar nagyb\u00f6g\u0151se nyugd\u00edjaz\u00e1s\u00e1ig (1955\u201376). Mint nyugd\u00edjas Brenburg-ban (N\u00e9meto. Halle k\u00f6zel\u00e9ben) a v\u00e1rosi sz\u00ednh\u00e1z zenekar\u00e1ban dolgozott (1976\u201378). Mv.-en a n\u00e9pi egyetemen v\u00e1llalt \u00f3r\u00e1kat, ahol git\u00e1rt is tan\u00edtott. K\u00e9s\u0151 nyugd\u00edjas kor\u00e1ban siker\u00fclt megval\u00f3s\u00edtania fiatalkori \u00e1lm\u00e1t \u2013 bej\u00e1rta Eur\u00f3pa orsz\u00e1gait.<br \/>\n<strong>Irod.:<\/strong> csal\u00e1di inf. Pappsz\u00e1sz Ann\u00e1t\u00f3l; Mik\u00f3; [Nekrol\u00f3g] (N\u00fa., 1994. szept. 13.)<\/p>\n","protected":false},"excerpt":{"rendered":"<p>Csokaly, 1915. okt. 7., \u2020 Mv., 1994. szept. 12.: jog\u00e1sz, zen\u00e9sz. \u2013 Feles\u00e9ge: Kab\u00f3s Anna, vegy\u00e9sz. \u2013 S\u00e1rospatakon v\u00e9gezte a k\u00f6z\u00e9piskol\u00e1t (1933), a bp.-i P\u00e1zm\u00e1ny P\u00e9ter TE jogi kar\u00e1n v\u00e9gzett \u00e9s doktori c\u00edmet szerzett (1938). Katonai szolg\u00e1latot teljes\u00edtett C\u0103l\u0103ra\u015fi-on a 11.Regimentben (1938. \u00e1pr.\u201340. febr.). A k\u00f6zigazgat\u00e1sban dolgozott Biharmegy\u00e9ben (1940\u2013) mint gyakornok a nagyv\u00e1radi j\u00e1r\u00e1si f\u0151szolgab\u00edr\u00f3s\u00e1gn\u00e1l, [&hellip;]<\/p>\n","protected":false},"featured_media":0,"comment_status":"open","ping_status":"closed","template":"","meta":[],"product_brand":[],"product_cat":[137],"product_tag":[],"class_list":{"0":"post-17671","1":"product","2":"type-product","3":"status-publish","5":"product_cat-maros-megyei-eletrajzi-lexikon","7":"first","8":"instock","9":"shipping-taxable","10":"product-type-simple"},"_links":{"self":[{"href":"https:\/\/uj.adatbank.ro\/lexikon\/wp-json\/wp\/v2\/product\/17671","targetHints":{"allow":["GET"]}}],"collection":[{"href":"https:\/\/uj.adatbank.ro\/lexikon\/wp-json\/wp\/v2\/product"}],"about":[{"href":"https:\/\/uj.adatbank.ro\/lexikon\/wp-json\/wp\/v2\/types\/product"}],"replies":[{"embeddable":true,"href":"https:\/\/uj.adatbank.ro\/lexikon\/wp-json\/wp\/v2\/comments?post=17671"}],"wp:attachment":[{"href":"https:\/\/uj.adatbank.ro\/lexikon\/wp-json\/wp\/v2\/media?parent=17671"}],"wp:term":[{"taxonomy":"product_brand","embeddable":true,"href":"https:\/\/uj.adatbank.ro\/lexikon\/wp-json\/wp\/v2\/product_brand?post=17671"},{"taxonomy":"product_cat","embeddable":true,"href":"https:\/\/uj.adatbank.ro\/lexikon\/wp-json\/wp\/v2\/product_cat?post=17671"},{"taxonomy":"product_tag","embeddable":true,"href":"https:\/\/uj.adatbank.ro\/lexikon\/wp-json\/wp\/v2\/product_tag?post=17671"}],"curies":[{"name":"wp","href":"https:\/\/api.w.org\/{rel}","templated":true}]}}